{"id":9415,"date":"2026-02-09T13:05:56","date_gmt":"2026-02-09T18:05:56","guid":{"rendered":"https:\/\/www.calian.com\/corporate-training-2\/"},"modified":"2026-02-09T16:02:10","modified_gmt":"2026-02-09T21:02:10","slug":"formation-en-entreprise","status":"publish","type":"page","link":"https:\/\/www.calian.com\/fr\/formation-immersif\/formation-en-entreprise\/","title":{"rendered":"Formation en entreprise"},"content":{"rendered":"\n<div class=\"tbk-hydrate-component\" data-cid=\"713030d0-c682-44be-974f-df04f5c8e95c\" data-component=\"Hero\"><section class=\"calian-hero d-flex h-100 position-relative overflow-hidden nav-indent wp-block-calian-com-components-calian-hero media-position-split has-split-image pb-5 pb-lg-0 overlay-themed\"><div class=\"container\"><div class=\"row\"><div class=\"calian-hero__content d-flex col-lg flex-column pb-3 justify-content-center has-breadcrumbs text-left\"><div class=\"calian-hero__copy-wrapper\"><h1 class=\"calian-hero__heading text-white\">Une formation d&#x27;entreprise qui donne des r\u00e9sultats<\/h1><div class=\"calian-hero__text text-white mt-2 mb-4\">Lib\u00e9rez le potentiel de toute votre \u00e9quipe gr\u00e2ce \u00e0 des formations en entreprise et en classe dispens\u00e9es par des instructeurs experts dans leur domaine.<\/div><a href=\"#contact-form\" class=\"btn btn-secondary mb-4 mt-3\">Demander un devis<\/a><\/div><div class=\"calian-hero__breadcrumbs mt-auto mb-0 pt-lg-4 pt-3 pb-lg-0 pb-md-3 pb-1\"><nav aria-label=\"breadcrumb\" class=\"breadcrumb-container\"><ol class=\"breadcrumb\"><li class=\"breadcrumb-item\"><a href=\"https:\/\/www.calian.com\/fr\/\" class=\"breadcrumb-item-link\">Home<\/a><\/li><li class=\"breadcrumb-item\"><a href=\"https:\/\/www.calian.com\/#\" class=\"breadcrumb-item-link\">Business Unit<\/a><\/li><li class=\"breadcrumb-item\" aria-current=\"page\">Page Title<\/li><\/ol><\/nav><\/div><\/div><div class=\"calian-hero__media col-md w-100 h-100 pt-lg-5 mt-lg-3 media-style-split\"><div class=\"media-wrapper ps-lg-5 pb-3 pb-lg-0 ml-auto mr-0 w-100 h-100\"><div class=\"advanced-image w-100 h-100\"><img decoding=\"async\" src=\"https:\/\/www.calian.com\/app\/uploads\/sites\/9\/2023\/11\/AdobeStock_638979996-1024x642.jpeg\" alt=\"\" width=\"1024\" height=\"642\" class=\"calian-hero__image\" loading=\"lazy\"\/><\/div><\/div><\/div><\/div><\/div><div class=\"calian-hero__overlay overlay-themed position-absolute w-100 h-100 top-0 start-0 has-image\"><\/div><span><\/span><\/section><\/div>\n\n\n\n<div class=\"tbk-hydrate-component\" data-cid=\"1cfb0291-5af6-4020-b43b-947108fbd0f6\" data-component=\"Spacer\"><div class=\"calian-spacer wp-block-calian-com-components-calian-spacer\"><\/div><\/div>\n\n\n\n<div class=\"tbk-hydrate-component\" data-cid=\"1672771c-6141-4ea4-843c-7371548144e3\" data-component=\"AlternatingTextAndImages\"><div id=\"vr-interactive-training\" class=\"calian-alternating-text-and-images overflow-hidden wp-block-calian-com-components-calian-alternating-text-and-images inverted\"><div class=\"calian-alternating-text-and-images__container container-fluid\"><div class=\"\"><div class=\"row gx-md-6 justify-content-lg-start justify-content-lg-start\"><div class=\"col-12 col-md mb-3\"><img decoding=\"async\" src=\"https:\/\/www.calian.com\/app\/uploads\/sites\/9\/2023\/11\/AdobeStock_224521180-1024x619.jpeg\" alt=\"\" width=\"1024\" height=\"619\" class=\"rounded-5 img-fluid w-100 h-250px h-md-373px object-fit-cover\" loading=\"lazy\"\/><\/div><div class=\"col-12 col-md\"><h3>Formation personnalis\u00e9e et conception de programmes d&#x27;\u00e9tudes<\/h3><div class=\"calian-alternating-text-and-images__text mb-3\"><h5>Proposer des programmes d&#8217;apprentissage \u00e0 l&#8217;\u00e9chelle de l&#8217;entreprise pour d\u00e9velopper votre atout le plus important : votre personnel<\/h5>\n<p>La formation d&#8217;entreprise sur les politiques, les processus et les exigences implique une formation \u00e0 grande \u00e9chelle pour mettre toute l&#8217;\u00e9quipe au courant. Mettez \u00e0 jour les connaissances de votre \u00e9quipe gr\u00e2ce \u00e0 nos solutions de formation sur mesure, con\u00e7ues pour r\u00e9pondre aux exigences d&#8217;un paysage professionnel en constante \u00e9volution.&nbsp;<\/div><div class=\"calian-alternating-text-and-images__ctas mb-3 d-flex flex-wrap gap-3\"><a href=\"#contact-form\" class=\"btn btn-secondary\">Contacter un expert<\/a><\/div><\/div><\/div><\/div><\/div><\/div><\/div>\n\n\n\n<div class=\"tbk-hydrate-component\" data-cid=\"758930b0-87ec-4c33-9c73-1f426c6366c3\" data-component=\"Spacer\"><div class=\"calian-spacer wp-block-calian-com-components-calian-spacer\"><\/div><\/div>\n\n\n\n<div class=\"tbk-hydrate-component\" data-cid=\"eae9eb19-cfb3-4e79-ac01-670dddaf0fa6\" data-component=\"ServiceListingWithIcons\"><div class=\"calian-service-listing-with-icons overflow-hidden bg-light-bg position-relative wp-block-calian-com-components-calian-service-listing-with-icons\"><div class=\"container-fluid mw-1440px pt-6 pb-4 pt-lg-12 pb-lg-10 ps-3 pe-3 ps-xl-14 pe-xl-8 position-relative z-1\"><div class=\"row mb-lg-7 pb-lg-2\"><div class=\"col-12 col-lg-4\"><h2>Formation personnalis\u00e9e en entreprise<\/h2><\/div><div class=\"col-12 col-lg-8 ps-lg-2 pe-lg-10\"><p class=\"body-lg ps-lg-1 ls-0\">Adoptez des programmes d&#x27;apprentissage qui forment l&#x27;ensemble de votre \u00e9quipe. En utilisant des options d&#x27;apprentissage virtuel et dirig\u00e9 par un instructeur, nous d\u00e9veloppons et fournissons des programmes d&#x27;apprentissage pour les entreprises et les salles de classe.<\/p><\/div><\/div><div class=\"row calian-service-listing-with-icons__service-grid\"><div class=\"col-12 col-md-6 col-lg-4 mb-1 mb-md-3 pb-1\"><div class=\"d-flex flex-row align-items-start mb-2\"><i class=\"fs-26px me-3 ps-1 icon icon-stool text-primary\"><\/i><h5 class=\"mb-0 pe-5\">Apprentissage en entreprise<\/h5><\/div><p class=\"mb-3 ls-0\">Proposer des programmes d&#x27;apprentissage pour les comp\u00e9tences et les connaissances dont l&#x27;ensemble de l&#x27;entreprise a besoin.<\/p><\/div><div class=\"col-12 col-md-6 col-lg-4 mb-1 mb-md-3 pb-1\"><div class=\"d-flex flex-row align-items-start mb-2\"><i class=\"fs-26px me-3 ps-1 icon icon-user-four text-primary\"><\/i><h5 class=\"mb-0 pe-5\">Renforcement de l&#x27;esprit d&#x27;\u00e9quipe et leadership<\/h5><\/div><p class=\"mb-3 ls-0\">Donner \u00e0 vos dirigeants et \u00e0 vos futurs dirigeants les comp\u00e9tences et les connaissances dont ils ont besoin pour r\u00e9ussir.<\/p><\/div><div class=\"col-12 col-md-6 col-lg-4 mb-1 mb-md-3 pb-1\"><div class=\"d-flex flex-row align-items-start mb-2\"><i class=\"fs-26px me-3 ps-1 icon icon-user-focus text-primary\"><\/i><h5 class=\"mb-0 pe-5\">Comp\u00e9tences sp\u00e9cialis\u00e9es<\/h5><\/div><p class=\"mb-3 ls-0\">Proposer des programmes d&#x27;apprentissage au sein de votre organisation, en \u00e9tablissant une base de connaissances et de comp\u00e9tences pour tous vos sp\u00e9cialistes.<\/p><\/div><\/div><div class=\"calian-service-listing-with-icons__cta bg-white overflow-hidden mt-3 mt-md-6 mt-xl-9\"><div class=\"calian-service-listing-with-icons__cta-container d-grid pb-5 pb-md-0\"><div class=\"calian-service-listing-with-icons__cta-image\"><img decoding=\"async\" src=\"https:\/\/www.calian.com\/app\/uploads\/sites\/9\/2023\/11\/iStock-1132017612-1024x742.jpg\" alt=\"\" width=\"1024\" height=\"742\" class=\"\" loading=\"lazy\"\/><\/div><div class=\"calian-service-listing-with-icons__cta-content px-3 px-md-0 py-md-5\"><p class=\"h4\">Trouvez le programme d&#x27;apprentissage qui convient \u00e0 votre organisation<\/p><p>Nos experts vous guideront vers la bonne solution.<\/p><\/div><div class=\"calian-service-listing-with-icons__cta-link px-3 ps-md-0 pe-md-5 py-md-5 mt-3 mt-md-0\"><a href=\"#contact-form\" class=\"btn btn-primary btn-sm\">Contacter un expert<\/a><\/div><\/div><\/div><\/div><\/div><\/div>\n\n\n\n<div class=\"tbk-hydrate-component\" data-cid=\"775b8204-773c-49f0-aaaa-91dda8b0b6b9\" data-component=\"Spacer\"><div class=\"calian-spacer wp-block-calian-com-components-calian-spacer\"><\/div><\/div>\n\n\n\n<div class=\"tbk-hydrate-component\" data-cid=\"2604c8d6-275f-4bb2-a271-9b091af4f019\" data-component=\"ContentTileGroup\"><div><div class=\"d-flex justify-content-center p-1\"><div class=\"spinner-border text-primary \" role=\"status\" style=\"width:3rem;height:3rem\"><span class=\"visually-hidden\">Loading&#8230;<\/span><\/div><\/div><\/div><\/div>\n\n\n\n<div class=\"tbk-hydrate-component\" data-cid=\"91dc9c0a-c90c-4dca-9fb8-b6f89c4c9271\" data-component=\"ContactCTAHubSpot\"><div id=\"contact-form\" class=\"calian-contact-cta overflow-hidden position-relative default wp-block-calian-com-components-calian-contact-cta-hub-spot\"><div class=\"calian-contact-cta__overlay position-absolute z-2\"><\/div><img decoding=\"async\" src=\"https:\/\/www.calian.com\/app\/uploads\/sites\/9\/2023\/11\/newsletter-learning-background-1024x683.png\" alt=\"\" width=\"1024\" height=\"683\" class=\"calian-contact-cta__background-image position-absolute z-1\" loading=\"lazy\"\/><div class=\"calian-contact-cta__container mx-auto py-5 py-md-10 position-relative z-3\"><div class=\"d-flex\"><div class=\"calian-contact-cta__form mx-auto px-3 w-100\"><h2>Am\u00e9liorez vos r\u00e9sultats d&#x27;apprentissage<\/h2><p>Contactez nos experts en apprentissage pour obtenir plus d&#8217;informations.<\/p><div class=\"hs-form__container\" data-form-container=\"hubspotForm-0-container\"><div class=\"hs-form__container-inner\"><div class=\"d-flex justify-content-center p-1\"><div class=\"spinner-border text-primary \" role=\"status\" style=\"width:3rem;height:3rem\"><span class=\"visually-hidden\">Loading&#8230;<\/span><\/div><\/div><div class=\"hs-form__target\" id=\"hubspotForm-0\" style=\"max-height:none;opacity:1\"><\/div><\/div><\/div><\/div><\/div><\/div><\/div><\/div>\n\n<div class=\"tbk-hydrate-component\" data-cid=\"df3f1450-5a6a-44f1-8d6f-cff67816f4c9\" data-component=\"Spacer\"><div class=\"calian-spacer wp-block-calian-com-components-calian-spacer\"><\/div><\/div>\n\n<div class=\"tbk-hydrate-component\" data-cid=\"e9e041d3-ac99-4641-9346-35a960abea3e\" data-component=\"CTABar\"><div class=\"calian-cta-bar theme-light wp-block-calian-com-components-calian-cta-bar\"><div class=\"calian-cta-bar__container container-fluid\"><div class=\"calian-cta-bar__vertical container-fluid position-relative\"><div class=\"row\"><div class=\"calian-cta-bar__vertical--content col-12\"><h2 class=\"calian-cta-bar__vertical--heading\">Connectez-vous avec Calian Apprentissage sur LinkedIn<\/h2><div class=\"calian-cta-bar__vertical--description\"><h4>Favoriser les innovations dans le domaine de l&#8217;\u00e9ducation<\/h4>\n<p><br\/><\/p>\n<p>Suivez Calian sur LinkedIn pour d\u00e9couvrir des solutions d&#8217;apprentissage de pointe qui renforcent l&#8217;autonomie et l&#8217;\u00e9ducation. Entrez en contact avec nous pour d\u00e9couvrir nos approches innovantes et rejoignez une collectivit\u00e9 qui se consacre \u00e0 l&#8217;avancement de l&#8217;apprentissage et du d\u00e9veloppement.<\/p><\/div><div class=\"calian-cta-bar__vertical--buttons\"><a href=\"https:\/\/www.linkedin.com\/company\/calianlearning\/\" class=\"btn btn-primary\" target=\"_blank\" rel=\"noreferrer noopener\"><i class=\"icon icon-brand-linkedin\"><\/i>Calian Apprentissage sur LinkedIn<\/a><\/div><\/div><\/div><\/div><\/div><\/div><\/div>\n\n<div class=\"tbk-hydrate-component\" data-cid=\"236ca5be-703e-45ec-afc3-45aca4da8fff\" data-component=\"Spacer\"><div class=\"calian-spacer wp-block-calian-com-components-calian-spacer\"><\/div><\/div>\n\n<div class=\"tbk-hydrate-component\" data-cid=\"2b7be3f7-f06c-4242-8848-2f5b7083443b\" data-component=\"Spacer\"><div class=\"calian-spacer wp-block-calian-com-components-calian-spacer\"><\/div><\/div>\n","protected":false},"excerpt":{"rendered":"<p>Une formation d&#x27;entreprise qui donne des r\u00e9sultats Lib\u00e9rez le potentiel de toute votre \u00e9quipe gr\u00e2ce \u00e0 des formations en entreprise et en classe dispens\u00e9es par des instructeurs experts dans leur domaine. <a href=\"#contact-form\" class=\"btn btn-secondary mb-4 mt-3\"> Demander un devis <\/a> <\/p>\n<li class=\"breadcrumb-item\"> <a href=\"https:\/\/www.calian.com\/fr\/\" class=\"breadcrumb-item-link\"> Home <\/a> <\/li>\n<li class=\"breadcrumb-item\"> <a href=\"https:\/\/www.calian.com\/#\" class=\"breadcrumb-item-link\"> Business Unit <\/a> <\/li>\n<li class=\"breadcrumb-item\" &hellip; \n\n","protected":false},"author":1,"featured_media":0,"parent":9370,"menu_order":0,"comment_status":"closed","ping_status":"closed","template":"","meta":{"_acf_changed":false,"content-type":"","footnotes":""},"solution":[91],"industry":[],"type_classification":[],"class_list":["post-9415","page","type-page","status-publish","hentry","solution-apprentissage-et-formation"],"acf":[],"yoast_head":"<!-- This site is optimized with the Yoast SEO plugin v26.4 - https:\/\/yoast.com\/wordpress\/plugins\/seo\/ -->\n<title>Formation en entreprise - Calian Corporate<\/title>\n<meta name=\"robots\" content=\"index, follow, max-snippet:-1, max-image-preview:large, max-video-preview:-1\" \/>\n<link rel=\"canonical\" href=\"https:\/\/www.calian.com\/fr\/formation-immersif\/formation-en-entreprise\/\" \/>\n<meta property=\"og:locale\" content=\"fr_FR\" \/>\n<meta property=\"og:type\" content=\"article\" \/>\n<meta property=\"og:title\" content=\"Formation en entreprise - Calian Corporate\" \/>\n<meta property=\"og:description\" content=\"Une formation d&#x27;entreprise qui donne des r\u00e9sultats Lib\u00e9rez le potentiel de toute votre \u00e9quipe gr\u00e2ce \u00e0 des formations en entreprise et en classe dispens\u00e9es par des instructeurs experts dans leur domaine. Demander un devis  Home   Business Unit\" \/>\n<meta property=\"og:url\" content=\"https:\/\/www.calian.com\/fr\/formation-immersif\/formation-en-entreprise\/\" \/>\n<meta property=\"og:site_name\" content=\"Calian Corporate\" \/>\n<meta property=\"article:modified_time\" content=\"2026-02-09T21:02:10+00:00\" \/>\n<meta property=\"og:image\" content=\"https:\/\/www.calian.com\/app\/uploads\/sites\/9\/2023\/11\/AdobeStock_638979996-1024x642.jpeg\" \/>\n<meta name=\"twitter:card\" content=\"summary_large_image\" \/>\n<meta name=\"twitter:label1\" content=\"Est. reading time\" \/>\n\t<meta name=\"twitter:data1\" content=\"2 minutes\" \/>\n<script type=\"application\/ld+json\" class=\"yoast-schema-graph\">{\"@context\":\"https:\/\/schema.org\",\"@graph\":[{\"@type\":\"WebPage\",\"@id\":\"https:\/\/www.calian.com\/fr\/formation-immersif\/formation-en-entreprise\/\",\"url\":\"https:\/\/www.calian.com\/fr\/formation-immersif\/formation-en-entreprise\/\",\"name\":\"Formation en entreprise - Calian Corporate\",\"isPartOf\":{\"@id\":\"https:\/\/www.calian.com\/fr\/#website\"},\"primaryImageOfPage\":{\"@id\":\"https:\/\/www.calian.com\/fr\/formation-immersif\/formation-en-entreprise\/#primaryimage\"},\"image\":{\"@id\":\"https:\/\/www.calian.com\/fr\/formation-immersif\/formation-en-entreprise\/#primaryimage\"},\"thumbnailUrl\":\"https:\/\/www.calian.com\/app\/uploads\/sites\/9\/2023\/11\/AdobeStock_638979996-1024x642.jpeg\",\"datePublished\":\"2026-02-09T18:05:56+00:00\",\"dateModified\":\"2026-02-09T21:02:10+00:00\",\"breadcrumb\":{\"@id\":\"https:\/\/www.calian.com\/fr\/formation-immersif\/formation-en-entreprise\/#breadcrumb\"},\"inLanguage\":\"fr-FR\",\"potentialAction\":[{\"@type\":\"ReadAction\",\"target\":[\"https:\/\/www.calian.com\/fr\/formation-immersif\/formation-en-entreprise\/\"]}]},{\"@type\":\"ImageObject\",\"inLanguage\":\"fr-FR\",\"@id\":\"https:\/\/www.calian.com\/fr\/formation-immersif\/formation-en-entreprise\/#primaryimage\",\"url\":\"https:\/\/www.calian.com\/app\/uploads\/sites\/9\/2023\/11\/AdobeStock_638979996-1024x642.jpeg\",\"contentUrl\":\"https:\/\/www.calian.com\/app\/uploads\/sites\/9\/2023\/11\/AdobeStock_638979996-1024x642.jpeg\"},{\"@type\":\"BreadcrumbList\",\"@id\":\"https:\/\/www.calian.com\/fr\/formation-immersif\/formation-en-entreprise\/#breadcrumb\",\"itemListElement\":[{\"@type\":\"ListItem\",\"position\":1,\"name\":\"Accueil\",\"item\":\"https:\/\/www.calian.com\/fr\/\"},{\"@type\":\"ListItem\",\"position\":2,\"name\":\"Formation immersif\",\"item\":\"https:\/\/www.calian.com\/fr\/formation-immersif\/\"},{\"@type\":\"ListItem\",\"position\":3,\"name\":\"Formation en entreprise\"}]},{\"@type\":\"WebSite\",\"@id\":\"https:\/\/www.calian.com\/fr\/#website\",\"url\":\"https:\/\/www.calian.com\/fr\/\",\"name\":\"Calian Corporate\",\"description\":\"Just another WordPress site\",\"publisher\":{\"@id\":\"https:\/\/www.calian.com\/fr\/#organization\"},\"potentialAction\":[{\"@type\":\"SearchAction\",\"target\":{\"@type\":\"EntryPoint\",\"urlTemplate\":\"https:\/\/www.calian.com\/fr\/?s={search_term_string}\"},\"query-input\":{\"@type\":\"PropertyValueSpecification\",\"valueRequired\":true,\"valueName\":\"search_term_string\"}}],\"inLanguage\":\"fr-FR\"},{\"@type\":\"Organization\",\"@id\":\"https:\/\/www.calian.com\/fr\/#organization\",\"name\":\"Calian Corporate\",\"url\":\"https:\/\/www.calian.com\/fr\/\",\"logo\":{\"@type\":\"ImageObject\",\"inLanguage\":\"fr-FR\",\"@id\":\"https:\/\/www.calian.com\/fr\/#\/schema\/logo\/image\/\",\"url\":\"https:\/\/sites.calian.com\/app\/uploads\/sites\/9\/2026\/01\/2026-Logo-Calian-FR-RGB-DIGITAL.svg\",\"contentUrl\":\"https:\/\/sites.calian.com\/app\/uploads\/sites\/9\/2026\/01\/2026-Logo-Calian-FR-RGB-DIGITAL.svg\",\"width\":977,\"height\":648,\"caption\":\"Calian Corporate\"},\"image\":{\"@id\":\"https:\/\/www.calian.com\/fr\/#\/schema\/logo\/image\/\"}}]}<\/script>\n<!-- \/ Yoast SEO plugin. -->","yoast_head_json":{"title":"Formation en entreprise - Calian Corporate","robots":{"index":"index","follow":"follow","max-snippet":"max-snippet:-1","max-image-preview":"max-image-preview:large","max-video-preview":"max-video-preview:-1"},"canonical":"https:\/\/www.calian.com\/fr\/formation-immersif\/formation-en-entreprise\/","og_locale":"fr_FR","og_type":"article","og_title":"Formation en entreprise - Calian Corporate","og_description":"Une formation d&#x27;entreprise qui donne des r\u00e9sultats Lib\u00e9rez le potentiel de toute votre \u00e9quipe gr\u00e2ce \u00e0 des formations en entreprise et en classe dispens\u00e9es par des instructeurs experts dans leur domaine. Demander un devis  Home   Business Unit","og_url":"https:\/\/www.calian.com\/fr\/formation-immersif\/formation-en-entreprise\/","og_site_name":"Calian Corporate","article_modified_time":"2026-02-09T21:02:10+00:00","og_image":[{"url":"https:\/\/www.calian.com\/app\/uploads\/sites\/9\/2023\/11\/AdobeStock_638979996-1024x642.jpeg","type":"","width":"","height":""}],"twitter_card":"summary_large_image","twitter_misc":{"Est. reading time":"2 minutes"},"schema":{"@context":"https:\/\/schema.org","@graph":[{"@type":"WebPage","@id":"https:\/\/www.calian.com\/fr\/formation-immersif\/formation-en-entreprise\/","url":"https:\/\/www.calian.com\/fr\/formation-immersif\/formation-en-entreprise\/","name":"Formation en entreprise - Calian Corporate","isPartOf":{"@id":"https:\/\/www.calian.com\/fr\/#website"},"primaryImageOfPage":{"@id":"https:\/\/www.calian.com\/fr\/formation-immersif\/formation-en-entreprise\/#primaryimage"},"image":{"@id":"https:\/\/www.calian.com\/fr\/formation-immersif\/formation-en-entreprise\/#primaryimage"},"thumbnailUrl":"https:\/\/www.calian.com\/app\/uploads\/sites\/9\/2023\/11\/AdobeStock_638979996-1024x642.jpeg","datePublished":"2026-02-09T18:05:56+00:00","dateModified":"2026-02-09T21:02:10+00:00","breadcrumb":{"@id":"https:\/\/www.calian.com\/fr\/formation-immersif\/formation-en-entreprise\/#breadcrumb"},"inLanguage":"fr-FR","potentialAction":[{"@type":"ReadAction","target":["https:\/\/www.calian.com\/fr\/formation-immersif\/formation-en-entreprise\/"]}]},{"@type":"ImageObject","inLanguage":"fr-FR","@id":"https:\/\/www.calian.com\/fr\/formation-immersif\/formation-en-entreprise\/#primaryimage","url":"https:\/\/www.calian.com\/app\/uploads\/sites\/9\/2023\/11\/AdobeStock_638979996-1024x642.jpeg","contentUrl":"https:\/\/www.calian.com\/app\/uploads\/sites\/9\/2023\/11\/AdobeStock_638979996-1024x642.jpeg"},{"@type":"BreadcrumbList","@id":"https:\/\/www.calian.com\/fr\/formation-immersif\/formation-en-entreprise\/#breadcrumb","itemListElement":[{"@type":"ListItem","position":1,"name":"Accueil","item":"https:\/\/www.calian.com\/fr\/"},{"@type":"ListItem","position":2,"name":"Formation immersif","item":"https:\/\/www.calian.com\/fr\/formation-immersif\/"},{"@type":"ListItem","position":3,"name":"Formation en entreprise"}]},{"@type":"WebSite","@id":"https:\/\/www.calian.com\/fr\/#website","url":"https:\/\/www.calian.com\/fr\/","name":"Calian Corporate","description":"Just another WordPress site","publisher":{"@id":"https:\/\/www.calian.com\/fr\/#organization"},"potentialAction":[{"@type":"SearchAction","target":{"@type":"EntryPoint","urlTemplate":"https:\/\/www.calian.com\/fr\/?s={search_term_string}"},"query-input":{"@type":"PropertyValueSpecification","valueRequired":true,"valueName":"search_term_string"}}],"inLanguage":"fr-FR"},{"@type":"Organization","@id":"https:\/\/www.calian.com\/fr\/#organization","name":"Calian Corporate","url":"https:\/\/www.calian.com\/fr\/","logo":{"@type":"ImageObject","inLanguage":"fr-FR","@id":"https:\/\/www.calian.com\/fr\/#\/schema\/logo\/image\/","url":"https:\/\/sites.calian.com\/app\/uploads\/sites\/9\/2026\/01\/2026-Logo-Calian-FR-RGB-DIGITAL.svg","contentUrl":"https:\/\/sites.calian.com\/app\/uploads\/sites\/9\/2026\/01\/2026-Logo-Calian-FR-RGB-DIGITAL.svg","width":977,"height":648,"caption":"Calian Corporate"},"image":{"@id":"https:\/\/www.calian.com\/fr\/#\/schema\/logo\/image\/"}}]}},"_links":{"self":[{"href":"https:\/\/www.calian.com\/fr\/wp-json\/wp\/v2\/pages\/9415","targetHints":{"allow":["GET"]}}],"collection":[{"href":"https:\/\/www.calian.com\/fr\/wp-json\/wp\/v2\/pages"}],"about":[{"href":"https:\/\/www.calian.com\/fr\/wp-json\/wp\/v2\/types\/page"}],"author":[{"embeddable":true,"href":"https:\/\/www.calian.com\/fr\/wp-json\/wp\/v2\/users\/1"}],"replies":[{"embeddable":true,"href":"https:\/\/www.calian.com\/fr\/wp-json\/wp\/v2\/comments?post=9415"}],"version-history":[{"count":4,"href":"https:\/\/www.calian.com\/fr\/wp-json\/wp\/v2\/pages\/9415\/revisions"}],"predecessor-version":[{"id":9717,"href":"https:\/\/www.calian.com\/fr\/wp-json\/wp\/v2\/pages\/9415\/revisions\/9717"}],"up":[{"embeddable":true,"href":"https:\/\/www.calian.com\/fr\/wp-json\/wp\/v2\/pages\/9370"}],"wp:attachment":[{"href":"https:\/\/www.calian.com\/fr\/wp-json\/wp\/v2\/media?parent=9415"}],"wp:term":[{"taxonomy":"solution","embeddable":true,"href":"https:\/\/www.calian.com\/fr\/wp-json\/wp\/v2\/solution?post=9415"},{"taxonomy":"industry","embeddable":true,"href":"https:\/\/www.calian.com\/fr\/wp-json\/wp\/v2\/industry?post=9415"},{"taxonomy":"type_classification","embeddable":true,"href":"https:\/\/www.calian.com\/fr\/wp-json\/wp\/v2\/type_classification?post=9415"}],"curies":[{"name":"wp","href":"https:\/\/api.w.org\/{rel}","templated":true}]}}