{"id":9407,"date":"2026-02-09T13:03:53","date_gmt":"2026-02-09T18:03:53","guid":{"rendered":"https:\/\/www.calian.com\/blended-learning-2\/"},"modified":"2026-02-09T13:08:51","modified_gmt":"2026-02-09T18:08:51","slug":"apprentissage-mixte","status":"publish","type":"page","link":"https:\/\/www.calian.com\/fr\/formation-immersif\/apprentissage-mixte\/","title":{"rendered":"Apprentissage mixte"},"content":{"rendered":"\n<div class=\"tbk-hydrate-component\" data-cid=\"5fa5c3ac-6eba-4989-9f2e-7d553b7272f1\" data-component=\"Hero\"><section class=\"calian-hero d-flex h-100 position-relative overflow-hidden nav-indent wp-block-calian-com-components-calian-hero media-position-split has-split-image pb-5 pb-lg-0 overlay-themed\"><div class=\"container\"><div class=\"row\"><div class=\"calian-hero__content d-flex col-lg flex-column pb-3 justify-content-center has-breadcrumbs text-left\"><div class=\"calian-hero__copy-wrapper\"><h1 class=\"calian-hero__heading text-white\">Des solutions d&#8217;apprentissage mixte flexibles, autonomes et rentables<\/h1><div class=\"calian-hero__text text-white mt-2 mb-4\">Embarquez dans un parcours \u00e9ducatif sur mesure gr\u00e2ce \u00e0 des services d&#8217;apprentissage mixte. Nos solutions personnalis\u00e9es combinent des m\u00e9thodes d&#8217;apprentissage en direct, virtuelles et \u00e0 la demande, y compris l&#8217;apprentissage en ligne et le microapprentissage, pour r\u00e9pondre \u00e0 vos divers besoins de formation.<\/div><a href=\"#contact-form\" class=\"btn btn-secondary mb-4 mt-3\">Contacter un expert<\/a><\/div><div class=\"calian-hero__breadcrumbs mt-auto mb-0 pt-lg-4 pt-3 pb-lg-0 pb-md-3 pb-1\"><nav aria-label=\"breadcrumb\" class=\"breadcrumb-container\"><ol class=\"breadcrumb\"><li class=\"breadcrumb-item\"><a href=\"https:\/\/www.calian.com\/fr\/\" class=\"breadcrumb-item-link\">Accueil<\/a><\/li><li class=\"breadcrumb-item\"><a href=\"https:\/\/www.calian.com\/#\" class=\"breadcrumb-item-link\">Unit\u00e9 d&#8217;affaires<\/a><\/li><li class=\"breadcrumb-item\" aria-current=\"page\">Titre de la page<\/li><\/ol><\/nav><\/div><\/div><div class=\"calian-hero__media col-md w-100 h-100 pt-lg-5 mt-lg-3 media-style-split\"><div class=\"media-wrapper ps-lg-5 pb-3 pb-lg-0 ml-auto mr-0 w-100 h-100\"><div class=\"advanced-image w-100 h-100\"><img loading=\"lazy\" decoding=\"async\" src=\"https:\/\/www.calian.com\/app\/uploads\/sites\/9\/2023\/11\/iStock-1450789066-1024x922.jpg\" alt=\"\" width=\"1024\" height=\"922\" class=\"calian-hero__image\"\/><\/div><\/div><\/div><\/div><\/div><div class=\"calian-hero__overlay overlay-themed position-absolute w-100 top-0 start-0 has-image\"><\/div><span><\/span><\/section><\/div>\n\n<div class=\"tbk-hydrate-component\" data-cid=\"d0ea0ec7-1097-42d8-972b-b9e48969490f\" data-component=\"Spacer\"><div id=\"#intro\" class=\"calian-spacer wp-block-calian-com-components-calian-spacer\"><\/div><\/div>\n\n<div class=\"tbk-hydrate-component\" data-cid=\"4bcddc0a-2702-46b4-9be3-7283c4cc4420\" data-component=\"ServiceListingWithIcons\"><div class=\"calian-service-listing-with-icons overflow-hidden bg-light-bg position-relative wp-block-calian-com-components-calian-service-listing-with-icons\"><div class=\"container-fluid mw-1440px pt-6 pb-4 pt-lg-12 pb-lg-10 ps-3 pe-3 ps-xl-14 pe-xl-8 position-relative z-1\"><div class=\"row mb-lg-7 pb-lg-2\"><div class=\"col-12 col-lg-4\"><h2>Solutions d&#8217;apprentissage mixte<\/h2><\/div><div class=\"col-12 col-lg-8 ps-lg-2 pe-lg-10\"><p class=\"body-lg ps-lg-1 ls-0\">Nos solutions d&#8217;apprentissage mixte commencent par un concept qui r\u00e9pond \u00e0 vos besoins. Nous int\u00e9grons ensuite les bonnes approches et modalit\u00e9s d&#8217;apprentissage pour proposer un programme d&#8217;apprentissage mixte. Il peut s&#8217;agir d&#8217;une combinaison des \u00e9l\u00e9ments suivants :<\/p><\/div><\/div><div class=\"row\"><div class=\"col-12 col-md-6 col-lg-4 mb-1 mb-md-3 pb-1\"><div class=\"d-flex flex-row align-items-start mb-2\"><i class=\"fs-26px me-3 ps-1 icon icon-chalkboard-teacher text-primary\"><\/i><h5 class=\"mb-0 pe-5\">Formation en direct avec instructeur<\/h5><\/div><p class=\"mb-3 ls-0\">Des cours dispens\u00e9s par des experts en la mati\u00e8re qui peuvent r\u00e9pondre instantan\u00e9ment aux questions et aux pr\u00e9occupations des \u00e9tudiants.<\/p><\/div><div class=\"col-12 col-md-6 col-lg-4 mb-1 mb-md-3 pb-1\"><div class=\"d-flex flex-row align-items-start mb-2\"><i class=\"fs-26px me-3 ps-1 icon icon-user-rectangle text-primary\"><\/i><h5 class=\"mb-0 pe-5\">Formation virtuelle avec instructeur<\/h5><\/div><p class=\"mb-3 ls-0\">Des cours qui combinent l&#8217;attention d\u00e9vou\u00e9e d&#8217;un instructeur et la commodit\u00e9 de l&#8217;apprentissage virtuel.<\/p><\/div><div class=\"col-12 col-md-6 col-lg-4 mb-1 mb-md-3 pb-1\"><div class=\"d-flex flex-row align-items-start mb-2\"><i class=\"fs-26px me-3 ps-1 icon icon-laptop text-primary\"><\/i><h5 class=\"mb-0 pe-5\">Apprentissage en ligne<\/h5><\/div><p class=\"mb-3 ls-0\">Des cours d&#8217;apprentissage en ligne con\u00e7us sur mesure offrant \u00e0 votre \u00e9quipe une exp\u00e9rience d&#8217;apprentissage flexible et efficace.<\/p><\/div><div class=\"col-12 col-md-6 col-lg-4 mb-1 mb-md-3 pb-1\"><div class=\"d-flex flex-row align-items-start mb-2\"><i class=\"fs-26px me-3 ps-1 icon icon-hourglass text-primary\"><\/i><h5 class=\"mb-0 pe-5\">Microapprentissage<\/h5><\/div><p class=\"mb-3 ls-0\">Nos experts con\u00e7oivent des cours de tr\u00e8s courte dur\u00e9e afin d&#8217;att\u00e9nuer la fatigue des stagiaires.<\/p><\/div><div class=\"col-12 col-md-6 col-lg-4 mb-1 mb-md-3 pb-1\"><div class=\"d-flex flex-row align-items-start mb-2\"><i class=\"fs-26px me-3 ps-1 icon icon-plugs-connected text-primary\"><\/i><h5 class=\"mb-0 pe-5\">Solutions de r\u00e9alit\u00e9 immersive et mixte  <\/h5><\/div><p class=\"mb-3 ls-0\">Affinez les comp\u00e9tences de votre \u00e9quipe dans des simulations r\u00e9alistes de chantiers virtuels pour une formation pratique et concr\u00e8te.<\/p><\/div><\/div><\/div><\/div><\/div>\n\n<div class=\"tbk-hydrate-component\" data-cid=\"c23014d5-69f6-4416-a5f7-610eee477c22\" data-component=\"StatsBar\"><div class=\"calian-stats-bar theme-dark wp-block-calian-com-components-calian-stats-bar\"><div class=\"container-fluid layout-simple\"><div class=\"row mw-1830px mx-auto\"><div class=\"col-12 col-sm-6 col-lg\"><div><div class=\"d-flex justify-content-center p-1\"><div class=\"spinner-border text-primary \" role=\"status\" style=\"width:3rem;height:3rem\"><span class=\"visually-hidden\">Loading&#8230;<\/span><\/div><\/div><\/div><\/div><div class=\"col-12 col-sm-6 col-lg\"><div><div class=\"d-flex justify-content-center p-1\"><div class=\"spinner-border text-primary \" role=\"status\" style=\"width:3rem;height:3rem\"><span class=\"visually-hidden\">Loading&#8230;<\/span><\/div><\/div><\/div><\/div><div class=\"col-12 col-sm-6 col-lg\"><div><div class=\"d-flex justify-content-center p-1\"><div class=\"spinner-border text-primary \" role=\"status\" style=\"width:3rem;height:3rem\"><span class=\"visually-hidden\">Loading&#8230;<\/span><\/div><\/div><\/div><\/div><div class=\"col-12 col-sm-6 col-lg\"><div><div class=\"d-flex justify-content-center p-1\"><div class=\"spinner-border text-primary \" role=\"status\" style=\"width:3rem;height:3rem\"><span class=\"visually-hidden\">Loading&#8230;<\/span><\/div><\/div><\/div><\/div><\/div><\/div><\/div><\/div>\n\n<div class=\"tbk-hydrate-component\" data-cid=\"c6382472-3e5e-4110-aa15-946674fee6e2\" data-component=\"Spacer\"><div class=\"calian-spacer wp-block-calian-com-components-calian-spacer\"><\/div><\/div>\n\n<div class=\"tbk-hydrate-component\" data-cid=\"1878fc84-9d7a-4400-999b-d60ce098590d\" data-component=\"AlternatingTextAndImages\"><div class=\"calian-alternating-text-and-images overflow-hidden wp-block-calian-com-components-calian-alternating-text-and-images\"><div class=\"calian-alternating-text-and-images__container container-fluid\"><div class=\"\"><div class=\"row gx-md-6 justify-content-lg-start justify-content-lg-start mb-3 mb-md-9\"><div class=\"col-12 col-md mb-3\"><img loading=\"lazy\" decoding=\"async\" src=\"https:\/\/www.calian.com\/app\/uploads\/sites\/9\/2023\/11\/iStock-888100376-1024x684.jpg\" alt=\"\" width=\"1024\" height=\"684\" class=\"rounded-5 img-fluid w-100 h-250px h-md-373px object-fit-cover\"\/><\/div><div class=\"col-12 col-md\"><h3>Combiner l&#8217;apprentissage en classe et l&#8217;apprentissage num\u00e9rique<\/h3><div class=\"calian-alternating-text-and-images__text mb-3\">L&#8217;apprentissage mixte int\u00e8gre de mani\u00e8re transparente les aspects interpersonnels des sessions de cours en personne et l&#8217;adaptabilit\u00e9 des webinaires virtuels. Cette m\u00e9thode combine les avantages de l&#8217;interaction en face \u00e0 face avec l&#8217;accessibilit\u00e9 accrue offerte par les plateformes num\u00e9riques telles que Zoom ou Google Classroom.  <\/div><div class=\"calian-alternating-text-and-images__ctas mb-3 d-flex flex-wrap gap-3\"><a href=\"#contact-form\" class=\"btn btn-primary\">En apprendre plus sur l&#8217;apprentissage mixte<\/a><\/div><\/div><\/div><div class=\"row gx-md-6 flex-row-reverse justify-content-lg-between justify-content-lg-start mb-3 mb-md-9\"><div class=\"col-12 col-md mb-3\"><img loading=\"lazy\" decoding=\"async\" src=\"https:\/\/www.calian.com\/app\/uploads\/sites\/9\/2023\/11\/iStock-1290068617-1024x682.jpg\" alt=\"\" width=\"1024\" height=\"682\" class=\"rounded-5 img-fluid w-100 h-250px h-md-373px object-fit-cover\"\/><\/div><div class=\"col-12 col-md\"><h3>Donner des moyens d&#8217;action gr\u00e2ce \u00e0 l&#8217;apprentissage en ligne<\/h3><div class=\"calian-alternating-text-and-images__text mb-3\">Les \u00e9l\u00e9ments de l&#8217;apprentissage en ligne autonome, tels que les cours et les modules en ligne, permettent aux apprenants d&#8217;\u00e9tudier \u00e0 leur convenance et d&#8217;apprendre depuis n&#8217;importe quel endroit et \u00e0 n&#8217;importe quel moment. Ces ressources autodirig\u00e9es, y compris les jeux-questionnaires et les vid\u00e9os \u00e0 la demande, compl\u00e8tent la formation dispens\u00e9e par un formateur en permettant aux apprenants d&#8217;assimiler les informations \u00e0 leur propre rythme et de revoir le mat\u00e9riel en cas de besoin.<\/div><div class=\"calian-alternating-text-and-images__ctas mb-3 d-flex flex-wrap gap-3\"><a href=\"#contact-form\" class=\"btn btn-primary\">R\u00e9server une d\u00e9monstration<\/a><\/div><\/div><\/div><div class=\"row gx-md-6 justify-content-lg-start justify-content-lg-start\"><div class=\"col-12 col-md mb-3\"><img loading=\"lazy\" decoding=\"async\" src=\"https:\/\/www.calian.com\/app\/uploads\/sites\/9\/2023\/11\/iStock-1264705676-1024x802.jpg\" alt=\"\" width=\"1024\" height=\"802\" class=\"rounded-5 img-fluid w-100 h-250px h-md-373px object-fit-cover\"\/><\/div><div class=\"col-12 col-md\"><h3>Maximiser les avantages gr\u00e2ce \u00e0 des approches mixtes<\/h3><div class=\"calian-alternating-text-and-images__text mb-3\">L&#8217;apprentissage mixte favorise la diversit\u00e9 des styles d&#8217;apprentissage, augmente la r\u00e9tention des connaissances et r\u00e9duit les co\u00fbts et le temps associ\u00e9s aux d\u00e9placements pour les sessions en face-\u00e0-face. Avec des outils permettant de suivre et d&#8217;\u00e9valuer les progr\u00e8s des apprenants, il offre une exp\u00e9rience \u00e9ducative compl\u00e8te, adaptable et centr\u00e9e sur l&#8217;apprenant.<\/div><div class=\"calian-alternating-text-and-images__ctas mb-3 d-flex flex-wrap gap-3\"><\/div><\/div><\/div><\/div><\/div><\/div><\/div>\n\n<div class=\"tbk-hydrate-component\" data-cid=\"c879fbf1-b917-450a-ab91-105633147e85\" data-component=\"Spacer\"><div class=\"calian-spacer wp-block-calian-com-components-calian-spacer\"><\/div><\/div>\n\n<div class=\"tbk-hydrate-component\" data-cid=\"9221fa6b-6219-43ec-b72f-7115294711a1\" data-component=\"Spacer\"><div class=\"calian-spacer wp-block-calian-com-components-calian-spacer\"><\/div><\/div>\n\n<div class=\"tbk-hydrate-component\" data-cid=\"9dd8ca72-e11d-4dab-a2c9-44c33526fb6c\" data-component=\"ContactCTAHubSpot\"><div id=\"contact-form\" class=\"calian-contact-cta overflow-hidden position-relative default wp-block-calian-com-components-calian-contact-cta-hub-spot\"><div class=\"calian-contact-cta__overlay position-absolute z-2\"><\/div><img decoding=\"async\" src=\"https:\/\/www.calian.com\/app\/uploads\/sites\/9\/2023\/11\/newsletter-learning-background-1024x683.png\" alt=\"\" width=\"1024\" height=\"683\" class=\"calian-contact-cta__background-image position-absolute z-1\" loading=\"lazy\"\/><div class=\"calian-contact-cta__container mx-auto py-5 py-md-10 position-relative z-3\"><div class=\"d-flex\"><div class=\"calian-contact-cta__form mx-auto px-3 w-100\"><h2>Am\u00e9liorez vos r\u00e9sultats d&#x27;apprentissage<\/h2><p>Contactez nos experts en apprentissage pour obtenir plus d&#8217;informations.<\/p><div class=\"hs-form__container\" data-form-container=\"hubspotForm-0-container\"><div class=\"hs-form__container-inner\"><div class=\"d-flex justify-content-center p-1\"><div class=\"spinner-border text-primary \" role=\"status\" style=\"width:3rem;height:3rem\"><span class=\"visually-hidden\">Loading&#8230;<\/span><\/div><\/div><div class=\"hs-form__target\" id=\"hubspotForm-0\" style=\"max-height:none;opacity:1\"><\/div><\/div><\/div><\/div><\/div><\/div><\/div><\/div>\n\n<div class=\"tbk-hydrate-component\" data-cid=\"0fea656b-6d6d-414f-9cc2-4d60f5aefbed\" data-component=\"Spacer\"><div class=\"calian-spacer wp-block-calian-com-components-calian-spacer\"><\/div><\/div>\n\n<div class=\"tbk-hydrate-component\" data-cid=\"26826923-11f9-45cb-b48b-af70e400e755\" data-component=\"CTABar\"><div class=\"calian-cta-bar theme-light wp-block-calian-com-components-calian-cta-bar\"><div class=\"calian-cta-bar__container container-fluid\"><div class=\"calian-cta-bar__vertical container-fluid position-relative\"><div class=\"row\"><div class=\"calian-cta-bar__vertical--content col-12\"><h2 class=\"calian-cta-bar__vertical--heading\">Connectez-vous avec Calian Apprentissage sur LinkedIn<\/h2><div class=\"calian-cta-bar__vertical--description\"><h4>Favoriser les innovations dans le domaine de l&#8217;\u00e9ducation<\/h4>\n<p><br\/><\/p>\n<p>Suivez Calian sur LinkedIn pour d\u00e9couvrir des solutions d&#8217;apprentissage de pointe qui renforcent l&#8217;autonomie et l&#8217;\u00e9ducation. Entrez en contact avec nous pour d\u00e9couvrir nos approches innovantes et rejoignez une collectivit\u00e9 qui se consacre \u00e0 l&#8217;avancement de l&#8217;apprentissage et du d\u00e9veloppement.<\/p><\/div><div class=\"calian-cta-bar__vertical--buttons\"><a href=\"https:\/\/www.linkedin.com\/company\/calianlearning\/\" class=\"btn btn-primary\" target=\"_blank\" rel=\"noreferrer noopener\"><i class=\"icon icon-brand-linkedin\"><\/i>Calian Apprentissage sur LinkedIn<\/a><\/div><\/div><\/div><\/div><\/div><\/div><\/div>\n\n<div class=\"tbk-hydrate-component\" data-cid=\"699a4b27-630d-4d8b-8e50-ee6aacbeea4a\" data-component=\"Spacer\"><div class=\"calian-spacer wp-block-calian-com-components-calian-spacer\"><\/div><\/div>\n\n<div class=\"tbk-hydrate-component\" data-cid=\"1538b75a-e986-49cf-932e-9f14340a8626\" data-component=\"Spacer\"><div class=\"calian-spacer wp-block-calian-com-components-calian-spacer\"><\/div><\/div>\n","protected":false},"excerpt":{"rendered":"<p>Des solutions d&#8217;apprentissage mixte flexibles, autonomes et rentables Embarquez dans un parcours \u00e9ducatif sur mesure gr\u00e2ce \u00e0 des services d&#8217;apprentissage mixte. Nos solutions personnalis\u00e9es combinent des m\u00e9thodes d&#8217;apprentissage en direct, virtuelles et \u00e0 la demande, y compris l&#8217;apprentissage en ligne et le microapprentissage, pour r\u00e9pondre \u00e0 vos divers besoins de formation. <a href=\"#contact-form\" class=\"btn btn-secondary mb-4 mt-3\"> Contacter un expert &hellip;<\/a><\/p>\n","protected":false},"author":1,"featured_media":0,"parent":9370,"menu_order":0,"comment_status":"closed","ping_status":"closed","template":"","meta":{"_acf_changed":false,"content-type":"","footnotes":""},"solution":[91],"industry":[],"type_classification":[],"class_list":["post-9407","page","type-page","status-publish","hentry","solution-apprentissage-et-formation"],"acf":[],"yoast_head":"<!-- This site is optimized with the Yoast SEO plugin v26.4 - https:\/\/yoast.com\/wordpress\/plugins\/seo\/ -->\n<title>Apprentissage mixte - Calian Corporate<\/title>\n<meta name=\"robots\" content=\"index, follow, max-snippet:-1, max-image-preview:large, max-video-preview:-1\" \/>\n<link rel=\"canonical\" href=\"https:\/\/www.calian.com\/fr\/formation-immersif\/apprentissage-mixte\/\" \/>\n<meta property=\"og:locale\" content=\"fr_FR\" \/>\n<meta property=\"og:type\" content=\"article\" \/>\n<meta property=\"og:title\" content=\"Apprentissage mixte - Calian Corporate\" \/>\n<meta property=\"og:description\" content=\"Des solutions d&#8217;apprentissage mixte flexibles, autonomes et rentables Embarquez dans un parcours \u00e9ducatif sur mesure gr\u00e2ce \u00e0 des services d&#8217;apprentissage mixte. Nos solutions personnalis\u00e9es combinent des m\u00e9thodes d&#8217;apprentissage en direct, virtuelles et \u00e0 la demande, y compris l&#8217;apprentissage en ligne et le microapprentissage, pour r\u00e9pondre \u00e0 vos divers besoins de formation. Contacter un expert &hellip;\" \/>\n<meta property=\"og:url\" content=\"https:\/\/www.calian.com\/fr\/formation-immersif\/apprentissage-mixte\/\" \/>\n<meta property=\"og:site_name\" content=\"Calian Corporate\" \/>\n<meta property=\"article:modified_time\" content=\"2026-02-09T18:08:51+00:00\" \/>\n<meta property=\"og:image\" content=\"https:\/\/www.calian.com\/app\/uploads\/sites\/9\/2023\/11\/iStock-1450789066-1024x922.jpg\" \/>\n<meta name=\"twitter:card\" content=\"summary_large_image\" \/>\n<meta name=\"twitter:label1\" content=\"Est. reading time\" \/>\n\t<meta name=\"twitter:data1\" content=\"2 minutes\" \/>\n<script type=\"application\/ld+json\" class=\"yoast-schema-graph\">{\"@context\":\"https:\/\/schema.org\",\"@graph\":[{\"@type\":\"WebPage\",\"@id\":\"https:\/\/www.calian.com\/fr\/formation-immersif\/apprentissage-mixte\/\",\"url\":\"https:\/\/www.calian.com\/fr\/formation-immersif\/apprentissage-mixte\/\",\"name\":\"Apprentissage mixte - Calian Corporate\",\"isPartOf\":{\"@id\":\"https:\/\/www.calian.com\/fr\/#website\"},\"primaryImageOfPage\":{\"@id\":\"https:\/\/www.calian.com\/fr\/formation-immersif\/apprentissage-mixte\/#primaryimage\"},\"image\":{\"@id\":\"https:\/\/www.calian.com\/fr\/formation-immersif\/apprentissage-mixte\/#primaryimage\"},\"thumbnailUrl\":\"https:\/\/www.calian.com\/app\/uploads\/sites\/9\/2023\/11\/iStock-1450789066-1024x922.jpg\",\"datePublished\":\"2026-02-09T18:03:53+00:00\",\"dateModified\":\"2026-02-09T18:08:51+00:00\",\"breadcrumb\":{\"@id\":\"https:\/\/www.calian.com\/fr\/formation-immersif\/apprentissage-mixte\/#breadcrumb\"},\"inLanguage\":\"fr-FR\",\"potentialAction\":[{\"@type\":\"ReadAction\",\"target\":[\"https:\/\/www.calian.com\/fr\/formation-immersif\/apprentissage-mixte\/\"]}]},{\"@type\":\"ImageObject\",\"inLanguage\":\"fr-FR\",\"@id\":\"https:\/\/www.calian.com\/fr\/formation-immersif\/apprentissage-mixte\/#primaryimage\",\"url\":\"https:\/\/www.calian.com\/app\/uploads\/sites\/9\/2023\/11\/iStock-1450789066-1024x922.jpg\",\"contentUrl\":\"https:\/\/www.calian.com\/app\/uploads\/sites\/9\/2023\/11\/iStock-1450789066-1024x922.jpg\"},{\"@type\":\"BreadcrumbList\",\"@id\":\"https:\/\/www.calian.com\/fr\/formation-immersif\/apprentissage-mixte\/#breadcrumb\",\"itemListElement\":[{\"@type\":\"ListItem\",\"position\":1,\"name\":\"Accueil\",\"item\":\"https:\/\/www.calian.com\/fr\/\"},{\"@type\":\"ListItem\",\"position\":2,\"name\":\"Formation immersif\",\"item\":\"https:\/\/www.calian.com\/fr\/formation-immersif\/\"},{\"@type\":\"ListItem\",\"position\":3,\"name\":\"Apprentissage mixte\"}]},{\"@type\":\"WebSite\",\"@id\":\"https:\/\/www.calian.com\/fr\/#website\",\"url\":\"https:\/\/www.calian.com\/fr\/\",\"name\":\"Calian Corporate\",\"description\":\"Just another WordPress site\",\"publisher\":{\"@id\":\"https:\/\/www.calian.com\/fr\/#organization\"},\"potentialAction\":[{\"@type\":\"SearchAction\",\"target\":{\"@type\":\"EntryPoint\",\"urlTemplate\":\"https:\/\/www.calian.com\/fr\/?s={search_term_string}\"},\"query-input\":{\"@type\":\"PropertyValueSpecification\",\"valueRequired\":true,\"valueName\":\"search_term_string\"}}],\"inLanguage\":\"fr-FR\"},{\"@type\":\"Organization\",\"@id\":\"https:\/\/www.calian.com\/fr\/#organization\",\"name\":\"Calian Corporate\",\"url\":\"https:\/\/www.calian.com\/fr\/\",\"logo\":{\"@type\":\"ImageObject\",\"inLanguage\":\"fr-FR\",\"@id\":\"https:\/\/www.calian.com\/fr\/#\/schema\/logo\/image\/\",\"url\":\"https:\/\/sites.calian.com\/app\/uploads\/sites\/9\/2026\/01\/2026-Logo-Calian-FR-RGB-DIGITAL.svg\",\"contentUrl\":\"https:\/\/sites.calian.com\/app\/uploads\/sites\/9\/2026\/01\/2026-Logo-Calian-FR-RGB-DIGITAL.svg\",\"width\":977,\"height\":648,\"caption\":\"Calian Corporate\"},\"image\":{\"@id\":\"https:\/\/www.calian.com\/fr\/#\/schema\/logo\/image\/\"}}]}<\/script>\n<!-- \/ Yoast SEO plugin. -->","yoast_head_json":{"title":"Apprentissage mixte - Calian Corporate","robots":{"index":"index","follow":"follow","max-snippet":"max-snippet:-1","max-image-preview":"max-image-preview:large","max-video-preview":"max-video-preview:-1"},"canonical":"https:\/\/www.calian.com\/fr\/formation-immersif\/apprentissage-mixte\/","og_locale":"fr_FR","og_type":"article","og_title":"Apprentissage mixte - Calian Corporate","og_description":"Des solutions d&#8217;apprentissage mixte flexibles, autonomes et rentables Embarquez dans un parcours \u00e9ducatif sur mesure gr\u00e2ce \u00e0 des services d&#8217;apprentissage mixte. Nos solutions personnalis\u00e9es combinent des m\u00e9thodes d&#8217;apprentissage en direct, virtuelles et \u00e0 la demande, y compris l&#8217;apprentissage en ligne et le microapprentissage, pour r\u00e9pondre \u00e0 vos divers besoins de formation. Contacter un expert &hellip;","og_url":"https:\/\/www.calian.com\/fr\/formation-immersif\/apprentissage-mixte\/","og_site_name":"Calian Corporate","article_modified_time":"2026-02-09T18:08:51+00:00","og_image":[{"url":"https:\/\/www.calian.com\/app\/uploads\/sites\/9\/2023\/11\/iStock-1450789066-1024x922.jpg","type":"","width":"","height":""}],"twitter_card":"summary_large_image","twitter_misc":{"Est. reading time":"2 minutes"},"schema":{"@context":"https:\/\/schema.org","@graph":[{"@type":"WebPage","@id":"https:\/\/www.calian.com\/fr\/formation-immersif\/apprentissage-mixte\/","url":"https:\/\/www.calian.com\/fr\/formation-immersif\/apprentissage-mixte\/","name":"Apprentissage mixte - Calian Corporate","isPartOf":{"@id":"https:\/\/www.calian.com\/fr\/#website"},"primaryImageOfPage":{"@id":"https:\/\/www.calian.com\/fr\/formation-immersif\/apprentissage-mixte\/#primaryimage"},"image":{"@id":"https:\/\/www.calian.com\/fr\/formation-immersif\/apprentissage-mixte\/#primaryimage"},"thumbnailUrl":"https:\/\/www.calian.com\/app\/uploads\/sites\/9\/2023\/11\/iStock-1450789066-1024x922.jpg","datePublished":"2026-02-09T18:03:53+00:00","dateModified":"2026-02-09T18:08:51+00:00","breadcrumb":{"@id":"https:\/\/www.calian.com\/fr\/formation-immersif\/apprentissage-mixte\/#breadcrumb"},"inLanguage":"fr-FR","potentialAction":[{"@type":"ReadAction","target":["https:\/\/www.calian.com\/fr\/formation-immersif\/apprentissage-mixte\/"]}]},{"@type":"ImageObject","inLanguage":"fr-FR","@id":"https:\/\/www.calian.com\/fr\/formation-immersif\/apprentissage-mixte\/#primaryimage","url":"https:\/\/www.calian.com\/app\/uploads\/sites\/9\/2023\/11\/iStock-1450789066-1024x922.jpg","contentUrl":"https:\/\/www.calian.com\/app\/uploads\/sites\/9\/2023\/11\/iStock-1450789066-1024x922.jpg"},{"@type":"BreadcrumbList","@id":"https:\/\/www.calian.com\/fr\/formation-immersif\/apprentissage-mixte\/#breadcrumb","itemListElement":[{"@type":"ListItem","position":1,"name":"Accueil","item":"https:\/\/www.calian.com\/fr\/"},{"@type":"ListItem","position":2,"name":"Formation immersif","item":"https:\/\/www.calian.com\/fr\/formation-immersif\/"},{"@type":"ListItem","position":3,"name":"Apprentissage mixte"}]},{"@type":"WebSite","@id":"https:\/\/www.calian.com\/fr\/#website","url":"https:\/\/www.calian.com\/fr\/","name":"Calian Corporate","description":"Just another WordPress site","publisher":{"@id":"https:\/\/www.calian.com\/fr\/#organization"},"potentialAction":[{"@type":"SearchAction","target":{"@type":"EntryPoint","urlTemplate":"https:\/\/www.calian.com\/fr\/?s={search_term_string}"},"query-input":{"@type":"PropertyValueSpecification","valueRequired":true,"valueName":"search_term_string"}}],"inLanguage":"fr-FR"},{"@type":"Organization","@id":"https:\/\/www.calian.com\/fr\/#organization","name":"Calian Corporate","url":"https:\/\/www.calian.com\/fr\/","logo":{"@type":"ImageObject","inLanguage":"fr-FR","@id":"https:\/\/www.calian.com\/fr\/#\/schema\/logo\/image\/","url":"https:\/\/sites.calian.com\/app\/uploads\/sites\/9\/2026\/01\/2026-Logo-Calian-FR-RGB-DIGITAL.svg","contentUrl":"https:\/\/sites.calian.com\/app\/uploads\/sites\/9\/2026\/01\/2026-Logo-Calian-FR-RGB-DIGITAL.svg","width":977,"height":648,"caption":"Calian Corporate"},"image":{"@id":"https:\/\/www.calian.com\/fr\/#\/schema\/logo\/image\/"}}]}},"_links":{"self":[{"href":"https:\/\/www.calian.com\/fr\/wp-json\/wp\/v2\/pages\/9407","targetHints":{"allow":["GET"]}}],"collection":[{"href":"https:\/\/www.calian.com\/fr\/wp-json\/wp\/v2\/pages"}],"about":[{"href":"https:\/\/www.calian.com\/fr\/wp-json\/wp\/v2\/types\/page"}],"author":[{"embeddable":true,"href":"https:\/\/www.calian.com\/fr\/wp-json\/wp\/v2\/users\/1"}],"replies":[{"embeddable":true,"href":"https:\/\/www.calian.com\/fr\/wp-json\/wp\/v2\/comments?post=9407"}],"version-history":[{"count":2,"href":"https:\/\/www.calian.com\/fr\/wp-json\/wp\/v2\/pages\/9407\/revisions"}],"predecessor-version":[{"id":9417,"href":"https:\/\/www.calian.com\/fr\/wp-json\/wp\/v2\/pages\/9407\/revisions\/9417"}],"up":[{"embeddable":true,"href":"https:\/\/www.calian.com\/fr\/wp-json\/wp\/v2\/pages\/9370"}],"wp:attachment":[{"href":"https:\/\/www.calian.com\/fr\/wp-json\/wp\/v2\/media?parent=9407"}],"wp:term":[{"taxonomy":"solution","embeddable":true,"href":"https:\/\/www.calian.com\/fr\/wp-json\/wp\/v2\/solution?post=9407"},{"taxonomy":"industry","embeddable":true,"href":"https:\/\/www.calian.com\/fr\/wp-json\/wp\/v2\/industry?post=9407"},{"taxonomy":"type_classification","embeddable":true,"href":"https:\/\/www.calian.com\/fr\/wp-json\/wp\/v2\/type_classification?post=9407"}],"curies":[{"name":"wp","href":"https:\/\/api.w.org\/{rel}","templated":true}]}}