{"id":7605,"date":"2025-06-06T14:22:11","date_gmt":"2025-06-06T18:22:11","guid":{"rendered":"https:\/\/www.calian.com\/?page_id=7605"},"modified":"2025-06-06T15:46:57","modified_gmt":"2025-06-06T19:46:57","slug":"cookie-policy","status":"publish","type":"page","link":"https:\/\/www.calian.com\/fr\/cookie-policy\/","title":{"rendered":"Politique en mati\u00e8re de cookies"},"content":{"rendered":"\n<div class=\"tbk-hydrate-component\" data-cid=\"550f48df-f8fd-49c9-9778-d1ca8e921877\" data-component=\"Hero\"><section class=\"calian-hero d-flex h-100 position-relative overflow-hidden nav-indent wp-block-calian-com-components-calian-hero media-position-split overlay-gradient breadcrumbs-hidden\"><div class=\"container\"><div class=\"row\"><div class=\"calian-hero__content d-flex col-lg flex-column pb-3 justify-content-center text-left\"><div class=\"calian-hero__copy-wrapper\"><h1 class=\"calian-hero__heading\">Politique en mati\u00e8re de cookies<\/h1><div class=\"calian-hero__text mt-2 mb-4\"><br\/><\/div><\/div><\/div><\/div><\/div><div class=\"calian-hero__overlay overlay-gradient position-absolute w-100 h-100 top-0 start-0\"><\/div><span><\/span><\/section><\/div>\n\n<div class=\"tbk-hydrate-component\" data-cid=\"db23f33c-eb5a-4763-8623-895190216768\" data-component=\"Spacer\"><div class=\"calian-spacer wp-block-calian-com-components-calian-spacer\"><\/div><\/div>\n\n<div class=\"tbk-hydrate-component\" data-cid=\"862f3e63-8bee-4589-93cb-10efe8f4efe7\" data-component=\"CalianContainer\"><div class=\"calian-container calian-container-post wp-block-calian-com-components-calian-container\"><div>\n<p>La pr\u00e9sente politique en mati\u00e8re de cookies explique comment Calian (collectivement d\u00e9nomm\u00e9e \u00ab Calian \u00bb, \u00ab nous \u00bb, \u00ab notre \u00bb ou \u00ab nos \u00bb) utilise des cookies et des technologies de suivi similaires sur son site web.  <\/p>\n\n\n\n<div class=\"tbk-hydrate-component\" data-cid=\"16764fbc-9cac-4047-ac1f-4c7eb7932c69\" data-component=\"Spacer\"><div class=\"calian-spacer calian-spacer--small wp-block-calian-com-components-calian-spacer\"><\/div><\/div>\n\n\n\n<h3 class=\"wp-block-heading\"><a>Qu&#8217;est-ce qu&#8217;un biscuit ?<\/a><\/h3>\n\n\n\n<div class=\"tbk-hydrate-component\" data-cid=\"75b04548-f334-4975-9602-e19dc1717fec\" data-component=\"Spacer\"><div class=\"calian-spacer calian-spacer--extra-small wp-block-calian-com-components-calian-spacer\"><\/div><\/div>\n\n\n\n<p>Les cookies sont de petits fichiers texte qui sont plac\u00e9s sur votre ordinateur ou votre appareil mobile lorsque vous visitez un site web. Ils aident le site web \u00e0 m\u00e9moriser les informations relatives \u00e0 votre visite, telles que vos donn\u00e9es de connexion, vos pr\u00e9f\u00e9rences linguistiques et votre activit\u00e9 de navigation.   <\/p>\n\n\n\n<p>Nous utilisons des cookies pour vous aider \u00e0 naviguer efficacement et \u00e0 ex\u00e9cuter certaines fonctions. Vous trouverez ci-dessous des informations d\u00e9taill\u00e9es sur tous les cookies dans chaque cat\u00e9gorie de consentement. Les cookies class\u00e9s comme \u00ab n\u00e9cessaires \u00bb sont stock\u00e9s sur votre navigateur car ils sont essentiels pour permettre les fonctionnalit\u00e9s de base du site. Nous utilisons \u00e9galement des cookies de tiers qui nous aident \u00e0 analyser la fa\u00e7on dont vous utilisez ce site web, \u00e0 enregistrer vos pr\u00e9f\u00e9rences et \u00e0 vous fournir le contenu et les publicit\u00e9s qui vous int\u00e9ressent. Ces cookies ne seront stock\u00e9s dans votre navigateur qu&#8217;avec votre consentement pr\u00e9alable. Vous pouvez choisir d&#8217;activer ou de d\u00e9sactiver tout ou partie de ces cookies, mais la d\u00e9sactivation de certains d&#8217;entre eux peut affecter votre exp\u00e9rience de navigation.       <\/p>\n\n\n\n<div class=\"tbk-hydrate-component\" data-cid=\"16764fbc-9cac-4047-ac1f-4c7eb7932c69\" data-component=\"Spacer\"><div class=\"calian-spacer calian-spacer--small wp-block-calian-com-components-calian-spacer\"><\/div><\/div>\n\n\n\n<h3 class=\"wp-block-heading\">Types de cookies que nous utilisons et leur finalit\u00e9<\/h3>\n\n\n\n<div class=\"tbk-hydrate-component\" data-cid=\"75b04548-f334-4975-9602-e19dc1717fec\" data-component=\"Spacer\"><div class=\"calian-spacer calian-spacer--extra-small wp-block-calian-com-components-calian-spacer\"><\/div><\/div>\n\n\n\n<p>Nous utilisons les types de cookies suivants sur notre site web :  <\/p>\n\n\n\n<ul class=\"wp-block-list\">\n<li><strong>Cookies n\u00e9cessaires :<\/strong> Ces cookies sont essentiels au bon fonctionnement du site web et vous permettent d&#8217;utiliser ses fonctionnalit\u00e9s, telles que la navigation entre les pages et l&#8217;acc\u00e8s aux zones s\u00e9curis\u00e9es. Sans ces cookies, les services que vous avez demand\u00e9s ne peuvent pas \u00eatre fournis.    <\/li>\n<\/ul>\n\n\n\n<ul class=\"wp-block-list\">\n<li><strong>Cookies d&#8217;analyse :<\/strong> Ces cookies recueillent des informations sur la mani\u00e8re dont vous utilisez notre site web, par exemple les pages que vous visitez le plus souvent et les erreurs que vous rencontrez. Cela nous aide \u00e0 am\u00e9liorer les performances et la conception de notre site web. Nous utilisons \u00e0 cette fin des outils d&#8217;analyse tels que Google Analytics.     <\/li>\n<\/ul>\n\n\n\n<ul class=\"wp-block-list\">\n<li><strong>Cookies de fonctionnalit\u00e9 :<\/strong> Ces cookies permettent \u00e0 notre site web de se souvenir des choix que vous faites (tels que votre langue pr\u00e9f\u00e9r\u00e9e ou votre r\u00e9gion) et de fournir des fonctions am\u00e9lior\u00e9es et plus personnelles.   <\/li>\n<\/ul>\n\n\n\n<ul class=\"wp-block-list\">\n<li><strong>Cookies publicitaires :<\/strong> Ces cookies sont utilis\u00e9s pour suivre votre activit\u00e9 de navigation sur les sites web afin de vous proposer des publicit\u00e9s plus pertinentes pour vous et vos centres d&#8217;int\u00e9r\u00eat. Ils peuvent \u00e9galement \u00eatre utilis\u00e9s pour limiter le nombre de fois que vous voyez une publicit\u00e9 et aider \u00e0 mesurer l&#8217;efficacit\u00e9 des campagnes publicitaires.   <\/li>\n<\/ul>\n\n\n\n<div class=\"tbk-hydrate-component\" data-cid=\"16764fbc-9cac-4047-ac1f-4c7eb7932c69\" data-component=\"Spacer\"><div class=\"calian-spacer calian-spacer--small wp-block-calian-com-components-calian-spacer\"><\/div><\/div>\n\n\n\n<h3 class=\"wp-block-heading\">Comment g\u00e9rer les pr\u00e9f\u00e9rences en mati\u00e8re de cookies<\/h3>\n\n\n\n<div class=\"tbk-hydrate-component\" data-cid=\"75b04548-f334-4975-9602-e19dc1717fec\" data-component=\"Spacer\"><div class=\"calian-spacer calian-spacer--extra-small wp-block-calian-com-components-calian-spacer\"><\/div><\/div>\n\n\n\n<p>Vous pouvez contr\u00f4ler et g\u00e9rer les cookies de plusieurs fa\u00e7ons :  <\/p>\n\n\n\n<ul class=\"wp-block-list\">\n<li><strong>Param\u00e8tres du navigateur :<\/strong> La plupart des navigateurs web vous permettent de g\u00e9rer vos pr\u00e9f\u00e9rences en mati\u00e8re de cookies par le biais de leurs param\u00e8tres. Vous pouvez g\u00e9n\u00e9ralement bloquer ou supprimer les cookies et d\u00e9finir des pr\u00e9f\u00e9rences pour diff\u00e9rents sites web. Pour savoir comment g\u00e9rer les cookies \u00e0 l&#8217;aide de votre navigateur sp\u00e9cifique, veuillez consulter la documentation d&#8217;aide ou le menu des param\u00e8tres de votre navigateur.    <br\/> <br\/>Sinon, dans la barre d&#8217;adresse du navigateur Chrome, Edge ou FireFox, cliquez sur le cadenas (\u00e0 gauche de l&#8217;URL), puis sur \u00ab cookies et donn\u00e9es du site \u00bb dans la fen\u00eatre d&#8217;information du site.  <br\/> <\/li>\n<\/ul>\n\n\n\n<ul class=\"wp-block-list\">\n<li><strong>Banni\u00e8re de cookies du site web :<\/strong> Lorsque vous visitez notre site web pour la premi\u00e8re fois, vous devriez voir une banni\u00e8re de cookies qui vous permet de consentir \u00e0 certaines cat\u00e9gories de cookies ou de les rejeter (\u00e0 l&#8217;exception des cookies strictement n\u00e9cessaires).  <\/li>\n<\/ul>\n\n\n\n<div class=\"tbk-hydrate-component\" data-cid=\"16764fbc-9cac-4047-ac1f-4c7eb7932c69\" data-component=\"Spacer\"><div class=\"calian-spacer calian-spacer--small wp-block-calian-com-components-calian-spacer\"><\/div><\/div>\n\n\n\n<h3 class=\"wp-block-heading\"><a>T\u00e9moins de tiers<\/a><\/h3>\n\n\n\n<div class=\"tbk-hydrate-component\" data-cid=\"75b04548-f334-4975-9602-e19dc1717fec\" data-component=\"Spacer\"><div class=\"calian-spacer calian-spacer--extra-small wp-block-calian-com-components-calian-spacer\"><\/div><\/div>\n\n\n\n<p>Des tiers, tels que des fournisseurs de services ou d&#8217;analyses, peuvent \u00e9galement placer des cookies sur votre ordinateur lorsque vous visitez nos sites web. Les cookies de tiers permettent de fournir des caract\u00e9ristiques ou des fonctionnalit\u00e9s de tiers sur ou via le site web ou le service que vous utilisez (telles que le contenu interactif et l&#8217;analyse). Ces cookies appartiennent \u00e0 ces autres parties et sont g\u00e9r\u00e9s par elles.    <\/p>\n\n\n\n<p>Nous utilisons Google Analytics, y compris les cookies Google Analytics, pour collecter des donn\u00e9es anonymes sur le trafic afin de nous aider \u00e0 analyser la mani\u00e8re dont les visiteurs acc\u00e8dent \u00e0 notre site web et l&#8217;utilisent.  <\/p>\n\n\n\n<div class=\"tbk-hydrate-component\" data-cid=\"16764fbc-9cac-4047-ac1f-4c7eb7932c69\" data-component=\"Spacer\"><div class=\"calian-spacer calian-spacer--small wp-block-calian-com-components-calian-spacer\"><\/div><\/div>\n\n\n\n<h3 class=\"wp-block-heading\"><a>Liens vers des sites non californiens<\/a><\/h3>\n\n\n\n<div class=\"tbk-hydrate-component\" data-cid=\"75b04548-f334-4975-9602-e19dc1717fec\" data-component=\"Spacer\"><div class=\"calian-spacer calian-spacer--extra-small wp-block-calian-com-components-calian-spacer\"><\/div><\/div>\n\n\n\n<p>Les liens vers d&#8217;autres sites web figurant sur www.calian.com sont fournis pour la commodit\u00e9 des utilisateurs. Les liens sont fournis &#8220;en l&#8217;\u00e9tat&#8221; sans garantie d&#8217;aucune sorte.  <\/p>\n\n\n\n<div class=\"tbk-hydrate-component\" data-cid=\"16764fbc-9cac-4047-ac1f-4c7eb7932c69\" data-component=\"Spacer\"><div class=\"calian-spacer calian-spacer--small wp-block-calian-com-components-calian-spacer\"><\/div><\/div>\n\n\n\n<h3 class=\"wp-block-heading\">Mises \u00e0 jour de la pr\u00e9sente politique en mati\u00e8re de cookies<\/h3>\n\n\n\n<div class=\"tbk-hydrate-component\" data-cid=\"75b04548-f334-4975-9602-e19dc1717fec\" data-component=\"Spacer\"><div class=\"calian-spacer calian-spacer--extra-small wp-block-calian-com-components-calian-spacer\"><\/div><\/div>\n\n\n\n<p>Nous pouvons mettre \u00e0 jour la pr\u00e9sente politique en mati\u00e8re de cookies de temps \u00e0 autre. Toute modification sera publi\u00e9e sur cette page avec une date de \u00ab derni\u00e8re mise \u00e0 jour \u00bb. <\/p>\n<\/div><\/div><\/div>\n\n<div class=\"tbk-hydrate-component\" data-cid=\"54a0be89-4340-4ea1-acdc-3ea147ad152a\" data-component=\"Spacer\"><div class=\"calian-spacer wp-block-calian-com-components-calian-spacer\"><\/div><\/div>\n","protected":false},"excerpt":{"rendered":"<p>Politique en mati\u00e8re de cookies  <\/p>\n<p> La pr\u00e9sente politique en mati\u00e8re de cookies explique comment Calian (collectivement d\u00e9nomm\u00e9e \u00ab Calian \u00bb, \u00ab nous \u00bb, \u00ab notre \u00bb ou \u00ab nos \u00bb) utilise des cookies et des technologies de suivi similaires sur son site web. <\/p>\n<p> <a> Qu&#8217;est-ce qu&#8217;un biscuit ? <\/a> <\/p>\n<p> Les cookies sont de petits fichiers texte &hellip;<\/p>\n","protected":false},"author":15654,"featured_media":0,"parent":0,"menu_order":0,"comment_status":"closed","ping_status":"open","template":"","meta":{"_acf_changed":false,"content-type":"","footnotes":""},"solution":[],"industry":[],"type_classification":[],"class_list":["post-7605","page","type-page","status-publish","hentry"],"acf":[],"yoast_head":"<!-- This site is optimized with the Yoast SEO plugin v26.4 - https:\/\/yoast.com\/wordpress\/plugins\/seo\/ -->\n<title>Politique en mati\u00e8re de cookies - Calian Corporate<\/title>\n<meta name=\"robots\" content=\"index, follow, max-snippet:-1, max-image-preview:large, max-video-preview:-1\" \/>\n<link rel=\"canonical\" href=\"https:\/\/www.calian.com\/fr\/cookie-policy\/\" \/>\n<meta property=\"og:locale\" content=\"fr_FR\" \/>\n<meta property=\"og:type\" content=\"article\" \/>\n<meta property=\"og:title\" content=\"Politique en mati\u00e8re de cookies - Calian Corporate\" \/>\n<meta property=\"og:description\" content=\"Politique en mati\u00e8re de cookies  La pr\u00e9sente politique en mati\u00e8re de cookies explique comment Calian (collectivement d\u00e9nomm\u00e9e \u00ab Calian \u00bb, \u00ab nous \u00bb, \u00ab notre \u00bb ou \u00ab nos \u00bb) utilise des cookies et des technologies de suivi similaires sur son site web.  Qu&#8217;est-ce qu&#8217;un biscuit ?  Les cookies sont de petits fichiers texte &hellip;\" \/>\n<meta property=\"og:url\" content=\"https:\/\/www.calian.com\/fr\/cookie-policy\/\" \/>\n<meta property=\"og:site_name\" content=\"Calian Corporate\" \/>\n<meta property=\"article:modified_time\" content=\"2025-06-06T19:46:57+00:00\" \/>\n<meta name=\"twitter:card\" content=\"summary_large_image\" \/>\n<meta name=\"twitter:label1\" content=\"Est. reading time\" \/>\n\t<meta name=\"twitter:data1\" content=\"4 minutes\" \/>\n<script type=\"application\/ld+json\" class=\"yoast-schema-graph\">{\"@context\":\"https:\/\/schema.org\",\"@graph\":[{\"@type\":\"WebPage\",\"@id\":\"https:\/\/www.calian.com\/fr\/cookie-policy\/\",\"url\":\"https:\/\/www.calian.com\/fr\/cookie-policy\/\",\"name\":\"Politique en mati\u00e8re de cookies - Calian Corporate\",\"isPartOf\":{\"@id\":\"https:\/\/www.calian.com\/fr\/#website\"},\"datePublished\":\"2025-06-06T18:22:11+00:00\",\"dateModified\":\"2025-06-06T19:46:57+00:00\",\"breadcrumb\":{\"@id\":\"https:\/\/www.calian.com\/fr\/cookie-policy\/#breadcrumb\"},\"inLanguage\":\"fr-FR\",\"potentialAction\":[{\"@type\":\"ReadAction\",\"target\":[\"https:\/\/www.calian.com\/fr\/cookie-policy\/\"]}]},{\"@type\":\"BreadcrumbList\",\"@id\":\"https:\/\/www.calian.com\/fr\/cookie-policy\/#breadcrumb\",\"itemListElement\":[{\"@type\":\"ListItem\",\"position\":1,\"name\":\"Accueil\",\"item\":\"https:\/\/www.calian.com\/fr\/\"},{\"@type\":\"ListItem\",\"position\":2,\"name\":\"Politique en mati\u00e8re de cookies\"}]},{\"@type\":\"WebSite\",\"@id\":\"https:\/\/www.calian.com\/fr\/#website\",\"url\":\"https:\/\/www.calian.com\/fr\/\",\"name\":\"Calian Corporate\",\"description\":\"Just another WordPress site\",\"publisher\":{\"@id\":\"https:\/\/www.calian.com\/fr\/#organization\"},\"potentialAction\":[{\"@type\":\"SearchAction\",\"target\":{\"@type\":\"EntryPoint\",\"urlTemplate\":\"https:\/\/www.calian.com\/fr\/?s={search_term_string}\"},\"query-input\":{\"@type\":\"PropertyValueSpecification\",\"valueRequired\":true,\"valueName\":\"search_term_string\"}}],\"inLanguage\":\"fr-FR\"},{\"@type\":\"Organization\",\"@id\":\"https:\/\/www.calian.com\/fr\/#organization\",\"name\":\"Calian Corporate\",\"url\":\"https:\/\/www.calian.com\/fr\/\",\"logo\":{\"@type\":\"ImageObject\",\"inLanguage\":\"fr-FR\",\"@id\":\"https:\/\/www.calian.com\/fr\/#\/schema\/logo\/image\/\",\"url\":\"https:\/\/sites.calian.com\/app\/uploads\/sites\/9\/2026\/01\/2026-Logo-Calian-FR-RGB-DIGITAL.svg\",\"contentUrl\":\"https:\/\/sites.calian.com\/app\/uploads\/sites\/9\/2026\/01\/2026-Logo-Calian-FR-RGB-DIGITAL.svg\",\"width\":977,\"height\":648,\"caption\":\"Calian Corporate\"},\"image\":{\"@id\":\"https:\/\/www.calian.com\/fr\/#\/schema\/logo\/image\/\"}}]}<\/script>\n<!-- \/ Yoast SEO plugin. -->","yoast_head_json":{"title":"Politique en mati\u00e8re de cookies - Calian Corporate","robots":{"index":"index","follow":"follow","max-snippet":"max-snippet:-1","max-image-preview":"max-image-preview:large","max-video-preview":"max-video-preview:-1"},"canonical":"https:\/\/www.calian.com\/fr\/cookie-policy\/","og_locale":"fr_FR","og_type":"article","og_title":"Politique en mati\u00e8re de cookies - Calian Corporate","og_description":"Politique en mati\u00e8re de cookies  La pr\u00e9sente politique en mati\u00e8re de cookies explique comment Calian (collectivement d\u00e9nomm\u00e9e \u00ab Calian \u00bb, \u00ab nous \u00bb, \u00ab notre \u00bb ou \u00ab nos \u00bb) utilise des cookies et des technologies de suivi similaires sur son site web.  Qu&#8217;est-ce qu&#8217;un biscuit ?  Les cookies sont de petits fichiers texte &hellip;","og_url":"https:\/\/www.calian.com\/fr\/cookie-policy\/","og_site_name":"Calian Corporate","article_modified_time":"2025-06-06T19:46:57+00:00","twitter_card":"summary_large_image","twitter_misc":{"Est. reading time":"4 minutes"},"schema":{"@context":"https:\/\/schema.org","@graph":[{"@type":"WebPage","@id":"https:\/\/www.calian.com\/fr\/cookie-policy\/","url":"https:\/\/www.calian.com\/fr\/cookie-policy\/","name":"Politique en mati\u00e8re de cookies - Calian Corporate","isPartOf":{"@id":"https:\/\/www.calian.com\/fr\/#website"},"datePublished":"2025-06-06T18:22:11+00:00","dateModified":"2025-06-06T19:46:57+00:00","breadcrumb":{"@id":"https:\/\/www.calian.com\/fr\/cookie-policy\/#breadcrumb"},"inLanguage":"fr-FR","potentialAction":[{"@type":"ReadAction","target":["https:\/\/www.calian.com\/fr\/cookie-policy\/"]}]},{"@type":"BreadcrumbList","@id":"https:\/\/www.calian.com\/fr\/cookie-policy\/#breadcrumb","itemListElement":[{"@type":"ListItem","position":1,"name":"Accueil","item":"https:\/\/www.calian.com\/fr\/"},{"@type":"ListItem","position":2,"name":"Politique en mati\u00e8re de cookies"}]},{"@type":"WebSite","@id":"https:\/\/www.calian.com\/fr\/#website","url":"https:\/\/www.calian.com\/fr\/","name":"Calian Corporate","description":"Just another WordPress site","publisher":{"@id":"https:\/\/www.calian.com\/fr\/#organization"},"potentialAction":[{"@type":"SearchAction","target":{"@type":"EntryPoint","urlTemplate":"https:\/\/www.calian.com\/fr\/?s={search_term_string}"},"query-input":{"@type":"PropertyValueSpecification","valueRequired":true,"valueName":"search_term_string"}}],"inLanguage":"fr-FR"},{"@type":"Organization","@id":"https:\/\/www.calian.com\/fr\/#organization","name":"Calian Corporate","url":"https:\/\/www.calian.com\/fr\/","logo":{"@type":"ImageObject","inLanguage":"fr-FR","@id":"https:\/\/www.calian.com\/fr\/#\/schema\/logo\/image\/","url":"https:\/\/sites.calian.com\/app\/uploads\/sites\/9\/2026\/01\/2026-Logo-Calian-FR-RGB-DIGITAL.svg","contentUrl":"https:\/\/sites.calian.com\/app\/uploads\/sites\/9\/2026\/01\/2026-Logo-Calian-FR-RGB-DIGITAL.svg","width":977,"height":648,"caption":"Calian Corporate"},"image":{"@id":"https:\/\/www.calian.com\/fr\/#\/schema\/logo\/image\/"}}]}},"_links":{"self":[{"href":"https:\/\/www.calian.com\/fr\/wp-json\/wp\/v2\/pages\/7605","targetHints":{"allow":["GET"]}}],"collection":[{"href":"https:\/\/www.calian.com\/fr\/wp-json\/wp\/v2\/pages"}],"about":[{"href":"https:\/\/www.calian.com\/fr\/wp-json\/wp\/v2\/types\/page"}],"author":[{"embeddable":true,"href":"https:\/\/www.calian.com\/fr\/wp-json\/wp\/v2\/users\/15654"}],"replies":[{"embeddable":true,"href":"https:\/\/www.calian.com\/fr\/wp-json\/wp\/v2\/comments?post=7605"}],"version-history":[{"count":5,"href":"https:\/\/www.calian.com\/fr\/wp-json\/wp\/v2\/pages\/7605\/revisions"}],"predecessor-version":[{"id":7615,"href":"https:\/\/www.calian.com\/fr\/wp-json\/wp\/v2\/pages\/7605\/revisions\/7615"}],"wp:attachment":[{"href":"https:\/\/www.calian.com\/fr\/wp-json\/wp\/v2\/media?parent=7605"}],"wp:term":[{"taxonomy":"solution","embeddable":true,"href":"https:\/\/www.calian.com\/fr\/wp-json\/wp\/v2\/solution?post=7605"},{"taxonomy":"industry","embeddable":true,"href":"https:\/\/www.calian.com\/fr\/wp-json\/wp\/v2\/industry?post=7605"},{"taxonomy":"type_classification","embeddable":true,"href":"https:\/\/www.calian.com\/fr\/wp-json\/wp\/v2\/type_classification?post=7605"}],"curies":[{"name":"wp","href":"https:\/\/api.w.org\/{rel}","templated":true}]}}