{"id":5897,"date":"2025-02-25T17:06:02","date_gmt":"2025-02-25T22:06:02","guid":{"rendered":"https:\/\/www.calian.com\/?page_id=5897"},"modified":"2025-04-02T11:27:16","modified_gmt":"2025-04-02T15:27:16","slug":"calian-ottawa-senators-event-rsvp-apr-1-2025","status":"publish","type":"page","link":"https:\/\/www.calian.com\/fr\/calian-ottawa-senators-event-rsvp-apr-1-2025\/","title":{"rendered":"RSVP de Calian et des S\u00e9nateurs d&#8217;Ottawa &#8211; 1 avril 2025"},"content":{"rendered":"\n<div class=\"tbk-hydrate-component\" data-cid=\"39c36b1f-4117-4d2d-a090-00189af92e72\" data-component=\"LandingPageHeader\"><header class=\"calian-header landing-page-header calian-header--invert calian-header--style-invert wp-block-calian-com-components-calian-landing-page-header\"><div class=\"calian-header__container container-fluid\"><nav class=\"calian-header__navbar navbar navbar-expand-xl navbar-white\"><div class=\"calian-header__navbar-container container-fluid\"><a class=\"calian-header__navbar-brand navbar-brand\" href=\"\/\"><img decoding=\"async\" src=\"https:\/\/sites.calian.com\/app\/uploads\/sites\/9\/2026\/01\/2026-Logo-Calian-EN-RGB-DIGITAL.svg\" alt=\"Calian Group Ltd. Logo\" class=\"img-fluid\"\/><\/a><div class=\"calian-header__navbar-collapse collapse collapse navbar-collapse\"><div class=\"calian-header__navbar-left\"><\/div><div class=\"calian-header__navbar-right\"><ul class=\"nav justify-content-start calian-header__main-nav\"><li class=\"nav-item\"><a class=\"nav-link\" href=\"https:\/\/www.calian.com\/\">Calian home<\/a><\/li><\/ul><\/div><\/div><\/div><\/nav><div class=\"calian-header__cta-search\"><\/div><button type=\"button\" class=\"calian-header__navbar-toggler btn navbar-toggler\" data-bs-toggle=\"offcanvas\" data-bs-target=\".offcanvas\" aria-label=\"Toggle\"><i class=\"icon icon-menu-alternate\"><\/i><\/button><\/div><div class=\"offcanvas offcanvas-end\"><div class=\"offcanvas-header\"><div class=\"offcanvas-header__upper\"><div class=\"offcanvas-header__brand\"><a class=\"calian-header__navbar-brand navbar-brand\" href=\"\/\"><img decoding=\"async\" src=\"https:\/\/sites.calian.com\/app\/uploads\/sites\/9\/2026\/01\/2026-Logo-Calian-EN-RGB-DIGITAL.svg\" alt=\"Calian Group Ltd. Logo\" class=\"img-fluid\"\/><\/a><\/div><button type=\"button\" class=\"btn-close text-reset\" data-bs-dismiss=\"offcanvas\" aria-label=\"Close\"><\/button><\/div><\/div><div class=\"offcanvas-body\"><ul class=\"nav justify-content-start flex-column calian-header__main-nav--mobile\"><li class=\"nav-item\"><a class=\"nav-link\" href=\"https:\/\/www.calian.com\/\">Calian home<\/a><\/li><\/ul><div class=\"calian-header__cta-language-select-mobile\"><div class=\"calian-header__cta-language-select-mobile__cta\"><\/div><\/div><\/div><\/div><\/header><\/div>\n\n\n\n<div class=\"tbk-hydrate-component\" data-cid=\"3a4e38fe-2088-474c-b18b-f6e139e6d761\" data-component=\"Container\"><div class=\"container-fluid bg-light wp-block-tbk-components-container\" style=\"background-position:top left;background-size:cover;background-image:url(&#x27;https:\/\/sites.calian.com\/app\/uploads\/sites\/9\/2025\/03\/hockey_hero_puck-new.jpg&#x27;)\"><div class=\"container-overlay bg-light\"><\/div><div>\n<div class=\"tbk-hydrate-component\" data-cid=\"5140c7d8-4e73-4d85-8a08-1cb6f3fea157\" data-component=\"Spacer\"><div class=\"calian-spacer calian-spacer--large wp-block-calian-com-components-calian-spacer\"><\/div><\/div>\n\n\n\n<div class=\"wp-block-group\"><div class=\"wp-block-group__inner-container is-layout-constrained wp-block-group-is-layout-constrained\">\n<div class=\"tbk-hydrate-component\" data-cid=\"e3e3825a-42b5-4e5b-a066-bb580500cffe\" data-component=\"CalianContainer\"><div class=\"calian-container calian-container-sm text-center wp-block-calian-com-components-calian-container\"><div>\n<figure class=\"wp-block-image size-large is-resized\"><img loading=\"lazy\" decoding=\"async\" width=\"1024\" height=\"576\" src=\"https:\/\/sites.calian.com\/app\/uploads\/sites\/9\/2024\/09\/Ottawa-Senators-Logo-1992-1997-1024x576.png\" alt=\"Il s'agit du logo des S\u00e9nateurs d'Ottawa, repr\u00e9sentant le profil d'un centurion de style romain avec un panache rouge et noir, encadr\u00e9 dans un cercle portant le nom de l'\u00e9quipe.\" class=\"wp-image-4522\" style=\"width:228px;height:auto\" srcset=\"https:\/\/sites.calian.com\/app\/uploads\/sites\/9\/2024\/09\/Ottawa-Senators-Logo-1992-1997-1024x576.png 1024w, https:\/\/sites.calian.com\/app\/uploads\/sites\/9\/2024\/09\/Ottawa-Senators-Logo-1992-1997-300x169.png 300w, https:\/\/sites.calian.com\/app\/uploads\/sites\/9\/2024\/09\/Ottawa-Senators-Logo-1992-1997-768x432.png 768w, https:\/\/sites.calian.com\/app\/uploads\/sites\/9\/2024\/09\/Ottawa-Senators-Logo-1992-1997-1536x864.png 1536w, https:\/\/sites.calian.com\/app\/uploads\/sites\/9\/2024\/09\/Ottawa-Senators-Logo-1992-1997-2048x1152.png 2048w\" sizes=\"auto, (max-width: 1024px) 100vw, 1024px\" \/><\/figure>\n<\/div><\/div><\/div>\n<\/div><\/div>\n\n\n\n<div class=\"wp-block-columns is-layout-flex wp-container-core-columns-is-layout-9d6595d7 wp-block-columns-is-layout-flex\">\n<div class=\"wp-block-column is-layout-flow wp-block-column-is-layout-flow\" style=\"flex-basis:15%\"><\/div>\n\n\n\n<div class=\"wp-block-column is-layout-flow wp-block-column-is-layout-flow\" style=\"flex-basis:70%\">\n<h1 class=\"wp-block-heading has-text-align-center has-white-color has-text-color has-link-color wp-elements-0c4342be41daa6643051bf53dc8ffbe3\">Rejoignez-nous le mardi 1er avril 2025<\/h1>\n<\/div>\n\n\n\n<div class=\"wp-block-column is-layout-flow wp-block-column-is-layout-flow\" style=\"flex-basis:15%\"><\/div>\n<\/div>\n\n\n\n<div class=\"tbk-hydrate-component\" data-cid=\"e1d96109-facc-4f30-9c9f-649a58c3a83c\" data-component=\"CalianContainer\"><div class=\"calian-container calian-container-sm text-center wp-block-calian-com-components-calian-container\"><div>\n<p class=\"has-white-color has-text-color has-link-color has-medium-font-size wp-elements-156c217c58118917803c04c493d0b99c\">Rejoignez-nous pour une soir\u00e9e de hockey passionnante alors que les S\u00e9nateurs d&#8217;Ottawa affrontent les Sabres de Buffalo.  <\/p>\n<\/div><\/div><\/div>\n\n\n\n<div class=\"tbk-hydrate-component\" data-cid=\"8933291e-098e-434b-86e6-ea4b59e36cec\" data-component=\"Spacer\"><div class=\"calian-spacer calian-spacer--extra-small wp-block-calian-com-components-calian-spacer\"><\/div><\/div>\n\n\n\n<div class=\"tbk-hydrate-component\" data-cid=\"b7fd454a-9170-4042-90a3-74d9197f962d\" data-component=\"CalianContainer\"><div class=\"calian-container calian-container-post text-start wp-block-calian-com-components-calian-container\"><div>\n<div class=\"tbk-hydrate-component\" data-cid=\"ba26cfe2-679e-46e0-b8be-f8c5c2f603bb\" data-component=\"Container\"><div class=\"container-fluid bg-light wp-block-tbk-components-container\" style=\"background-position:top center;background-size:cover\"><div>\n<div class=\"tbk-hydrate-component\" data-cid=\"03b90ff2-ab11-48e1-a6bc-a1e771ec95cc\" data-component=\"CalianContainer\"><div class=\"calian-container calian-container-post text-center wp-block-calian-com-components-calian-container\"><div>\n<div class=\"tbk-hydrate-component\" data-cid=\"6ce7a0dd-0e8f-4338-a8c2-0743ee661b28\" data-component=\"Spacer\"><div class=\"calian-spacer wp-block-calian-com-components-calian-spacer\"><\/div><\/div>\n\n\n\n<h2 class=\"wp-block-heading\">Les inscriptions sont closes pour cet \u00e9v\u00e9nement.<\/h2>\n\n\n\n<p>Nous nous r\u00e9jouissons de vous accueillir lors de nos <a href=\"https:\/\/www.calian.com\/resources\/#!page=1&amp;resource_type=p%3Aevent&amp;total=1\" target=\"_blank\" rel=\"noreferrer noopener\">prochains \u00e9v\u00e9nements.<\/a> <\/p>\n\n\n\n<div class=\"tbk-hydrate-component\" data-cid=\"c1dfa968-838c-49f7-935d-a201644ed5da\" data-component=\"Spacer\"><div class=\"calian-spacer wp-block-calian-com-components-calian-spacer\"><\/div><\/div>\n<\/div><\/div><\/div>\n<\/div><\/div><\/div>\n<\/div><\/div><\/div>\n\n\n\n<div class=\"tbk-hydrate-component\" data-cid=\"65ea0ca5-c497-49a7-80f8-7d7f233692b7\" data-component=\"Spacer\"><div class=\"calian-spacer calian-spacer--small wp-block-calian-com-components-calian-spacer\"><\/div><\/div>\n\n\n\n<div class=\"wp-block-group\"><div class=\"wp-block-group__inner-container is-layout-constrained wp-block-group-is-layout-constrained\">\n<div class=\"tbk-hydrate-component\" data-cid=\"cb694a62-f48c-4b55-b93a-062b592d8632\" data-component=\"CalianContainer\"><div class=\"calian-container calian-container-sm text-center wp-block-calian-com-components-calian-container\"><div><\/div><\/div><\/div>\n\n\n\n<p class=\"has-text-align-center has-white-color has-text-color has-link-color wp-elements-3b13e7d528e36ab472ffafc1020f8dda\">Avec le soutien de :<\/p>\n<\/div><\/div>\n\n\n\n<div class=\"tbk-hydrate-component\" data-cid=\"03b0a935-3330-48da-a937-a1523d9428c0\" data-component=\"CalianContainer\"><div class=\"calian-container calian-container-post text-center wp-block-calian-com-components-calian-container\"><div>\n<figure class=\"wp-block-image size-full is-resized\"><img loading=\"lazy\" decoding=\"async\" width=\"1280\" height=\"400\" src=\"https:\/\/sites.calian.com\/app\/uploads\/sites\/9\/2025\/02\/large-Thales-logo.png\" alt=\"Le texte noir sur fond blanc \u00e9crit &quot;THALES&quot; en caract\u00e8res g\u00e9om\u00e9triques gras.\" class=\"wp-image-5956\" style=\"width:250px\" srcset=\"https:\/\/sites.calian.com\/app\/uploads\/sites\/9\/2025\/02\/large-Thales-logo.png 1280w, https:\/\/sites.calian.com\/app\/uploads\/sites\/9\/2025\/02\/large-Thales-logo-300x94.png 300w, https:\/\/sites.calian.com\/app\/uploads\/sites\/9\/2025\/02\/large-Thales-logo-1024x320.png 1024w, https:\/\/sites.calian.com\/app\/uploads\/sites\/9\/2025\/02\/large-Thales-logo-768x240.png 768w\" sizes=\"auto, (max-width: 1280px) 100vw, 1280px\" \/><\/figure>\n<\/div><\/div><\/div>\n\n\n\n<div class=\"tbk-hydrate-component\" data-cid=\"65ea0ca5-c497-49a7-80f8-7d7f233692b7\" data-component=\"Spacer\"><div class=\"calian-spacer calian-spacer--small wp-block-calian-com-components-calian-spacer\"><\/div><\/div>\n<\/div><\/div><\/div>\n\n\n\n<div class=\"tbk-hydrate-component\" data-cid=\"2507c2e1-93f5-40fa-89d1-6a6864b1a26b\" data-component=\"LandingPageFooter\"><div class=\"landing-page-footer wp-block-calian-com-components-calian-landing-page-footer\"><div class=\"landing-page-footer__container container-fluid\"><a class=\"landing-page-footer__logo-link\" href=\"\/\"><img loading=\"lazy\" decoding=\"async\" src=\"https:\/\/sites.calian.com\/app\/dist\/logo-colour-WZMAWDEU.svg\" alt=\"\" width=\"180\" height=\"65\" class=\"landing-page-footer__logo-img\"\/><\/a><p class=\"landing-page-footer__copyright\">\u00a9 2025 Calian Group Ltd. CNESST# AR-2000790<\/p><ul class=\"landing-page-footer__bottom--social-icons list-unstyled\"><li><a href=\"https:\/\/www.linkedin.com\/company\/calian\/\" target=\"_blank\" aria-label=\"linkedin\" class=\"share-icon-link\"><i class=\"icon icon-linkedin\"><\/i><\/a><\/li><\/ul><\/div><\/div><\/div>\n","protected":false},"excerpt":{"rendered":"<p><a class=\"calian-header__navbar-brand navbar-brand\" href=\"\/\"> <\/a> <\/p>\n<ul class=\"nav justify-content-start calian-header__main-nav\">\n<li class=\"nav-item\"> <a class=\"nav-link\" href=\"https:\/\/www.calian.com\/\"> Calian home <\/a> <\/li>\n<\/ul>\n<p> <a class=\"calian-header__navbar-brand navbar-brand\" href=\"\/\"> <\/a> <\/p>\n<ul class=\"nav justify-content-start flex-column calian-header__main-nav--mobile\">\n<li class=\"nav-item\"> <a class=\"nav-link\" href=\"https:\/\/www.calian.com\/\"> Calian home <\/a> <\/li>\n<\/ul>\n<p> Rejoignez-nous le mardi 1er avril 2025 <\/p>\n<p class=\"has-white-color has-text-color has-link-color has-medium-font-size wp-elements-156c217c58118917803c04c493d0b99c\"> Rejoignez-nous pour une soir\u00e9e de hockey passionnante alors que &hellip;<\/p>\n","protected":false},"author":2,"featured_media":4279,"parent":0,"menu_order":0,"comment_status":"closed","ping_status":"closed","template":"page-landing-page.php","meta":{"_acf_changed":false,"content-type":"","footnotes":""},"solution":[94],"industry":[],"type_classification":[],"class_list":["post-5897","page","type-page","status-publish","has-post-thumbnail","hentry","solution-cybersecurite"],"acf":[],"yoast_head":"<!-- This site is optimized with the Yoast SEO plugin v26.4 - https:\/\/yoast.com\/wordpress\/plugins\/seo\/ -->\n<title>RSVP de Calian et des S\u00e9nateurs d&#039;Ottawa - 1 avril 2025 - Calian Corporate<\/title>\n<meta name=\"description\" content=\"Rejoignez l&#039;\u00e9quipe informatique et cybers\u00e9curit\u00e9 de Calian pour une soir\u00e9e de hockey passionnante avec les S\u00e9nateurs d&#039;Ottawa contre les Sabres de Buffalo le mardi 1er avril 2025.\" \/>\n<meta name=\"robots\" content=\"index, follow, max-snippet:-1, max-image-preview:large, max-video-preview:-1\" \/>\n<link rel=\"canonical\" href=\"https:\/\/www.calian.com\/fr\/calian-ottawa-senators-event-rsvp-apr-1-2025\/\" \/>\n<meta property=\"og:locale\" content=\"fr_FR\" \/>\n<meta property=\"og:type\" content=\"article\" \/>\n<meta property=\"og:title\" content=\"RSVP de Calian et des S\u00e9nateurs d&#039;Ottawa - 1 avril 2025 - Calian Corporate\" \/>\n<meta property=\"og:description\" content=\"Rejoignez l&#039;\u00e9quipe informatique et cybers\u00e9curit\u00e9 de Calian pour une soir\u00e9e de hockey passionnante avec les S\u00e9nateurs d&#039;Ottawa contre les Sabres de Buffalo le mardi 1er avril 2025.\" \/>\n<meta property=\"og:url\" content=\"https:\/\/www.calian.com\/fr\/calian-ottawa-senators-event-rsvp-apr-1-2025\/\" \/>\n<meta property=\"og:site_name\" content=\"Calian Corporate\" \/>\n<meta property=\"article:modified_time\" content=\"2025-04-02T15:27:16+00:00\" \/>\n<meta property=\"og:image\" content=\"https:\/\/sites.calian.com\/app\/uploads\/sites\/9\/2024\/09\/calian-ottawa-senators-partners-HERO-1-1024x690.png\" \/>\n\t<meta property=\"og:image:width\" content=\"1024\" \/>\n\t<meta property=\"og:image:height\" content=\"690\" \/>\n\t<meta property=\"og:image:type\" content=\"image\/png\" \/>\n<meta name=\"twitter:card\" content=\"summary_large_image\" \/>\n<meta name=\"twitter:label1\" content=\"Est. reading time\" \/>\n\t<meta name=\"twitter:data1\" content=\"3 minutes\" \/>\n<script type=\"application\/ld+json\" class=\"yoast-schema-graph\">{\"@context\":\"https:\/\/schema.org\",\"@graph\":[{\"@type\":\"WebPage\",\"@id\":\"https:\/\/www.calian.com\/fr\/calian-ottawa-senators-event-rsvp-apr-1-2025\/\",\"url\":\"https:\/\/www.calian.com\/fr\/calian-ottawa-senators-event-rsvp-apr-1-2025\/\",\"name\":\"RSVP de Calian et des S\u00e9nateurs d'Ottawa - 1 avril 2025 - Calian Corporate\",\"isPartOf\":{\"@id\":\"https:\/\/www.calian.com\/fr\/#website\"},\"primaryImageOfPage\":{\"@id\":\"https:\/\/www.calian.com\/fr\/calian-ottawa-senators-event-rsvp-apr-1-2025\/#primaryimage\"},\"image\":{\"@id\":\"https:\/\/www.calian.com\/fr\/calian-ottawa-senators-event-rsvp-apr-1-2025\/#primaryimage\"},\"thumbnailUrl\":\"https:\/\/sites.calian.com\/app\/uploads\/sites\/9\/2024\/09\/calian-ottawa-senators-partners-HERO-1.png\",\"datePublished\":\"2025-02-25T22:06:02+00:00\",\"dateModified\":\"2025-04-02T15:27:16+00:00\",\"description\":\"Rejoignez l'\u00e9quipe informatique et cybers\u00e9curit\u00e9 de Calian pour une soir\u00e9e de hockey passionnante avec les S\u00e9nateurs d'Ottawa contre les Sabres de Buffalo le mardi 1er avril 2025.\",\"breadcrumb\":{\"@id\":\"https:\/\/www.calian.com\/fr\/calian-ottawa-senators-event-rsvp-apr-1-2025\/#breadcrumb\"},\"inLanguage\":\"fr-FR\",\"potentialAction\":[{\"@type\":\"ReadAction\",\"target\":[\"https:\/\/www.calian.com\/fr\/calian-ottawa-senators-event-rsvp-apr-1-2025\/\"]}]},{\"@type\":\"ImageObject\",\"inLanguage\":\"fr-FR\",\"@id\":\"https:\/\/www.calian.com\/fr\/calian-ottawa-senators-event-rsvp-apr-1-2025\/#primaryimage\",\"url\":\"https:\/\/sites.calian.com\/app\/uploads\/sites\/9\/2024\/09\/calian-ottawa-senators-partners-HERO-1.png\",\"contentUrl\":\"https:\/\/sites.calian.com\/app\/uploads\/sites\/9\/2024\/09\/calian-ottawa-senators-partners-HERO-1.png\",\"width\":2110,\"height\":1421},{\"@type\":\"BreadcrumbList\",\"@id\":\"https:\/\/www.calian.com\/fr\/calian-ottawa-senators-event-rsvp-apr-1-2025\/#breadcrumb\",\"itemListElement\":[{\"@type\":\"ListItem\",\"position\":1,\"name\":\"Accueil\",\"item\":\"https:\/\/www.calian.com\/fr\/\"},{\"@type\":\"ListItem\",\"position\":2,\"name\":\"RSVP de Calian et des S\u00e9nateurs d&#8217;Ottawa &#8211; 1 avril 2025\"}]},{\"@type\":\"WebSite\",\"@id\":\"https:\/\/www.calian.com\/fr\/#website\",\"url\":\"https:\/\/www.calian.com\/fr\/\",\"name\":\"Calian Corporate\",\"description\":\"Just another WordPress site\",\"publisher\":{\"@id\":\"https:\/\/www.calian.com\/fr\/#organization\"},\"potentialAction\":[{\"@type\":\"SearchAction\",\"target\":{\"@type\":\"EntryPoint\",\"urlTemplate\":\"https:\/\/www.calian.com\/fr\/?s={search_term_string}\"},\"query-input\":{\"@type\":\"PropertyValueSpecification\",\"valueRequired\":true,\"valueName\":\"search_term_string\"}}],\"inLanguage\":\"fr-FR\"},{\"@type\":\"Organization\",\"@id\":\"https:\/\/www.calian.com\/fr\/#organization\",\"name\":\"Calian Corporate\",\"url\":\"https:\/\/www.calian.com\/fr\/\",\"logo\":{\"@type\":\"ImageObject\",\"inLanguage\":\"fr-FR\",\"@id\":\"https:\/\/www.calian.com\/fr\/#\/schema\/logo\/image\/\",\"url\":\"https:\/\/sites.calian.com\/app\/uploads\/sites\/9\/2026\/01\/2026-Logo-Calian-FR-RGB-DIGITAL.svg\",\"contentUrl\":\"https:\/\/sites.calian.com\/app\/uploads\/sites\/9\/2026\/01\/2026-Logo-Calian-FR-RGB-DIGITAL.svg\",\"width\":977,\"height\":648,\"caption\":\"Calian Corporate\"},\"image\":{\"@id\":\"https:\/\/www.calian.com\/fr\/#\/schema\/logo\/image\/\"}}]}<\/script>\n<!-- \/ Yoast SEO plugin. -->","yoast_head_json":{"title":"RSVP de Calian et des S\u00e9nateurs d'Ottawa - 1 avril 2025 - Calian Corporate","description":"Rejoignez l'\u00e9quipe informatique et cybers\u00e9curit\u00e9 de Calian pour une soir\u00e9e de hockey passionnante avec les S\u00e9nateurs d'Ottawa contre les Sabres de Buffalo le mardi 1er avril 2025.","robots":{"index":"index","follow":"follow","max-snippet":"max-snippet:-1","max-image-preview":"max-image-preview:large","max-video-preview":"max-video-preview:-1"},"canonical":"https:\/\/www.calian.com\/fr\/calian-ottawa-senators-event-rsvp-apr-1-2025\/","og_locale":"fr_FR","og_type":"article","og_title":"RSVP de Calian et des S\u00e9nateurs d'Ottawa - 1 avril 2025 - Calian Corporate","og_description":"Rejoignez l'\u00e9quipe informatique et cybers\u00e9curit\u00e9 de Calian pour une soir\u00e9e de hockey passionnante avec les S\u00e9nateurs d'Ottawa contre les Sabres de Buffalo le mardi 1er avril 2025.","og_url":"https:\/\/www.calian.com\/fr\/calian-ottawa-senators-event-rsvp-apr-1-2025\/","og_site_name":"Calian Corporate","article_modified_time":"2025-04-02T15:27:16+00:00","og_image":[{"width":1024,"height":690,"url":"https:\/\/sites.calian.com\/app\/uploads\/sites\/9\/2024\/09\/calian-ottawa-senators-partners-HERO-1-1024x690.png","type":"image\/png"}],"twitter_card":"summary_large_image","twitter_misc":{"Est. reading time":"3 minutes"},"schema":{"@context":"https:\/\/schema.org","@graph":[{"@type":"WebPage","@id":"https:\/\/www.calian.com\/fr\/calian-ottawa-senators-event-rsvp-apr-1-2025\/","url":"https:\/\/www.calian.com\/fr\/calian-ottawa-senators-event-rsvp-apr-1-2025\/","name":"RSVP de Calian et des S\u00e9nateurs d'Ottawa - 1 avril 2025 - Calian Corporate","isPartOf":{"@id":"https:\/\/www.calian.com\/fr\/#website"},"primaryImageOfPage":{"@id":"https:\/\/www.calian.com\/fr\/calian-ottawa-senators-event-rsvp-apr-1-2025\/#primaryimage"},"image":{"@id":"https:\/\/www.calian.com\/fr\/calian-ottawa-senators-event-rsvp-apr-1-2025\/#primaryimage"},"thumbnailUrl":"https:\/\/sites.calian.com\/app\/uploads\/sites\/9\/2024\/09\/calian-ottawa-senators-partners-HERO-1.png","datePublished":"2025-02-25T22:06:02+00:00","dateModified":"2025-04-02T15:27:16+00:00","description":"Rejoignez l'\u00e9quipe informatique et cybers\u00e9curit\u00e9 de Calian pour une soir\u00e9e de hockey passionnante avec les S\u00e9nateurs d'Ottawa contre les Sabres de Buffalo le mardi 1er avril 2025.","breadcrumb":{"@id":"https:\/\/www.calian.com\/fr\/calian-ottawa-senators-event-rsvp-apr-1-2025\/#breadcrumb"},"inLanguage":"fr-FR","potentialAction":[{"@type":"ReadAction","target":["https:\/\/www.calian.com\/fr\/calian-ottawa-senators-event-rsvp-apr-1-2025\/"]}]},{"@type":"ImageObject","inLanguage":"fr-FR","@id":"https:\/\/www.calian.com\/fr\/calian-ottawa-senators-event-rsvp-apr-1-2025\/#primaryimage","url":"https:\/\/sites.calian.com\/app\/uploads\/sites\/9\/2024\/09\/calian-ottawa-senators-partners-HERO-1.png","contentUrl":"https:\/\/sites.calian.com\/app\/uploads\/sites\/9\/2024\/09\/calian-ottawa-senators-partners-HERO-1.png","width":2110,"height":1421},{"@type":"BreadcrumbList","@id":"https:\/\/www.calian.com\/fr\/calian-ottawa-senators-event-rsvp-apr-1-2025\/#breadcrumb","itemListElement":[{"@type":"ListItem","position":1,"name":"Accueil","item":"https:\/\/www.calian.com\/fr\/"},{"@type":"ListItem","position":2,"name":"RSVP de Calian et des S\u00e9nateurs d&#8217;Ottawa &#8211; 1 avril 2025"}]},{"@type":"WebSite","@id":"https:\/\/www.calian.com\/fr\/#website","url":"https:\/\/www.calian.com\/fr\/","name":"Calian Corporate","description":"Just another WordPress site","publisher":{"@id":"https:\/\/www.calian.com\/fr\/#organization"},"potentialAction":[{"@type":"SearchAction","target":{"@type":"EntryPoint","urlTemplate":"https:\/\/www.calian.com\/fr\/?s={search_term_string}"},"query-input":{"@type":"PropertyValueSpecification","valueRequired":true,"valueName":"search_term_string"}}],"inLanguage":"fr-FR"},{"@type":"Organization","@id":"https:\/\/www.calian.com\/fr\/#organization","name":"Calian Corporate","url":"https:\/\/www.calian.com\/fr\/","logo":{"@type":"ImageObject","inLanguage":"fr-FR","@id":"https:\/\/www.calian.com\/fr\/#\/schema\/logo\/image\/","url":"https:\/\/sites.calian.com\/app\/uploads\/sites\/9\/2026\/01\/2026-Logo-Calian-FR-RGB-DIGITAL.svg","contentUrl":"https:\/\/sites.calian.com\/app\/uploads\/sites\/9\/2026\/01\/2026-Logo-Calian-FR-RGB-DIGITAL.svg","width":977,"height":648,"caption":"Calian Corporate"},"image":{"@id":"https:\/\/www.calian.com\/fr\/#\/schema\/logo\/image\/"}}]}},"_links":{"self":[{"href":"https:\/\/www.calian.com\/fr\/wp-json\/wp\/v2\/pages\/5897","targetHints":{"allow":["GET"]}}],"collection":[{"href":"https:\/\/www.calian.com\/fr\/wp-json\/wp\/v2\/pages"}],"about":[{"href":"https:\/\/www.calian.com\/fr\/wp-json\/wp\/v2\/types\/page"}],"author":[{"embeddable":true,"href":"https:\/\/www.calian.com\/fr\/wp-json\/wp\/v2\/users\/2"}],"replies":[{"embeddable":true,"href":"https:\/\/www.calian.com\/fr\/wp-json\/wp\/v2\/comments?post=5897"}],"version-history":[{"count":35,"href":"https:\/\/www.calian.com\/fr\/wp-json\/wp\/v2\/pages\/5897\/revisions"}],"predecessor-version":[{"id":6459,"href":"https:\/\/www.calian.com\/fr\/wp-json\/wp\/v2\/pages\/5897\/revisions\/6459"}],"wp:featuredmedia":[{"embeddable":true,"href":"https:\/\/www.calian.com\/fr\/wp-json\/wp\/v2\/media\/4279"}],"wp:attachment":[{"href":"https:\/\/www.calian.com\/fr\/wp-json\/wp\/v2\/media?parent=5897"}],"wp:term":[{"taxonomy":"solution","embeddable":true,"href":"https:\/\/www.calian.com\/fr\/wp-json\/wp\/v2\/solution?post=5897"},{"taxonomy":"industry","embeddable":true,"href":"https:\/\/www.calian.com\/fr\/wp-json\/wp\/v2\/industry?post=5897"},{"taxonomy":"type_classification","embeddable":true,"href":"https:\/\/www.calian.com\/fr\/wp-json\/wp\/v2\/type_classification?post=5897"}],"curies":[{"name":"wp","href":"https:\/\/api.w.org\/{rel}","templated":true}]}}