{"id":4597,"date":"2024-10-01T14:57:13","date_gmt":"2024-10-01T18:57:13","guid":{"rendered":"https:\/\/www.calian.com\/?page_id=4597"},"modified":"2025-04-16T17:53:47","modified_gmt":"2025-04-16T21:53:47","slug":"calian-senators-event-apr15-rsvp","status":"publish","type":"page","link":"https:\/\/www.calian.com\/fr\/calian-senators-event-apr15-rsvp\/","title":{"rendered":"RSVP pour l&#8217;\u00e9v\u00e9nement Calian et les S\u00e9nateurs d&#8217;Ottawa"},"content":{"rendered":"\n<div class=\"tbk-hydrate-component\" data-cid=\"f3d84e03-8e73-4689-b0fe-b739da9a50fc\" data-component=\"LandingPageHeader\"><header class=\"calian-header landing-page-header calian-header--invert calian-header--style-invert wp-block-calian-com-components-calian-landing-page-header\"><div class=\"calian-header__container container-fluid\"><nav class=\"calian-header__navbar navbar navbar-expand-xl navbar-white\"><div class=\"calian-header__navbar-container container-fluid\"><a class=\"calian-header__navbar-brand navbar-brand\" href=\"\/\"><img decoding=\"async\" src=\"https:\/\/sites.calian.com\/app\/uploads\/sites\/9\/2026\/01\/2026-Logo-Calian-EN-RGB-DIGITAL.svg\" alt=\"Logo Calian Group Ltd.\" class=\"img-fluid\"\/><\/a><div class=\"calian-header__navbar-collapse collapse collapse navbar-collapse\"><div class=\"calian-header__navbar-left\"><\/div><div class=\"calian-header__navbar-right\"><ul class=\"nav justify-content-start calian-header__main-nav\"><li class=\"nav-item\"><a class=\"nav-link\" href=\"https:\/\/www.calian.com\/fr\/\">Accueil Calian<\/a><\/li><\/ul><\/div><\/div><\/div><\/nav><div class=\"calian-header__cta-search\"><\/div><button type=\"button\" class=\"calian-header__navbar-toggler btn navbar-toggler\" data-bs-toggle=\"offcanvas\" data-bs-target=\".offcanvas\" aria-label=\"Toggle\"><i class=\"icon icon-menu-alternate\"><\/i><\/button><\/div><div class=\"offcanvas offcanvas-end\"><div class=\"offcanvas-header\"><div class=\"offcanvas-header__upper\"><div class=\"offcanvas-header__brand\"><a class=\"calian-header__navbar-brand navbar-brand\" href=\"\/\"><img decoding=\"async\" src=\"https:\/\/sites.calian.com\/app\/uploads\/sites\/9\/2026\/01\/2026-Logo-Calian-EN-RGB-DIGITAL.svg\" alt=\"Logo Calian Group Ltd.\" class=\"img-fluid\"\/><\/a><\/div><button type=\"button\" class=\"btn-close text-reset\" data-bs-dismiss=\"offcanvas\" aria-label=\"Close\"><\/button><\/div><\/div><div class=\"offcanvas-body\"><ul class=\"nav justify-content-start flex-column calian-header__main-nav--mobile\"><li class=\"nav-item\"><a class=\"nav-link\" href=\"https:\/\/www.calian.com\/fr\/\">Accueil Calian<\/a><\/li><\/ul><div class=\"calian-header__cta-language-select-mobile\"><div class=\"calian-header__cta-language-select-mobile__cta\"><\/div><\/div><\/div><\/div><\/header><\/div>\n\n<div class=\"tbk-hydrate-component\" data-cid=\"70be96d1-1641-4925-85d1-505042552f68\" data-component=\"Container\"><div class=\"container-fluid bg-light wp-block-tbk-components-container\" style=\"background-position:top center;background-size:cover;background-image:url(&#x27;https:\/\/sites.calian.com\/app\/uploads\/sites\/9\/2024\/09\/Calian-Sens-power-play-1.png&#x27;)\"><div class=\"container-overlay bg-light\"><\/div><div>\n<div class=\"tbk-hydrate-component\" data-cid=\"56e06dc6-ab80-4da2-ba06-91d43f077dde\" data-component=\"Spacer\"><div class=\"calian-spacer calian-spacer--large wp-block-calian-com-components-calian-spacer\"><\/div><\/div>\n\n\n\n<div class=\"wp-block-group\"><div class=\"wp-block-group__inner-container is-layout-constrained wp-block-group-is-layout-constrained\">\n<div class=\"tbk-hydrate-component\" data-cid=\"93d485de-1c5f-45c5-bafb-7ec816ba071a\" data-component=\"CalianContainer\"><div class=\"calian-container calian-container-sm text-center wp-block-calian-com-components-calian-container\"><div>\n<figure class=\"wp-block-image size-large is-resized\"><img loading=\"lazy\" decoding=\"async\" width=\"1024\" height=\"576\" src=\"https:\/\/sites.calian.com\/app\/uploads\/sites\/9\/2024\/09\/Ottawa-Senators-Logo-1992-1997-1024x576.png\" alt=\"Il s'agit du logo des S&#xE9;nateurs d'Ottawa, repr&#xE9;sentant le profil d'un centurion de style romain avec un panache rouge et noir, encadr&#xE9; dans un cercle portant le nom de l'&#xE9;quipe.\" class=\"wp-image-4522\" style=\"width:228px;height:auto\" srcset=\"https:\/\/sites.calian.com\/app\/uploads\/sites\/9\/2024\/09\/Ottawa-Senators-Logo-1992-1997-1024x576.png 1024w, https:\/\/sites.calian.com\/app\/uploads\/sites\/9\/2024\/09\/Ottawa-Senators-Logo-1992-1997-300x169.png 300w, https:\/\/sites.calian.com\/app\/uploads\/sites\/9\/2024\/09\/Ottawa-Senators-Logo-1992-1997-768x432.png 768w, https:\/\/sites.calian.com\/app\/uploads\/sites\/9\/2024\/09\/Ottawa-Senators-Logo-1992-1997-1536x864.png 1536w, https:\/\/sites.calian.com\/app\/uploads\/sites\/9\/2024\/09\/Ottawa-Senators-Logo-1992-1997-2048x1152.png 2048w\" sizes=\"auto, (max-width: 1024px) 100vw, 1024px\" \/><\/figure>\n<\/div><\/div><\/div>\n<\/div><\/div>\n\n\n\n<div class=\"wp-block-columns is-layout-flex wp-container-core-columns-is-layout-9d6595d7 wp-block-columns-is-layout-flex\">\n<div class=\"wp-block-column is-layout-flow wp-block-column-is-layout-flow\" style=\"flex-basis:15%\"><\/div>\n\n\n\n<div class=\"wp-block-column is-layout-flow wp-block-column-is-layout-flow\" style=\"flex-basis:70%\">\n<h1 class=\"wp-block-heading has-text-align-center has-white-color has-text-color has-link-color wp-elements-76e30c56adce7bf306bc8126dd331e5b\">Rejoignez-nous le mardi 15 avril 2025<\/h1>\n\n\n\n<p class=\"has-text-align-center has-white-color has-text-color has-link-color has-medium-font-size wp-elements-d574eee6cc5d063b4b70858f9ce9b3a1\">Cet \u00e9v\u00e9nement est con\u00e7u pour inspirer la collaboration et favoriser des liens significatifs au sein de la communaut\u00e9 de la s\u00e9curit\u00e9 publique. Nous nous r\u00e9jouissons de votre participation. <\/p>\n<\/div>\n\n\n\n<div class=\"wp-block-column is-layout-flow wp-block-column-is-layout-flow\" style=\"flex-basis:15%\"><\/div>\n<\/div>\n\n\n\n<div class=\"tbk-hydrate-component\" data-cid=\"c4a11b80-7eee-4c21-976f-9b9722013ed2\" data-component=\"Spacer\"><div class=\"calian-spacer calian-spacer--extra-small wp-block-calian-com-components-calian-spacer\"><\/div><\/div>\n\n\n\n<div class=\"tbk-hydrate-component\" data-cid=\"3be1750b-7aab-4d6b-b6fc-070bf8e98d64\" data-component=\"CalianContainer\"><div class=\"calian-container calian-container-post text-start wp-block-calian-com-components-calian-container\"><div>\n<div class=\"tbk-hydrate-component\" data-cid=\"6e7bba23-1ddf-4491-95f1-bbbef09651a8\" data-component=\"Container\"><div class=\"container-fluid bg-light wp-block-tbk-components-container\" style=\"background-position:top center;background-size:cover\"><div>\n<div class=\"tbk-hydrate-component\" data-cid=\"28268f08-6442-4df6-a760-a4225d956936\" data-component=\"CalianContainer\"><div class=\"calian-container calian-container-post text-center wp-block-calian-com-components-calian-container\"><div>\n<div class=\"tbk-hydrate-component\" data-cid=\"757c68e8-c19d-4c6d-9296-165e61167755\" data-component=\"Spacer\"><div class=\"calian-spacer wp-block-calian-com-components-calian-spacer\"><\/div><\/div>\n\n\n\n<h2 class=\"wp-block-heading\">Les inscriptions sont closes pour cet \u00e9v\u00e9nement.<\/h2>\n\n\n\n<p>Nous nous r\u00e9jouissons de vous accueillir lors de nos <a href=\"https:\/\/www.calian.com\/resources\/#!page=1&amp;resource_type=p%3Aevent&amp;total=1\" target=\"_blank\" rel=\"noreferrer noopener\">prochains \u00e9v\u00e9nements.<\/a> <\/p>\n\n\n\n<div class=\"tbk-hydrate-component\" data-cid=\"6a4de463-2347-43b4-b604-822cf7f4a779\" data-component=\"Spacer\"><div class=\"calian-spacer wp-block-calian-com-components-calian-spacer\"><\/div><\/div>\n<\/div><\/div><\/div>\n<\/div><\/div><\/div>\n<\/div><\/div><\/div>\n\n\n\n<div class=\"tbk-hydrate-component\" data-cid=\"56e06dc6-ab80-4da2-ba06-91d43f077dde\" data-component=\"Spacer\"><div class=\"calian-spacer calian-spacer--large wp-block-calian-com-components-calian-spacer\"><\/div><\/div>\n<\/div><\/div><\/div>\n\n<div class=\"tbk-hydrate-component\" data-cid=\"ca120490-b3a6-429e-afb4-ace216e5883b\" data-component=\"LandingPageFooter\"><div class=\"landing-page-footer wp-block-calian-com-components-calian-landing-page-footer\"><div class=\"landing-page-footer__container container-fluid\"><a class=\"landing-page-footer__logo-link\" href=\"\/\"><img loading=\"lazy\" decoding=\"async\" src=\"https:\/\/sites.calian.com\/app\/dist\/logo-colour-WZMAWDEU.svg\" alt=\"\" width=\"180\" height=\"65\" class=\"landing-page-footer__logo-img\"\/><\/a><p class=\"landing-page-footer__copyright\">\u00a9 2025 Calian Group Ltd. CNESST# AR-2000790<\/p><ul class=\"landing-page-footer__bottom--social-icons list-unstyled\"><li><a href=\"https:\/\/www.linkedin.com\/company\/calian\/\" target=\"_blank\" aria-label=\"linkedin\" class=\"share-icon-link\"><i class=\"icon icon-linkedin\"><\/i><\/a><\/li><\/ul><\/div><\/div><\/div>\n","protected":false},"excerpt":{"rendered":"<p><a class=\"calian-header__navbar-brand navbar-brand\" href=\"\/\"> <\/a> <\/p>\n<ul class=\"nav justify-content-start calian-header__main-nav\">\n<li class=\"nav-item\"> <a class=\"nav-link\" href=\"https:\/\/www.calian.com\/fr\/\"> Accueil Calian <\/a> <\/li>\n<\/ul>\n<p> <a class=\"calian-header__navbar-brand navbar-brand\" href=\"\/\"> <\/a> <\/p>\n<ul class=\"nav justify-content-start flex-column calian-header__main-nav--mobile\">\n<li class=\"nav-item\"> <a class=\"nav-link\" href=\"https:\/\/www.calian.com\/fr\/\"> Accueil Calian <\/a> <\/li>\n<\/ul>\n<p> Rejoignez-nous le mardi 15 avril 2025 <\/p>\n<p class=\"has-text-align-center has-white-color has-text-color has-link-color has-medium-font-size wp-elements-d574eee6cc5d063b4b70858f9ce9b3a1\"> Cet \u00e9v\u00e9nement est con\u00e7u pour inspirer la collaboration &hellip;<\/p>\n","protected":false},"author":7592,"featured_media":4279,"parent":0,"menu_order":0,"comment_status":"closed","ping_status":"closed","template":"page-landing-page.php","meta":{"_acf_changed":false,"content-type":"","footnotes":""},"solution":[92],"industry":[],"type_classification":[],"class_list":["post-4597","page","type-page","status-publish","has-post-thumbnail","hentry","solution-soins-de-sante"],"acf":[],"yoast_head":"<!-- This site is optimized with the Yoast SEO plugin v26.4 - https:\/\/yoast.com\/wordpress\/plugins\/seo\/ -->\n<title>RSVP pour l&#039;\u00e9v\u00e9nement Calian et les S\u00e9nateurs d&#039;Ottawa - Calian Corporate<\/title>\n<meta name=\"description\" content=\"D\u00e9couvrez Calian Group Ltd, un leader de confiance depuis plus de 40 ans dans les domaines des technologies avanc\u00e9es, de la sant\u00e9, de l&#039;apprentissage et des solutions informatiques et cybern\u00e9tiques.\" \/>\n<meta name=\"robots\" content=\"index, follow, max-snippet:-1, max-image-preview:large, max-video-preview:-1\" \/>\n<link rel=\"canonical\" href=\"https:\/\/www.calian.com\/fr\/calian-senators-event-apr15-rsvp\/\" \/>\n<meta property=\"og:locale\" content=\"fr_FR\" \/>\n<meta property=\"og:type\" content=\"article\" \/>\n<meta property=\"og:title\" content=\"RSVP pour l&#039;\u00e9v\u00e9nement Calian et les S\u00e9nateurs d&#039;Ottawa - Calian Corporate\" \/>\n<meta property=\"og:description\" content=\"D\u00e9couvrez Calian Group Ltd, un leader de confiance depuis plus de 40 ans dans les domaines des technologies avanc\u00e9es, de la sant\u00e9, de l&#039;apprentissage et des solutions informatiques et cybern\u00e9tiques.\" \/>\n<meta property=\"og:url\" content=\"https:\/\/www.calian.com\/fr\/calian-senators-event-apr15-rsvp\/\" \/>\n<meta property=\"og:site_name\" content=\"Calian Corporate\" \/>\n<meta property=\"article:modified_time\" content=\"2025-04-16T21:53:47+00:00\" \/>\n<meta property=\"og:image\" content=\"https:\/\/sites.calian.com\/app\/uploads\/sites\/9\/2024\/09\/calian-ottawa-senators-partners-HERO-1-1024x690.png\" \/>\n\t<meta property=\"og:image:width\" content=\"1024\" \/>\n\t<meta property=\"og:image:height\" content=\"690\" \/>\n\t<meta property=\"og:image:type\" content=\"image\/png\" \/>\n<meta name=\"twitter:card\" content=\"summary_large_image\" \/>\n<meta name=\"twitter:label1\" content=\"Est. reading time\" \/>\n\t<meta name=\"twitter:data1\" content=\"2 minutes\" \/>\n<script type=\"application\/ld+json\" class=\"yoast-schema-graph\">{\"@context\":\"https:\/\/schema.org\",\"@graph\":[{\"@type\":\"WebPage\",\"@id\":\"https:\/\/www.calian.com\/fr\/calian-senators-event-apr15-rsvp\/\",\"url\":\"https:\/\/www.calian.com\/fr\/calian-senators-event-apr15-rsvp\/\",\"name\":\"RSVP pour l'\u00e9v\u00e9nement Calian et les S\u00e9nateurs d'Ottawa - Calian Corporate\",\"isPartOf\":{\"@id\":\"https:\/\/www.calian.com\/fr\/#website\"},\"primaryImageOfPage\":{\"@id\":\"https:\/\/www.calian.com\/fr\/calian-senators-event-apr15-rsvp\/#primaryimage\"},\"image\":{\"@id\":\"https:\/\/www.calian.com\/fr\/calian-senators-event-apr15-rsvp\/#primaryimage\"},\"thumbnailUrl\":\"https:\/\/sites.calian.com\/app\/uploads\/sites\/9\/2024\/09\/calian-ottawa-senators-partners-HERO-1.png\",\"datePublished\":\"2024-10-01T18:57:13+00:00\",\"dateModified\":\"2025-04-16T21:53:47+00:00\",\"description\":\"D\u00e9couvrez Calian Group Ltd, un leader de confiance depuis plus de 40 ans dans les domaines des technologies avanc\u00e9es, de la sant\u00e9, de l'apprentissage et des solutions informatiques et cybern\u00e9tiques.\",\"breadcrumb\":{\"@id\":\"https:\/\/www.calian.com\/fr\/calian-senators-event-apr15-rsvp\/#breadcrumb\"},\"inLanguage\":\"fr-FR\",\"potentialAction\":[{\"@type\":\"ReadAction\",\"target\":[\"https:\/\/www.calian.com\/fr\/calian-senators-event-apr15-rsvp\/\"]}]},{\"@type\":\"ImageObject\",\"inLanguage\":\"fr-FR\",\"@id\":\"https:\/\/www.calian.com\/fr\/calian-senators-event-apr15-rsvp\/#primaryimage\",\"url\":\"https:\/\/sites.calian.com\/app\/uploads\/sites\/9\/2024\/09\/calian-ottawa-senators-partners-HERO-1.png\",\"contentUrl\":\"https:\/\/sites.calian.com\/app\/uploads\/sites\/9\/2024\/09\/calian-ottawa-senators-partners-HERO-1.png\",\"width\":2110,\"height\":1421},{\"@type\":\"BreadcrumbList\",\"@id\":\"https:\/\/www.calian.com\/fr\/calian-senators-event-apr15-rsvp\/#breadcrumb\",\"itemListElement\":[{\"@type\":\"ListItem\",\"position\":1,\"name\":\"Accueil\",\"item\":\"https:\/\/www.calian.com\/fr\/\"},{\"@type\":\"ListItem\",\"position\":2,\"name\":\"RSVP pour l&#8217;\u00e9v\u00e9nement Calian et les S\u00e9nateurs d&#8217;Ottawa\"}]},{\"@type\":\"WebSite\",\"@id\":\"https:\/\/www.calian.com\/fr\/#website\",\"url\":\"https:\/\/www.calian.com\/fr\/\",\"name\":\"Calian Corporate\",\"description\":\"Just another WordPress site\",\"publisher\":{\"@id\":\"https:\/\/www.calian.com\/fr\/#organization\"},\"potentialAction\":[{\"@type\":\"SearchAction\",\"target\":{\"@type\":\"EntryPoint\",\"urlTemplate\":\"https:\/\/www.calian.com\/fr\/?s={search_term_string}\"},\"query-input\":{\"@type\":\"PropertyValueSpecification\",\"valueRequired\":true,\"valueName\":\"search_term_string\"}}],\"inLanguage\":\"fr-FR\"},{\"@type\":\"Organization\",\"@id\":\"https:\/\/www.calian.com\/fr\/#organization\",\"name\":\"Calian Corporate\",\"url\":\"https:\/\/www.calian.com\/fr\/\",\"logo\":{\"@type\":\"ImageObject\",\"inLanguage\":\"fr-FR\",\"@id\":\"https:\/\/www.calian.com\/fr\/#\/schema\/logo\/image\/\",\"url\":\"https:\/\/sites.calian.com\/app\/uploads\/sites\/9\/2026\/01\/2026-Logo-Calian-FR-RGB-DIGITAL.svg\",\"contentUrl\":\"https:\/\/sites.calian.com\/app\/uploads\/sites\/9\/2026\/01\/2026-Logo-Calian-FR-RGB-DIGITAL.svg\",\"width\":977,\"height\":648,\"caption\":\"Calian Corporate\"},\"image\":{\"@id\":\"https:\/\/www.calian.com\/fr\/#\/schema\/logo\/image\/\"}}]}<\/script>\n<!-- \/ Yoast SEO plugin. -->","yoast_head_json":{"title":"RSVP pour l'\u00e9v\u00e9nement Calian et les S\u00e9nateurs d'Ottawa - Calian Corporate","description":"D\u00e9couvrez Calian Group Ltd, un leader de confiance depuis plus de 40 ans dans les domaines des technologies avanc\u00e9es, de la sant\u00e9, de l'apprentissage et des solutions informatiques et cybern\u00e9tiques.","robots":{"index":"index","follow":"follow","max-snippet":"max-snippet:-1","max-image-preview":"max-image-preview:large","max-video-preview":"max-video-preview:-1"},"canonical":"https:\/\/www.calian.com\/fr\/calian-senators-event-apr15-rsvp\/","og_locale":"fr_FR","og_type":"article","og_title":"RSVP pour l'\u00e9v\u00e9nement Calian et les S\u00e9nateurs d'Ottawa - Calian Corporate","og_description":"D\u00e9couvrez Calian Group Ltd, un leader de confiance depuis plus de 40 ans dans les domaines des technologies avanc\u00e9es, de la sant\u00e9, de l'apprentissage et des solutions informatiques et cybern\u00e9tiques.","og_url":"https:\/\/www.calian.com\/fr\/calian-senators-event-apr15-rsvp\/","og_site_name":"Calian Corporate","article_modified_time":"2025-04-16T21:53:47+00:00","og_image":[{"width":1024,"height":690,"url":"https:\/\/sites.calian.com\/app\/uploads\/sites\/9\/2024\/09\/calian-ottawa-senators-partners-HERO-1-1024x690.png","type":"image\/png"}],"twitter_card":"summary_large_image","twitter_misc":{"Est. reading time":"2 minutes"},"schema":{"@context":"https:\/\/schema.org","@graph":[{"@type":"WebPage","@id":"https:\/\/www.calian.com\/fr\/calian-senators-event-apr15-rsvp\/","url":"https:\/\/www.calian.com\/fr\/calian-senators-event-apr15-rsvp\/","name":"RSVP pour l'\u00e9v\u00e9nement Calian et les S\u00e9nateurs d'Ottawa - Calian Corporate","isPartOf":{"@id":"https:\/\/www.calian.com\/fr\/#website"},"primaryImageOfPage":{"@id":"https:\/\/www.calian.com\/fr\/calian-senators-event-apr15-rsvp\/#primaryimage"},"image":{"@id":"https:\/\/www.calian.com\/fr\/calian-senators-event-apr15-rsvp\/#primaryimage"},"thumbnailUrl":"https:\/\/sites.calian.com\/app\/uploads\/sites\/9\/2024\/09\/calian-ottawa-senators-partners-HERO-1.png","datePublished":"2024-10-01T18:57:13+00:00","dateModified":"2025-04-16T21:53:47+00:00","description":"D\u00e9couvrez Calian Group Ltd, un leader de confiance depuis plus de 40 ans dans les domaines des technologies avanc\u00e9es, de la sant\u00e9, de l'apprentissage et des solutions informatiques et cybern\u00e9tiques.","breadcrumb":{"@id":"https:\/\/www.calian.com\/fr\/calian-senators-event-apr15-rsvp\/#breadcrumb"},"inLanguage":"fr-FR","potentialAction":[{"@type":"ReadAction","target":["https:\/\/www.calian.com\/fr\/calian-senators-event-apr15-rsvp\/"]}]},{"@type":"ImageObject","inLanguage":"fr-FR","@id":"https:\/\/www.calian.com\/fr\/calian-senators-event-apr15-rsvp\/#primaryimage","url":"https:\/\/sites.calian.com\/app\/uploads\/sites\/9\/2024\/09\/calian-ottawa-senators-partners-HERO-1.png","contentUrl":"https:\/\/sites.calian.com\/app\/uploads\/sites\/9\/2024\/09\/calian-ottawa-senators-partners-HERO-1.png","width":2110,"height":1421},{"@type":"BreadcrumbList","@id":"https:\/\/www.calian.com\/fr\/calian-senators-event-apr15-rsvp\/#breadcrumb","itemListElement":[{"@type":"ListItem","position":1,"name":"Accueil","item":"https:\/\/www.calian.com\/fr\/"},{"@type":"ListItem","position":2,"name":"RSVP pour l&#8217;\u00e9v\u00e9nement Calian et les S\u00e9nateurs d&#8217;Ottawa"}]},{"@type":"WebSite","@id":"https:\/\/www.calian.com\/fr\/#website","url":"https:\/\/www.calian.com\/fr\/","name":"Calian Corporate","description":"Just another WordPress site","publisher":{"@id":"https:\/\/www.calian.com\/fr\/#organization"},"potentialAction":[{"@type":"SearchAction","target":{"@type":"EntryPoint","urlTemplate":"https:\/\/www.calian.com\/fr\/?s={search_term_string}"},"query-input":{"@type":"PropertyValueSpecification","valueRequired":true,"valueName":"search_term_string"}}],"inLanguage":"fr-FR"},{"@type":"Organization","@id":"https:\/\/www.calian.com\/fr\/#organization","name":"Calian Corporate","url":"https:\/\/www.calian.com\/fr\/","logo":{"@type":"ImageObject","inLanguage":"fr-FR","@id":"https:\/\/www.calian.com\/fr\/#\/schema\/logo\/image\/","url":"https:\/\/sites.calian.com\/app\/uploads\/sites\/9\/2026\/01\/2026-Logo-Calian-FR-RGB-DIGITAL.svg","contentUrl":"https:\/\/sites.calian.com\/app\/uploads\/sites\/9\/2026\/01\/2026-Logo-Calian-FR-RGB-DIGITAL.svg","width":977,"height":648,"caption":"Calian Corporate"},"image":{"@id":"https:\/\/www.calian.com\/fr\/#\/schema\/logo\/image\/"}}]}},"_links":{"self":[{"href":"https:\/\/www.calian.com\/fr\/wp-json\/wp\/v2\/pages\/4597","targetHints":{"allow":["GET"]}}],"collection":[{"href":"https:\/\/www.calian.com\/fr\/wp-json\/wp\/v2\/pages"}],"about":[{"href":"https:\/\/www.calian.com\/fr\/wp-json\/wp\/v2\/types\/page"}],"author":[{"embeddable":true,"href":"https:\/\/www.calian.com\/fr\/wp-json\/wp\/v2\/users\/7592"}],"replies":[{"embeddable":true,"href":"https:\/\/www.calian.com\/fr\/wp-json\/wp\/v2\/comments?post=4597"}],"version-history":[{"count":19,"href":"https:\/\/www.calian.com\/fr\/wp-json\/wp\/v2\/pages\/4597\/revisions"}],"predecessor-version":[{"id":7591,"href":"https:\/\/www.calian.com\/fr\/wp-json\/wp\/v2\/pages\/4597\/revisions\/7591"}],"wp:featuredmedia":[{"embeddable":true,"href":"https:\/\/www.calian.com\/fr\/wp-json\/wp\/v2\/media\/4279"}],"wp:attachment":[{"href":"https:\/\/www.calian.com\/fr\/wp-json\/wp\/v2\/media?parent=4597"}],"wp:term":[{"taxonomy":"solution","embeddable":true,"href":"https:\/\/www.calian.com\/fr\/wp-json\/wp\/v2\/solution?post=4597"},{"taxonomy":"industry","embeddable":true,"href":"https:\/\/www.calian.com\/fr\/wp-json\/wp\/v2\/industry?post=4597"},{"taxonomy":"type_classification","embeddable":true,"href":"https:\/\/www.calian.com\/fr\/wp-json\/wp\/v2\/type_classification?post=4597"}],"curies":[{"name":"wp","href":"https:\/\/api.w.org\/{rel}","templated":true}]}}