{"id":2789,"date":"2024-03-20T13:45:34","date_gmt":"2024-03-20T13:45:34","guid":{"rendered":"https:\/\/www.calian.com\/calian-companies\/"},"modified":"2025-01-27T12:34:21","modified_gmt":"2025-01-27T17:34:21","slug":"calian-companies","status":"publish","type":"page","link":"https:\/\/www.calian.com\/fr\/calian-companies\/","title":{"rendered":"Entreprises Calian"},"content":{"rendered":"\n<div class=\"tbk-hydrate-component\" data-cid=\"321ad6e6-dc99-4532-89be-b3e141ed9909\" data-component=\"Hero\"><section class=\"calian-hero d-flex h-100 position-relative overflow-hidden nav-indent wp-block-calian-com-components-calian-hero media-position-split overlay-solid breadcrumbs-hidden\"><div class=\"container\"><div class=\"row\"><div class=\"calian-hero__content d-flex col-lg flex-column pb-3 justify-content-center text-left\"><div class=\"calian-hero__copy-wrapper\"><h1 class=\"calian-hero__heading\">Entreprises Calian<\/h1><div class=\"calian-hero__text mt-2\">Depuis 1982, les acquisitions ont jou\u00e9 un r\u00f4le cl\u00e9 dans l&#8217;\u00e9volution de Calian et elles restent un aspect important de notre strat\u00e9gie de croissance.<\/div><\/div><\/div><\/div><\/div><div class=\"calian-hero__overlay overlay-solid position-absolute w-100 h-100 top-0 start-0\"><\/div><span><\/span><\/section><\/div>\n\n<div class=\"tbk-hydrate-component\" data-cid=\"e54493a3-2e00-4728-a7f7-4bce550dcce0\" data-component=\"ContentTileGroup\"><div class=\"calian-content-tile-group container-fluid position-relative wp-block-calian-com-components-calian-content-tile-group no-background\"><div class=\"calian-content-tile-group__content mw-1440px mx-auto\"><div class=\"calian-content-tile-group__inner container-fluid mw-1240px ps-0 pe-0 position-relative z-1 py-5 py-md-12\"><div class=\"row\"><div class=\"col-12 text-center\"><\/div><\/div><div class=\"row mt-5\"><div class=\"calian-content-tile-group__column mb-lg-4 col-12 col-lg-4\"><div class=\"calian-content-tile tile-type-article\" style=\"max-width:none;min-height:none\"><div class=\"card rounded-5 border-0\"><div class=\"article-tile-link-container rounded-5 overflow-hidden\"><div class=\"article-tile-link-content p-3 p-md-5\"><a href=\"https:\/\/www.simfront.com\/\" target=\"_self\" class=\"article-tile-link-image d-inline-flex\" rel=\"noopener\"><div class=\"card-img-top rounded-5 overflow-hidden\"><img loading=\"lazy\" decoding=\"async\" src=\"https:\/\/sites.calian.com\/app\/uploads\/sites\/9\/2024\/03\/SimFront.jpg\" alt=\"Logo de simfront, une soci&#xE9;t&#xE9; californienne.\" width=\"400\" height=\"400\" class=\"img-fluid\"\/><\/div><\/a><p class=\"card-text mb-4\">SimFront est sp\u00e9cialis\u00e9 dans la formation, les technologies de simulation et les plateformes d&#8217;int\u00e9gration visant \u00e0 renforcer la prise de d\u00e9cision, la performance et la pr\u00e9paration des commandants tactiques et du personnel dans de nouveaux environnements op\u00e9rationnels.<\/p><div class=\"card-link\"><a href=\"https:\/\/www.simfront.com\/\" class=\"link-primary text-decoration-none d-inline-flex align-items-center\">Site web<span class=\"icon icon-arrow-right\"><\/span><\/a><\/div><a href=\"https:\/\/www.simfront.com\/\" target=\"_self\" class=\"article-tile-link-cover\" rel=\"noopener\"><\/a><\/div><\/div><\/div><\/div><\/div><div class=\"calian-content-tile-group__column mb-lg-4 col-12 col-lg-4\"><div class=\"calian-content-tile tile-type-article\" style=\"max-width:none;min-height:none\"><div class=\"card rounded-5 border-0\"><div class=\"article-tile-link-container rounded-5 overflow-hidden\"><div class=\"article-tile-link-content p-3 p-md-5\"><a href=\"https:\/\/www.intertronicsolutions.com\/\" target=\"_self\" class=\"article-tile-link-image d-inline-flex\" rel=\"noopener\"><div class=\"card-img-top rounded-5 overflow-hidden\"><img loading=\"lazy\" decoding=\"async\" src=\"https:\/\/sites.calian.com\/app\/uploads\/sites\/9\/2024\/03\/Intertronic.jpg\" alt=\"Logo d'intertronic, une entreprise californienne, avec un swoosh bleu stylis&#xE9; au-dessus du texte.\" width=\"400\" height=\"400\" class=\"img-fluid\"\/><\/div><\/a><p class=\"card-text mb-4\">InterTronic produit des syst\u00e8mes d&#8217;antennes de haute performance qui maximisent l&#8217;exp\u00e9rience des utilisateurs dans les domaines de la radioastronomie, du radar, de la guerre \u00e9lectronique, de l&#8217;espace lointain et de la communication par satellite.<\/p><div class=\"card-link\"><a href=\"https:\/\/www.intertronicsolutions.com\/\" class=\"link-primary text-decoration-none d-inline-flex align-items-center\">Site web<span class=\"icon icon-arrow-right\"><\/span><\/a><\/div><a href=\"https:\/\/www.intertronicsolutions.com\/\" target=\"_self\" class=\"article-tile-link-cover\" rel=\"noopener\"><\/a><\/div><\/div><\/div><\/div><\/div><div class=\"calian-content-tile-group__column mb-lg-4 col-12 col-lg-4\"><div class=\"calian-content-tile tile-type-article\" style=\"max-width:none;min-height:none\"><div class=\"card rounded-5 border-0\"><div class=\"article-tile-link-container rounded-5 overflow-hidden\"><div class=\"article-tile-link-content p-3 p-md-5\"><a href=\"http:\/\/www.primacyclinics.ca\/\" target=\"_self\" class=\"article-tile-link-image d-inline-flex\" rel=\"noopener\"><div class=\"card-img-top rounded-5 overflow-hidden\"><img loading=\"lazy\" decoding=\"async\" src=\"https:\/\/sites.calian.com\/app\/uploads\/sites\/9\/2024\/03\/Primacy.jpg\" alt=\"Logo de primacy, une entreprise californienne, repr&#xE9;sentant une silhouette humaine abstraite et un swoosh au-dessus du nom de l'entreprise.\" width=\"400\" height=\"400\" class=\"img-fluid\"\/><\/div><\/a><p class=\"card-text mb-4\">Primacy Management Inc, une division de Calian Ltd., est la plus grande soci\u00e9t\u00e9 de gestion de biens m\u00e9dicaux au Canada, avec plus de 900 m\u00e9decins fournissant des services de soins de sant\u00e9 primaires \u00e0 plus de 6 millions de patients par an.<\/p><div class=\"card-link\"><a href=\"http:\/\/www.primacyclinics.ca\/\" class=\"link-primary text-decoration-none d-inline-flex align-items-center\">Site web<span class=\"icon icon-arrow-right\"><\/span><\/a><\/div><a href=\"http:\/\/www.primacyclinics.ca\/\" target=\"_self\" class=\"article-tile-link-cover\" rel=\"noopener\"><\/a><\/div><\/div><\/div><\/div><\/div><div class=\"calian-content-tile-group__column mb-lg-4 col-12 col-lg-4\"><div class=\"calian-content-tile tile-type-article\" style=\"max-width:none;min-height:none\"><div class=\"card rounded-5 border-0\"><div class=\"article-tile-link-container rounded-5 overflow-hidden\"><div class=\"article-tile-link-content p-3 p-md-5\"><a href=\"https:\/\/satservicegmbh.de\/en\/home.html\" target=\"_self\" class=\"article-tile-link-image d-inline-flex\" rel=\"noopener\"><div class=\"card-img-top rounded-5 overflow-hidden\"><img loading=\"lazy\" decoding=\"async\" src=\"https:\/\/sites.calian.com\/app\/uploads\/sites\/9\/2024\/03\/SatService.jpg\" alt=\"Logo de satservice, une entreprise californienne, repr&#xE9;sentant un swoosh bleu stylis&#xE9; au-dessus du nom de l'entreprise.\" width=\"400\" height=\"400\" class=\"img-fluid\"\/><\/div><\/a><p class=\"card-text mb-4\">SatService GmbH, bas\u00e9e \u00e0 Steisslingen, en Allemagne, propose des solutions d&#8217;ing\u00e9nierie et des produits innovants pour le march\u00e9 des communications par satellite.<\/p><div class=\"card-link\"><a href=\"https:\/\/satservicegmbh.de\/en\/home.html\" class=\"link-primary text-decoration-none d-inline-flex align-items-center\">Site web<span class=\"icon icon-arrow-right\"><\/span><\/a><\/div><a href=\"https:\/\/satservicegmbh.de\/en\/home.html\" target=\"_self\" class=\"article-tile-link-cover\" rel=\"noopener\"><\/a><\/div><\/div><\/div><\/div><\/div><div class=\"calian-content-tile-group__column mb-lg-4 col-12 col-lg-4\"><div class=\"calian-content-tile tile-type-article\" style=\"max-width:none;min-height:none\"><div class=\"card rounded-5 border-0\"><div class=\"article-tile-link-container rounded-5 overflow-hidden\"><div class=\"article-tile-link-content p-3 p-md-5\"><a href=\"https:\/\/www.tallysman.com\/\" target=\"_self\" class=\"article-tile-link-image d-inline-flex\" rel=\"noopener\"><div class=\"card-img-top rounded-5 overflow-hidden\"><img loading=\"lazy\" decoding=\"async\" src=\"https:\/\/sites.calian.com\/app\/uploads\/sites\/9\/2024\/03\/Tallysman.jpg\" alt=\"Logo de tallysman, une entreprise californienne, pr&#xE9;sentant un motif circulaire abstrait &#xE0; c&#xF4;t&#xE9; du nom de l'entreprise.\" width=\"400\" height=\"400\" class=\"img-fluid\"\/><\/div><\/a><p class=\"card-text mb-4\">Tallysman offre la plus large gamme d&#8217;antennes GNSS de pr\u00e9cision et personnalis\u00e9es.<\/p><div class=\"card-link\"><a href=\"https:\/\/www.tallysman.com\/\" class=\"link-primary text-decoration-none d-inline-flex align-items-center\">Site web<span class=\"icon icon-arrow-right\"><\/span><\/a><\/div><a href=\"https:\/\/www.tallysman.com\/\" target=\"_self\" class=\"article-tile-link-cover\" rel=\"noopener\"><\/a><\/div><\/div><\/div><\/div><\/div><div class=\"calian-content-tile-group__column mb-lg-4 col-12 col-lg-4\"><div class=\"calian-content-tile tile-type-article\" style=\"max-width:none;min-height:none\"><div class=\"card rounded-5 border-0\"><div class=\"article-tile-link-container rounded-5 overflow-hidden\"><div class=\"article-tile-link-content p-3 p-md-5\"><a href=\"https:\/\/www.decisivegroup.com\/\" target=\"_self\" class=\"article-tile-link-image d-inline-flex\" rel=\"noopener\"><div class=\"card-img-top rounded-5 overflow-hidden\"><img decoding=\"async\" src=\"https:\/\/sites.calian.com\/app\/uploads\/sites\/9\/2024\/03\/Decisive-2023-trans-logo-1.svg\" alt=\"\" class=\"img-fluid\"\/><\/div><\/a><p class=\"card-text mb-4\">Decisive Group con\u00e7oit, construit et maintient l&#8217;infrastructure informatique de l&#8217;entreprise et le nuage hybride, ainsi que la gestion et la protection des donn\u00e9es.<\/p><div class=\"card-link\"><a href=\"https:\/\/www.decisivegroup.com\/\" class=\"link-primary text-decoration-none d-inline-flex align-items-center\">Site web<span class=\"icon icon-arrow-right\"><\/span><\/a><\/div><a href=\"https:\/\/www.decisivegroup.com\/\" target=\"_self\" class=\"article-tile-link-cover\" rel=\"noopener\"><\/a><\/div><\/div><\/div><\/div><\/div><div class=\"calian-content-tile-group__column mb-lg-4 col-12 col-lg-4\"><div class=\"calian-content-tile tile-type-article\" style=\"max-width:none;min-height:none\"><div class=\"card rounded-5 border-0\"><div class=\"article-tile-link-container rounded-5 overflow-hidden\"><div class=\"article-tile-link-content p-3 p-md-5\"><p class=\"card-text mb-4\">Alio Health se sp\u00e9cialise dans la conception et la mise en \u0153uvre de programmes complets de soutien aux patients (PSP) qui am\u00e9liorent l&#8217;exp\u00e9rience du patient tout au long de son parcours de traitement.<\/p><div class=\"card-link\"><a href=\"https:\/\/www.aliohealth.com\/\" class=\"link-primary text-decoration-none d-inline-flex align-items-center\">Site web<span class=\"icon icon-arrow-right\"><\/span><\/a><\/div><a href=\"https:\/\/www.aliohealth.com\/\" target=\"_self\" class=\"article-tile-link-cover\" rel=\"noopener\"><\/a><\/div><\/div><\/div><\/div><\/div><div class=\"calian-content-tile-group__column mb-lg-4 col-12 col-lg-4\"><div class=\"calian-content-tile tile-type-article\" style=\"max-width:none;min-height:none\"><div class=\"card rounded-5 border-0\"><div class=\"article-tile-link-container rounded-5 overflow-hidden\"><div class=\"article-tile-link-content p-3 p-md-5\"><p class=\"card-text mb-4\">Allphase Clinical Research Inc. est une organisation de recherche sous contrat (CRO) offrant des services de gestion et de strat\u00e9gie de d\u00e9veloppement clinique de haute qualit\u00e9 pour les entreprises dont les produits sont en phase de d\u00e9marrage ou en phase de post-commercialisation.<\/p><div class=\"card-link\"><a href=\"https:\/\/www.allphaseclinical.com\/\" class=\"link-primary text-decoration-none d-inline-flex align-items-center\">Site web<span class=\"icon icon-arrow-right\"><\/span><\/a><\/div><a href=\"https:\/\/www.allphaseclinical.com\/\" target=\"_self\" class=\"article-tile-link-cover\" rel=\"noopener\"><\/a><\/div><\/div><\/div><\/div><\/div><div class=\"calian-content-tile-group__column mb-lg-4 col-12 col-lg-4\"><div class=\"calian-content-tile\" style=\"max-width:none;min-height:none\"><\/div><\/div><\/div><\/div><\/div><\/div><\/div>\n","protected":false},"excerpt":{"rendered":"<p>Entreprises Calian Depuis 1982, les acquisitions ont jou\u00e9 un r\u00f4le cl\u00e9 dans l&#8217;\u00e9volution de Calian et elles restent un aspect important de notre strat\u00e9gie de croissance. <a href=\"https:\/\/www.simfront.com\/\" target=\"_self\" class=\"article-tile-link-image d-inline-flex\" rel=\"noopener\"> <\/a> <\/p>\n<p class=\"card-text mb-4\"> SimFront est sp\u00e9cialis\u00e9 dans la formation, les technologies de simulation et les plateformes d&#8217;int\u00e9gration visant \u00e0 renforcer la prise de d\u00e9cision, la performance et &hellip;<\/p>\n","protected":false},"author":1,"featured_media":0,"parent":0,"menu_order":0,"comment_status":"closed","ping_status":"closed","template":"","meta":{"_acf_changed":false,"content-type":"","footnotes":""},"solution":[],"industry":[],"type_classification":[],"class_list":["post-2789","page","type-page","status-publish","hentry"],"acf":[],"yoast_head":"<!-- This site is optimized with the Yoast SEO plugin v26.4 - https:\/\/yoast.com\/wordpress\/plugins\/seo\/ -->\n<title>Entreprises Calian - Calian Corporate<\/title>\n<meta name=\"robots\" content=\"index, follow, max-snippet:-1, max-image-preview:large, max-video-preview:-1\" \/>\n<link rel=\"canonical\" href=\"https:\/\/www.calian.com\/fr\/calian-companies\/\" \/>\n<meta property=\"og:locale\" content=\"fr_FR\" \/>\n<meta property=\"og:type\" content=\"article\" \/>\n<meta property=\"og:title\" content=\"Entreprises Calian - Calian Corporate\" \/>\n<meta property=\"og:description\" content=\"Entreprises Calian Depuis 1982, les acquisitions ont jou\u00e9 un r\u00f4le cl\u00e9 dans l&#8217;\u00e9volution de Calian et elles restent un aspect important de notre strat\u00e9gie de croissance.  SimFront est sp\u00e9cialis\u00e9 dans la formation, les technologies de simulation et les plateformes d&#8217;int\u00e9gration visant \u00e0 renforcer la prise de d\u00e9cision, la performance et &hellip;\" \/>\n<meta property=\"og:url\" content=\"https:\/\/www.calian.com\/fr\/calian-companies\/\" \/>\n<meta property=\"og:site_name\" content=\"Calian Corporate\" \/>\n<meta property=\"article:modified_time\" content=\"2025-01-27T17:34:21+00:00\" \/>\n<meta property=\"og:image\" content=\"https:\/\/www.calian.com\/app\/uploads\/sites\/9\/2024\/03\/SimFront.jpg\" \/>\n<meta name=\"twitter:card\" content=\"summary_large_image\" \/>\n<meta name=\"twitter:label1\" content=\"Est. reading time\" \/>\n\t<meta name=\"twitter:data1\" content=\"3 minutes\" \/>\n<script type=\"application\/ld+json\" class=\"yoast-schema-graph\">{\"@context\":\"https:\/\/schema.org\",\"@graph\":[{\"@type\":\"WebPage\",\"@id\":\"https:\/\/www.calian.com\/fr\/calian-companies\/\",\"url\":\"https:\/\/www.calian.com\/fr\/calian-companies\/\",\"name\":\"Entreprises Calian - Calian Corporate\",\"isPartOf\":{\"@id\":\"https:\/\/www.calian.com\/fr\/#website\"},\"primaryImageOfPage\":{\"@id\":\"https:\/\/www.calian.com\/fr\/calian-companies\/#primaryimage\"},\"image\":{\"@id\":\"https:\/\/www.calian.com\/fr\/calian-companies\/#primaryimage\"},\"thumbnailUrl\":\"https:\/\/sites.calian.com\/app\/uploads\/sites\/9\/2024\/03\/SimFront.jpg\",\"datePublished\":\"2024-03-20T13:45:34+00:00\",\"dateModified\":\"2025-01-27T17:34:21+00:00\",\"breadcrumb\":{\"@id\":\"https:\/\/www.calian.com\/fr\/calian-companies\/#breadcrumb\"},\"inLanguage\":\"fr-FR\",\"potentialAction\":[{\"@type\":\"ReadAction\",\"target\":[\"https:\/\/www.calian.com\/fr\/calian-companies\/\"]}]},{\"@type\":\"ImageObject\",\"inLanguage\":\"fr-FR\",\"@id\":\"https:\/\/www.calian.com\/fr\/calian-companies\/#primaryimage\",\"url\":\"https:\/\/sites.calian.com\/app\/uploads\/sites\/9\/2024\/03\/SimFront.jpg\",\"contentUrl\":\"https:\/\/sites.calian.com\/app\/uploads\/sites\/9\/2024\/03\/SimFront.jpg\"},{\"@type\":\"BreadcrumbList\",\"@id\":\"https:\/\/www.calian.com\/fr\/calian-companies\/#breadcrumb\",\"itemListElement\":[{\"@type\":\"ListItem\",\"position\":1,\"name\":\"Accueil\",\"item\":\"https:\/\/www.calian.com\/fr\/\"},{\"@type\":\"ListItem\",\"position\":2,\"name\":\"Entreprises Calian\"}]},{\"@type\":\"WebSite\",\"@id\":\"https:\/\/www.calian.com\/fr\/#website\",\"url\":\"https:\/\/www.calian.com\/fr\/\",\"name\":\"Calian Corporate\",\"description\":\"Just another WordPress site\",\"publisher\":{\"@id\":\"https:\/\/www.calian.com\/fr\/#organization\"},\"potentialAction\":[{\"@type\":\"SearchAction\",\"target\":{\"@type\":\"EntryPoint\",\"urlTemplate\":\"https:\/\/www.calian.com\/fr\/?s={search_term_string}\"},\"query-input\":{\"@type\":\"PropertyValueSpecification\",\"valueRequired\":true,\"valueName\":\"search_term_string\"}}],\"inLanguage\":\"fr-FR\"},{\"@type\":\"Organization\",\"@id\":\"https:\/\/www.calian.com\/fr\/#organization\",\"name\":\"Calian Corporate\",\"url\":\"https:\/\/www.calian.com\/fr\/\",\"logo\":{\"@type\":\"ImageObject\",\"inLanguage\":\"fr-FR\",\"@id\":\"https:\/\/www.calian.com\/fr\/#\/schema\/logo\/image\/\",\"url\":\"https:\/\/sites.calian.com\/app\/uploads\/sites\/9\/2026\/01\/2026-Logo-Calian-FR-RGB-DIGITAL.svg\",\"contentUrl\":\"https:\/\/sites.calian.com\/app\/uploads\/sites\/9\/2026\/01\/2026-Logo-Calian-FR-RGB-DIGITAL.svg\",\"width\":977,\"height\":648,\"caption\":\"Calian Corporate\"},\"image\":{\"@id\":\"https:\/\/www.calian.com\/fr\/#\/schema\/logo\/image\/\"}}]}<\/script>\n<!-- \/ Yoast SEO plugin. -->","yoast_head_json":{"title":"Entreprises Calian - Calian Corporate","robots":{"index":"index","follow":"follow","max-snippet":"max-snippet:-1","max-image-preview":"max-image-preview:large","max-video-preview":"max-video-preview:-1"},"canonical":"https:\/\/www.calian.com\/fr\/calian-companies\/","og_locale":"fr_FR","og_type":"article","og_title":"Entreprises Calian - Calian Corporate","og_description":"Entreprises Calian Depuis 1982, les acquisitions ont jou\u00e9 un r\u00f4le cl\u00e9 dans l&#8217;\u00e9volution de Calian et elles restent un aspect important de notre strat\u00e9gie de croissance.  SimFront est sp\u00e9cialis\u00e9 dans la formation, les technologies de simulation et les plateformes d&#8217;int\u00e9gration visant \u00e0 renforcer la prise de d\u00e9cision, la performance et &hellip;","og_url":"https:\/\/www.calian.com\/fr\/calian-companies\/","og_site_name":"Calian Corporate","article_modified_time":"2025-01-27T17:34:21+00:00","og_image":[{"url":"https:\/\/www.calian.com\/app\/uploads\/sites\/9\/2024\/03\/SimFront.jpg","type":"","width":"","height":""}],"twitter_card":"summary_large_image","twitter_misc":{"Est. reading time":"3 minutes"},"schema":{"@context":"https:\/\/schema.org","@graph":[{"@type":"WebPage","@id":"https:\/\/www.calian.com\/fr\/calian-companies\/","url":"https:\/\/www.calian.com\/fr\/calian-companies\/","name":"Entreprises Calian - Calian Corporate","isPartOf":{"@id":"https:\/\/www.calian.com\/fr\/#website"},"primaryImageOfPage":{"@id":"https:\/\/www.calian.com\/fr\/calian-companies\/#primaryimage"},"image":{"@id":"https:\/\/www.calian.com\/fr\/calian-companies\/#primaryimage"},"thumbnailUrl":"https:\/\/sites.calian.com\/app\/uploads\/sites\/9\/2024\/03\/SimFront.jpg","datePublished":"2024-03-20T13:45:34+00:00","dateModified":"2025-01-27T17:34:21+00:00","breadcrumb":{"@id":"https:\/\/www.calian.com\/fr\/calian-companies\/#breadcrumb"},"inLanguage":"fr-FR","potentialAction":[{"@type":"ReadAction","target":["https:\/\/www.calian.com\/fr\/calian-companies\/"]}]},{"@type":"ImageObject","inLanguage":"fr-FR","@id":"https:\/\/www.calian.com\/fr\/calian-companies\/#primaryimage","url":"https:\/\/sites.calian.com\/app\/uploads\/sites\/9\/2024\/03\/SimFront.jpg","contentUrl":"https:\/\/sites.calian.com\/app\/uploads\/sites\/9\/2024\/03\/SimFront.jpg"},{"@type":"BreadcrumbList","@id":"https:\/\/www.calian.com\/fr\/calian-companies\/#breadcrumb","itemListElement":[{"@type":"ListItem","position":1,"name":"Accueil","item":"https:\/\/www.calian.com\/fr\/"},{"@type":"ListItem","position":2,"name":"Entreprises Calian"}]},{"@type":"WebSite","@id":"https:\/\/www.calian.com\/fr\/#website","url":"https:\/\/www.calian.com\/fr\/","name":"Calian Corporate","description":"Just another WordPress site","publisher":{"@id":"https:\/\/www.calian.com\/fr\/#organization"},"potentialAction":[{"@type":"SearchAction","target":{"@type":"EntryPoint","urlTemplate":"https:\/\/www.calian.com\/fr\/?s={search_term_string}"},"query-input":{"@type":"PropertyValueSpecification","valueRequired":true,"valueName":"search_term_string"}}],"inLanguage":"fr-FR"},{"@type":"Organization","@id":"https:\/\/www.calian.com\/fr\/#organization","name":"Calian Corporate","url":"https:\/\/www.calian.com\/fr\/","logo":{"@type":"ImageObject","inLanguage":"fr-FR","@id":"https:\/\/www.calian.com\/fr\/#\/schema\/logo\/image\/","url":"https:\/\/sites.calian.com\/app\/uploads\/sites\/9\/2026\/01\/2026-Logo-Calian-FR-RGB-DIGITAL.svg","contentUrl":"https:\/\/sites.calian.com\/app\/uploads\/sites\/9\/2026\/01\/2026-Logo-Calian-FR-RGB-DIGITAL.svg","width":977,"height":648,"caption":"Calian Corporate"},"image":{"@id":"https:\/\/www.calian.com\/fr\/#\/schema\/logo\/image\/"}}]}},"_links":{"self":[{"href":"https:\/\/www.calian.com\/fr\/wp-json\/wp\/v2\/pages\/2789","targetHints":{"allow":["GET"]}}],"collection":[{"href":"https:\/\/www.calian.com\/fr\/wp-json\/wp\/v2\/pages"}],"about":[{"href":"https:\/\/www.calian.com\/fr\/wp-json\/wp\/v2\/types\/page"}],"author":[{"embeddable":true,"href":"https:\/\/www.calian.com\/fr\/wp-json\/wp\/v2\/users\/1"}],"replies":[{"embeddable":true,"href":"https:\/\/www.calian.com\/fr\/wp-json\/wp\/v2\/comments?post=2789"}],"version-history":[{"count":9,"href":"https:\/\/www.calian.com\/fr\/wp-json\/wp\/v2\/pages\/2789\/revisions"}],"predecessor-version":[{"id":5229,"href":"https:\/\/www.calian.com\/fr\/wp-json\/wp\/v2\/pages\/2789\/revisions\/5229"}],"wp:attachment":[{"href":"https:\/\/www.calian.com\/fr\/wp-json\/wp\/v2\/media?parent=2789"}],"wp:term":[{"taxonomy":"solution","embeddable":true,"href":"https:\/\/www.calian.com\/fr\/wp-json\/wp\/v2\/solution?post=2789"},{"taxonomy":"industry","embeddable":true,"href":"https:\/\/www.calian.com\/fr\/wp-json\/wp\/v2\/industry?post=2789"},{"taxonomy":"type_classification","embeddable":true,"href":"https:\/\/www.calian.com\/fr\/wp-json\/wp\/v2\/type_classification?post=2789"}],"curies":[{"name":"wp","href":"https:\/\/api.w.org\/{rel}","templated":true}]}}