{"id":1602,"date":"2024-02-28T18:35:57","date_gmt":"2024-02-28T23:35:57","guid":{"rendered":"https:\/\/www.calian.com\/?page_id=1602"},"modified":"2026-02-18T09:09:29","modified_gmt":"2026-02-18T14:09:29","slug":"nous-contacter","status":"publish","type":"page","link":"https:\/\/www.calian.com\/fr\/nous-contacter\/","title":{"rendered":"Nous contacter"},"content":{"rendered":"\n<div class=\"tbk-hydrate-component\" data-cid=\"d3abd31d-afe1-4d65-8995-4661ba14b19f\" data-component=\"Hero\"><section class=\"calian-hero d-flex h-100 position-relative overflow-hidden nav-indent wp-block-calian-com-components-calian-hero media-position-wallpaper overlay-themed breadcrumbs-hidden\"><div class=\"container\"><div class=\"row\"><div class=\"calian-hero__content d-flex col-lg flex-column pb-3 justify-content-center h-100 text-left\"><div class=\"calian-hero__copy-wrapper\"><h1 class=\"calian-hero__heading text-white\">Nous contacter<\/h1><div class=\"calian-hero__text text-white mt-2 mb-4\"><br\/><\/div><\/div><\/div><div class=\"calian-hero__media col-md w-100 h-100 media-style-wallpaper position-absolute opacity-25 top-0 start-0 p-0\"><div class=\"media-wrapper ml-auto mr-0 w-100 h-100\"><div class=\"advanced-image w-100 h-100\"><img decoding=\"async\" src=\"https:\/\/www.calian.com\/app\/uploads\/sites\/9\/2024\/02\/AdobeStock_660755893-scaled-e1709152443394-1024x558.jpeg\" alt=\"Un groupe d'hommes d'affaires marchant dans un immeuble de bureaux.\" width=\"1024\" height=\"558\" class=\"calian-hero__image\" loading=\"lazy\"\/><\/div><\/div><\/div><\/div><\/div><div class=\"calian-hero__overlay overlay-themed position-absolute w-100 h-100 top-0 start-0 has-image\"><\/div><span><\/span><\/section><\/div>\n\n<div class=\"tbk-hydrate-component\" data-cid=\"34cdba99-1bc6-4059-a9fe-ab4e4b1399ff\" data-component=\"CalianContainer\"><div class=\"calian-container calian-container-fluid text-center wp-block-calian-com-components-calian-container\"><div>\n<div class=\"tbk-hydrate-component\" data-cid=\"360ed136-b80b-4594-b127-b6c4fd464ef9\" data-component=\"Spacer\"><div class=\"calian-spacer wp-block-calian-com-components-calian-spacer\"><\/div><\/div>\n\n\n\n<div class=\"tbk-hydrate-component\" data-cid=\"c2790ad5-851d-4824-a2bc-b846bce5e027\" data-component=\"CTABar\"><div class=\"calian-cta-bar theme-light wp-block-calian-com-components-calian-cta-bar\"><div class=\"calian-cta-bar__container container-fluid\"><div class=\"calian-cta-bar__vertical container-fluid position-relative\"><div class=\"row\"><div class=\"calian-cta-bar__vertical--content col-12\"><h2 class=\"calian-cta-bar__vertical--heading\">Connectez-vous avec Calian <\/h2><div class=\"calian-cta-bar__vertical--description\">Appelez-nous au<strong> 1 877 225-4264<\/strong> ou utilisez les liens ci-dessous pour contacter notre \u00e9quipe charg\u00e9e des m\u00e9dias, pour nous faire part d&#8217;un appel d&#8217;offres, pour en savoir plus sur Calian ou pour contacter l&#8217;un de nos sp\u00e9cialistes en solutions. <\/div><div class=\"calian-cta-bar__vertical--buttons\"><a href=\"mailto:media@calian.com\" class=\"btn btn-dark\"><i class=\"icon icon-megaphone\"><\/i>M\u00e9dias<\/a><a href=\"#contact-form\" class=\"btn btn-dark\"><i class=\"icon icon-user-circle-gear\"><\/i>Courriel<\/a><a href=\"https:\/\/www.calian.com\/fr\/locations\/\" class=\"btn btn-dark\" target=\"_blank\" rel=\"noreferrer noopener\"><i class=\"icon icon-map-pin\"><\/i>Emplacements<\/a><\/div><\/div><\/div><\/div><\/div><\/div><\/div>\n\n\n\n<div class=\"tbk-hydrate-component\" data-cid=\"ba328b64-79f0-447e-b474-2425062015d5\" data-component=\"Spacer\"><div class=\"calian-spacer wp-block-calian-com-components-calian-spacer\"><\/div><\/div>\n<\/div><\/div><\/div>\n\n<div class=\"tbk-hydrate-component\" data-cid=\"ffc1fb82-6245-4368-aa4a-d6ba5d57deeb\" data-component=\"ContactCTAHubSpot\"><div id=\"contact-form\" class=\"calian-contact-cta overflow-hidden position-relative default wp-block-calian-com-components-calian-contact-cta-hub-spot\"><div class=\"calian-contact-cta__overlay position-absolute z-2\"><\/div><img decoding=\"async\" src=\"https:\/\/sites.calian.com\/app\/uploads\/sites\/9\/2024\/02\/iStock-1418116316-1024x576.jpg\" alt=\"Une ampoule avec un globe vert &#xE0; l'int&#xE9;rieur.\" width=\"1024\" height=\"576\" class=\"calian-contact-cta__background-image position-absolute z-1\" loading=\"lazy\"\/><div class=\"calian-contact-cta__container mx-auto py-5 py-md-10 position-relative z-3\"><div class=\"d-flex\"><div class=\"calian-contact-cta__form mx-auto px-3 w-100 me-lg-0\"><h2>Contactez nous<\/h2><p>Contactez Calian par courriel en utilisant le formulaire ci-dessous<\/p><div class=\"hs-form__container\" data-form-container=\"hubspotForm-0-container\"><div class=\"hs-form__container-inner\"><div class=\"d-flex justify-content-center p-1\"><div class=\"spinner-border text-primary \" role=\"status\" style=\"width:3rem;height:3rem\"><span class=\"visually-hidden\">Chargement&#8230;<\/span><\/div><\/div><div class=\"hs-form__target\" id=\"hubspotForm-0\" style=\"max-height:none;opacity:1\"><\/div><\/div><\/div><\/div><\/div><\/div><\/div><\/div>\n\n<div class=\"tbk-hydrate-component\" data-cid=\"543fdf6a-8be9-44a6-8dec-485696aadb6e\" data-component=\"Spacer\"><div class=\"calian-spacer wp-block-calian-com-components-calian-spacer\"><\/div><\/div>\n\n<div class=\"tbk-hydrate-component\" data-cid=\"b35802f4-bdb6-4074-bafc-8fe401cb0fad\" data-component=\"Spacer\"><div class=\"calian-spacer wp-block-calian-com-components-calian-spacer\"><\/div><\/div>\n","protected":false},"excerpt":{"rendered":"<p>Nous contacter <br \/> Connectez-vous avec Calian Appelez-nous au 1 877 225-4264 ou utilisez les liens ci-dessous pour contacter notre \u00e9quipe charg\u00e9e des m\u00e9dias, pour nous faire part d&#8217;un appel d&#8217;offres, pour en savoir plus sur Calian ou pour contacter l&#8217;un de nos sp\u00e9cialistes en solutions. <a href=\"mailto:media@calian.com\" class=\"btn btn-dark\"> M\u00e9dias <\/a> <a href=\"#contact-form\" class=\"btn btn-dark\"> Courriel <\/a> <a href=\"https:\/\/www.calian.com\/fr\/locations\/\" class=\"btn &hellip;\n<\/p>\n","protected":false},"author":7592,"featured_media":0,"parent":0,"menu_order":0,"comment_status":"closed","ping_status":"closed","template":"","meta":{"_acf_changed":false,"content-type":"","footnotes":""},"solution":[],"industry":[],"type_classification":[],"class_list":["post-1602","page","type-page","status-publish","hentry"],"acf":[],"yoast_head":"<!-- This site is optimized with the Yoast SEO plugin v26.4 - https:\/\/yoast.com\/wordpress\/plugins\/seo\/ -->\n<title>Nous contacter - Calian Corporate<\/title>\n<meta name=\"description\" content=\"Prenez contact avec Calian d\u00e8s aujourd&#039;hui. Qu&#039;il s&#039;agisse de questions sur nos services ou d&#039;opportunit\u00e9s de partenariat, nous sommes pr\u00eats \u00e0 d\u00e9passer vos attentes.\" \/>\n<meta name=\"robots\" content=\"index, follow, max-snippet:-1, max-image-preview:large, max-video-preview:-1\" \/>\n<link rel=\"canonical\" href=\"https:\/\/www.calian.com\/fr\/nous-contacter\/\" \/>\n<meta property=\"og:locale\" content=\"fr_FR\" \/>\n<meta property=\"og:type\" content=\"article\" \/>\n<meta property=\"og:title\" content=\"Nous contacter - Calian Corporate\" \/>\n<meta property=\"og:description\" content=\"Prenez contact avec Calian d\u00e8s aujourd&#039;hui. Qu&#039;il s&#039;agisse de questions sur nos services ou d&#039;opportunit\u00e9s de partenariat, nous sommes pr\u00eats \u00e0 d\u00e9passer vos attentes.\" \/>\n<meta property=\"og:url\" content=\"https:\/\/www.calian.com\/fr\/nous-contacter\/\" \/>\n<meta property=\"og:site_name\" content=\"Calian Corporate\" \/>\n<meta property=\"article:modified_time\" content=\"2026-02-18T14:09:29+00:00\" \/>\n<meta property=\"og:image\" content=\"https:\/\/www.calian.com\/app\/uploads\/sites\/9\/2024\/02\/AdobeStock_660755893-scaled-e1709152443394-1024x558.jpeg\" \/>\n<meta name=\"twitter:card\" content=\"summary_large_image\" \/>\n<script type=\"application\/ld+json\" class=\"yoast-schema-graph\">{\"@context\":\"https:\/\/schema.org\",\"@graph\":[{\"@type\":\"WebPage\",\"@id\":\"https:\/\/www.calian.com\/fr\/nous-contacter\/\",\"url\":\"https:\/\/www.calian.com\/fr\/nous-contacter\/\",\"name\":\"Nous contacter - Calian Corporate\",\"isPartOf\":{\"@id\":\"https:\/\/www.calian.com\/fr\/#website\"},\"primaryImageOfPage\":{\"@id\":\"https:\/\/www.calian.com\/fr\/nous-contacter\/#primaryimage\"},\"image\":{\"@id\":\"https:\/\/www.calian.com\/fr\/nous-contacter\/#primaryimage\"},\"thumbnailUrl\":\"https:\/\/www.calian.com\/app\/uploads\/sites\/9\/2024\/02\/AdobeStock_660755893-scaled-e1709152443394-1024x558.jpeg\",\"datePublished\":\"2024-02-28T23:35:57+00:00\",\"dateModified\":\"2026-02-18T14:09:29+00:00\",\"description\":\"Prenez contact avec Calian d\u00e8s aujourd'hui. Qu'il s'agisse de questions sur nos services ou d'opportunit\u00e9s de partenariat, nous sommes pr\u00eats \u00e0 d\u00e9passer vos attentes.\",\"breadcrumb\":{\"@id\":\"https:\/\/www.calian.com\/fr\/nous-contacter\/#breadcrumb\"},\"inLanguage\":\"fr-FR\",\"potentialAction\":[{\"@type\":\"ReadAction\",\"target\":[\"https:\/\/www.calian.com\/fr\/nous-contacter\/\"]}]},{\"@type\":\"ImageObject\",\"inLanguage\":\"fr-FR\",\"@id\":\"https:\/\/www.calian.com\/fr\/nous-contacter\/#primaryimage\",\"url\":\"https:\/\/www.calian.com\/app\/uploads\/sites\/9\/2024\/02\/AdobeStock_660755893-scaled-e1709152443394-1024x558.jpeg\",\"contentUrl\":\"https:\/\/www.calian.com\/app\/uploads\/sites\/9\/2024\/02\/AdobeStock_660755893-scaled-e1709152443394-1024x558.jpeg\"},{\"@type\":\"BreadcrumbList\",\"@id\":\"https:\/\/www.calian.com\/fr\/nous-contacter\/#breadcrumb\",\"itemListElement\":[{\"@type\":\"ListItem\",\"position\":1,\"name\":\"Accueil\",\"item\":\"https:\/\/www.calian.com\/fr\/\"},{\"@type\":\"ListItem\",\"position\":2,\"name\":\"Nous contacter\"}]},{\"@type\":\"WebSite\",\"@id\":\"https:\/\/www.calian.com\/fr\/#website\",\"url\":\"https:\/\/www.calian.com\/fr\/\",\"name\":\"Calian Corporate\",\"description\":\"Just another WordPress site\",\"publisher\":{\"@id\":\"https:\/\/www.calian.com\/fr\/#organization\"},\"potentialAction\":[{\"@type\":\"SearchAction\",\"target\":{\"@type\":\"EntryPoint\",\"urlTemplate\":\"https:\/\/www.calian.com\/fr\/?s={search_term_string}\"},\"query-input\":{\"@type\":\"PropertyValueSpecification\",\"valueRequired\":true,\"valueName\":\"search_term_string\"}}],\"inLanguage\":\"fr-FR\"},{\"@type\":\"Organization\",\"@id\":\"https:\/\/www.calian.com\/fr\/#organization\",\"name\":\"Calian Corporate\",\"url\":\"https:\/\/www.calian.com\/fr\/\",\"logo\":{\"@type\":\"ImageObject\",\"inLanguage\":\"fr-FR\",\"@id\":\"https:\/\/www.calian.com\/fr\/#\/schema\/logo\/image\/\",\"url\":\"https:\/\/sites.calian.com\/app\/uploads\/sites\/9\/2026\/01\/2026-Logo-Calian-FR-RGB-DIGITAL.svg\",\"contentUrl\":\"https:\/\/sites.calian.com\/app\/uploads\/sites\/9\/2026\/01\/2026-Logo-Calian-FR-RGB-DIGITAL.svg\",\"width\":977,\"height\":648,\"caption\":\"Calian Corporate\"},\"image\":{\"@id\":\"https:\/\/www.calian.com\/fr\/#\/schema\/logo\/image\/\"}}]}<\/script>\n<!-- \/ Yoast SEO plugin. -->","yoast_head_json":{"title":"Nous contacter - Calian Corporate","description":"Prenez contact avec Calian d\u00e8s aujourd'hui. Qu'il s'agisse de questions sur nos services ou d'opportunit\u00e9s de partenariat, nous sommes pr\u00eats \u00e0 d\u00e9passer vos attentes.","robots":{"index":"index","follow":"follow","max-snippet":"max-snippet:-1","max-image-preview":"max-image-preview:large","max-video-preview":"max-video-preview:-1"},"canonical":"https:\/\/www.calian.com\/fr\/nous-contacter\/","og_locale":"fr_FR","og_type":"article","og_title":"Nous contacter - Calian Corporate","og_description":"Prenez contact avec Calian d\u00e8s aujourd'hui. Qu'il s'agisse de questions sur nos services ou d'opportunit\u00e9s de partenariat, nous sommes pr\u00eats \u00e0 d\u00e9passer vos attentes.","og_url":"https:\/\/www.calian.com\/fr\/nous-contacter\/","og_site_name":"Calian Corporate","article_modified_time":"2026-02-18T14:09:29+00:00","og_image":[{"url":"https:\/\/www.calian.com\/app\/uploads\/sites\/9\/2024\/02\/AdobeStock_660755893-scaled-e1709152443394-1024x558.jpeg","type":"","width":"","height":""}],"twitter_card":"summary_large_image","schema":{"@context":"https:\/\/schema.org","@graph":[{"@type":"WebPage","@id":"https:\/\/www.calian.com\/fr\/nous-contacter\/","url":"https:\/\/www.calian.com\/fr\/nous-contacter\/","name":"Nous contacter - Calian Corporate","isPartOf":{"@id":"https:\/\/www.calian.com\/fr\/#website"},"primaryImageOfPage":{"@id":"https:\/\/www.calian.com\/fr\/nous-contacter\/#primaryimage"},"image":{"@id":"https:\/\/www.calian.com\/fr\/nous-contacter\/#primaryimage"},"thumbnailUrl":"https:\/\/www.calian.com\/app\/uploads\/sites\/9\/2024\/02\/AdobeStock_660755893-scaled-e1709152443394-1024x558.jpeg","datePublished":"2024-02-28T23:35:57+00:00","dateModified":"2026-02-18T14:09:29+00:00","description":"Prenez contact avec Calian d\u00e8s aujourd'hui. Qu'il s'agisse de questions sur nos services ou d'opportunit\u00e9s de partenariat, nous sommes pr\u00eats \u00e0 d\u00e9passer vos attentes.","breadcrumb":{"@id":"https:\/\/www.calian.com\/fr\/nous-contacter\/#breadcrumb"},"inLanguage":"fr-FR","potentialAction":[{"@type":"ReadAction","target":["https:\/\/www.calian.com\/fr\/nous-contacter\/"]}]},{"@type":"ImageObject","inLanguage":"fr-FR","@id":"https:\/\/www.calian.com\/fr\/nous-contacter\/#primaryimage","url":"https:\/\/www.calian.com\/app\/uploads\/sites\/9\/2024\/02\/AdobeStock_660755893-scaled-e1709152443394-1024x558.jpeg","contentUrl":"https:\/\/www.calian.com\/app\/uploads\/sites\/9\/2024\/02\/AdobeStock_660755893-scaled-e1709152443394-1024x558.jpeg"},{"@type":"BreadcrumbList","@id":"https:\/\/www.calian.com\/fr\/nous-contacter\/#breadcrumb","itemListElement":[{"@type":"ListItem","position":1,"name":"Accueil","item":"https:\/\/www.calian.com\/fr\/"},{"@type":"ListItem","position":2,"name":"Nous contacter"}]},{"@type":"WebSite","@id":"https:\/\/www.calian.com\/fr\/#website","url":"https:\/\/www.calian.com\/fr\/","name":"Calian Corporate","description":"Just another WordPress site","publisher":{"@id":"https:\/\/www.calian.com\/fr\/#organization"},"potentialAction":[{"@type":"SearchAction","target":{"@type":"EntryPoint","urlTemplate":"https:\/\/www.calian.com\/fr\/?s={search_term_string}"},"query-input":{"@type":"PropertyValueSpecification","valueRequired":true,"valueName":"search_term_string"}}],"inLanguage":"fr-FR"},{"@type":"Organization","@id":"https:\/\/www.calian.com\/fr\/#organization","name":"Calian Corporate","url":"https:\/\/www.calian.com\/fr\/","logo":{"@type":"ImageObject","inLanguage":"fr-FR","@id":"https:\/\/www.calian.com\/fr\/#\/schema\/logo\/image\/","url":"https:\/\/sites.calian.com\/app\/uploads\/sites\/9\/2026\/01\/2026-Logo-Calian-FR-RGB-DIGITAL.svg","contentUrl":"https:\/\/sites.calian.com\/app\/uploads\/sites\/9\/2026\/01\/2026-Logo-Calian-FR-RGB-DIGITAL.svg","width":977,"height":648,"caption":"Calian Corporate"},"image":{"@id":"https:\/\/www.calian.com\/fr\/#\/schema\/logo\/image\/"}}]}},"_links":{"self":[{"href":"https:\/\/www.calian.com\/fr\/wp-json\/wp\/v2\/pages\/1602","targetHints":{"allow":["GET"]}}],"collection":[{"href":"https:\/\/www.calian.com\/fr\/wp-json\/wp\/v2\/pages"}],"about":[{"href":"https:\/\/www.calian.com\/fr\/wp-json\/wp\/v2\/types\/page"}],"author":[{"embeddable":true,"href":"https:\/\/www.calian.com\/fr\/wp-json\/wp\/v2\/users\/7592"}],"replies":[{"embeddable":true,"href":"https:\/\/www.calian.com\/fr\/wp-json\/wp\/v2\/comments?post=1602"}],"version-history":[{"count":13,"href":"https:\/\/www.calian.com\/fr\/wp-json\/wp\/v2\/pages\/1602\/revisions"}],"predecessor-version":[{"id":10234,"href":"https:\/\/www.calian.com\/fr\/wp-json\/wp\/v2\/pages\/1602\/revisions\/10234"}],"wp:attachment":[{"href":"https:\/\/www.calian.com\/fr\/wp-json\/wp\/v2\/media?parent=1602"}],"wp:term":[{"taxonomy":"solution","embeddable":true,"href":"https:\/\/www.calian.com\/fr\/wp-json\/wp\/v2\/solution?post=1602"},{"taxonomy":"industry","embeddable":true,"href":"https:\/\/www.calian.com\/fr\/wp-json\/wp\/v2\/industry?post=1602"},{"taxonomy":"type_classification","embeddable":true,"href":"https:\/\/www.calian.com\/fr\/wp-json\/wp\/v2\/type_classification?post=1602"}],"curies":[{"name":"wp","href":"https:\/\/api.w.org\/{rel}","templated":true}]}}