{"id":1599,"date":"2024-02-27T20:16:03","date_gmt":"2024-02-28T01:16:03","guid":{"rendered":"https:\/\/www.calian.com\/?page_id=1599"},"modified":"2026-02-18T09:08:48","modified_gmt":"2026-02-18T14:08:48","slug":"locations","status":"publish","type":"page","link":"https:\/\/www.calian.com\/fr\/locations\/","title":{"rendered":"Emplacements"},"content":{"rendered":"\n<div class=\"tbk-hydrate-component\" data-cid=\"cc6146f5-f397-4bb2-9bb5-78e6b4287484\" data-component=\"Hero\"><section class=\"calian-hero d-flex h-100 position-relative overflow-hidden nav-indent wp-block-calian-com-components-calian-hero media-position-wallpaper overlay-themed breadcrumbs-hidden\"><div class=\"container\"><div class=\"row\"><div class=\"calian-hero__content d-flex col-lg flex-column pb-3 justify-content-center h-100 text-left\"><div class=\"calian-hero__copy-wrapper\"><h1 class=\"calian-hero__heading text-white\">Sites de Calian<\/h1><div class=\"calian-hero__text text-white mt-2 mb-4\"><br\/><\/div><\/div><\/div><div class=\"calian-hero__media col-md w-100 h-100 media-style-wallpaper position-absolute opacity-25 top-0 start-0 p-0\"><div class=\"media-wrapper ml-auto mr-0 w-100 h-100\"><div class=\"advanced-image w-100 h-100\"><img decoding=\"async\" src=\"https:\/\/sites.calian.com\/app\/uploads\/sites\/9\/2024\/02\/Calian-global-locations-1024x576.jpg\" alt=\"Une image de la terre avec un r&#xE9;seau de connexions.\" width=\"1024\" height=\"576\" class=\"calian-hero__image\" loading=\"lazy\"\/><\/div><\/div><\/div><\/div><\/div><div class=\"calian-hero__overlay overlay-themed position-absolute w-100 h-100 top-0 start-0 has-image\"><\/div><span><\/span><\/section><\/div>\n\n<div class=\"tbk-hydrate-component\" data-cid=\"44bd9a24-81e0-4528-b240-8a9683c62543\" data-component=\"Spacer\"><div id=\"canada\" class=\"calian-spacer wp-block-calian-com-components-calian-spacer\"><\/div><\/div>\n\n<div class=\"tbk-hydrate-component\" data-cid=\"feff2816-91a7-44cc-a541-7715037dbd17\" data-component=\"LocationTile\"><div><div class=\"d-flex justify-content-center p-1\"><div class=\"spinner-border text-primary \" role=\"status\" style=\"width:3rem;height:3rem\"><span class=\"visually-hidden\">Chargement&#8230;<\/span><\/div><\/div><\/div><\/div>\n\n<div class=\"tbk-hydrate-component\" data-cid=\"d0294b58-7c9e-41d5-b93c-29c3dce53a51\" data-component=\"Spacer\"><div id=\"usa\" class=\"calian-spacer wp-block-calian-com-components-calian-spacer\"><\/div><\/div>\n\n<div class=\"tbk-hydrate-component\" data-cid=\"a7800367-200e-4a75-be2d-6fffa69c0f02\" data-component=\"LocationTile\"><div><div class=\"d-flex justify-content-center p-1\"><div class=\"spinner-border text-primary \" role=\"status\" style=\"width:3rem;height:3rem\"><span class=\"visually-hidden\">Chargement&#8230;<\/span><\/div><\/div><\/div><\/div>\n\n<div class=\"tbk-hydrate-component\" data-cid=\"cd1ef8c6-8b34-4fac-a15c-472e48ff3a40\" data-component=\"Spacer\"><div class=\"calian-spacer wp-block-calian-com-components-calian-spacer\"><\/div><\/div>\n\n<div class=\"tbk-hydrate-component\" data-cid=\"a0c8fa84-b138-4785-97d7-1e07b097b4c9\" data-component=\"LocationTile\"><div><div class=\"d-flex justify-content-center p-1\"><div class=\"spinner-border text-primary \" role=\"status\" style=\"width:3rem;height:3rem\"><span class=\"visually-hidden\">Chargement&#8230;<\/span><\/div><\/div><\/div><\/div>\n\n<div class=\"tbk-hydrate-component\" data-cid=\"4c4a1adc-1189-4769-ae04-b49adf5b4cbd\" data-component=\"Spacer\"><div class=\"calian-spacer wp-block-calian-com-components-calian-spacer\"><\/div><\/div>\n\n<div class=\"tbk-hydrate-component\" data-cid=\"2009e9c8-003b-4b64-a0be-6cd60037b830\" data-component=\"ContactCTAHubSpot\"><div id=\"contact-form\" class=\"calian-contact-cta overflow-hidden position-relative default wp-block-calian-com-components-calian-contact-cta-hub-spot\"><div class=\"calian-contact-cta__overlay position-absolute z-2\"><\/div><img decoding=\"async\" src=\"https:\/\/sites.calian.com\/app\/uploads\/sites\/9\/2024\/01\/Transportation-Highways-1024x576.jpg\" alt=\"Rush hour fast car moving night city ,Fast moving traffic drives moving fast light each effect line light cg time lapse\" width=\"1024\" height=\"576\" class=\"calian-contact-cta__background-image position-absolute z-1\" loading=\"lazy\"\/><div class=\"calian-contact-cta__container mx-auto py-5 py-md-10 position-relative z-3\"><div class=\"d-flex\"><div class=\"calian-contact-cta__form mx-auto px-3 w-100 me-lg-0\"><h2>Rejoindre Calian pour entamer votre parcours <\/h2><p>Rejoignez-nous pour un entamer un parcours dans l&#8217;avenir des transports, o\u00f9 la s\u00e9curit\u00e9 est primordiale, l&#8217;innovation est in\u00e9vitable et la connectivit\u00e9 est l&#8217;\u00e9l\u00e9ment vital du progr\u00e8s. <\/p><div class=\"hs-form__container\" data-form-container=\"hubspotForm-0-container\"><div class=\"hs-form__container-inner\"><div class=\"d-flex justify-content-center p-1\"><div class=\"spinner-border text-primary \" role=\"status\" style=\"width:3rem;height:3rem\"><span class=\"visually-hidden\">Chargement&#8230;<\/span><\/div><\/div><div class=\"hs-form__target\" id=\"hubspotForm-0\" style=\"max-height:none;opacity:1\"><\/div><\/div><\/div><\/div><\/div><\/div><\/div><\/div>\n\n<div class=\"tbk-hydrate-component\" data-cid=\"47e9061f-54bf-4d23-8c62-e6b63469ac4e\" data-component=\"Spacer\"><div class=\"calian-spacer wp-block-calian-com-components-calian-spacer\"><\/div><\/div>\n\n<div class=\"tbk-hydrate-component\" data-cid=\"d806c35c-3e71-4d03-ad19-f0aaafbac9f2\" data-component=\"Spacer\"><div class=\"calian-spacer wp-block-calian-com-components-calian-spacer\"><\/div><\/div>\n","protected":false},"excerpt":{"rendered":"<p>Sites de Calian <br \/> Chargement&#8230; Chargement&#8230; Chargement&#8230; Rejoindre Calian pour entamer votre parcours <\/p>\n<p> Rejoignez-nous pour un entamer un parcours dans l&#8217;avenir des transports, o\u00f9 la s\u00e9curit\u00e9 est primordiale, l&#8217;innovation est in\u00e9vitable et la connectivit\u00e9 est l&#8217;\u00e9l\u00e9ment vital du progr\u00e8s. <\/p>\n<p> Chargement&#8230;<\/p>\n","protected":false},"author":7592,"featured_media":0,"parent":0,"menu_order":0,"comment_status":"closed","ping_status":"closed","template":"","meta":{"_acf_changed":false,"content-type":"","footnotes":""},"solution":[],"industry":[],"type_classification":[],"class_list":["post-1599","page","type-page","status-publish","hentry"],"acf":[],"yoast_head":"<!-- This site is optimized with the Yoast SEO plugin v26.4 - https:\/\/yoast.com\/wordpress\/plugins\/seo\/ -->\n<title>Emplacements - Calian Corporate<\/title>\n<meta name=\"description\" content=\"D\u00e9couvrez la pr\u00e9sence mondiale de Calian. Avec des sites dans tout le Canada et dans le monde entier, notre r\u00e9seau \u00e9tendu vous assure que nous sommes toujours \u00e0 port\u00e9e de main.\" \/>\n<meta name=\"robots\" content=\"index, follow, max-snippet:-1, max-image-preview:large, max-video-preview:-1\" \/>\n<link rel=\"canonical\" href=\"https:\/\/www.calian.com\/fr\/locations\/\" \/>\n<meta property=\"og:locale\" content=\"fr_FR\" \/>\n<meta property=\"og:type\" content=\"article\" \/>\n<meta property=\"og:title\" content=\"Emplacements - Calian Corporate\" \/>\n<meta property=\"og:description\" content=\"D\u00e9couvrez la pr\u00e9sence mondiale de Calian. Avec des sites dans tout le Canada et dans le monde entier, notre r\u00e9seau \u00e9tendu vous assure que nous sommes toujours \u00e0 port\u00e9e de main.\" \/>\n<meta property=\"og:url\" content=\"https:\/\/www.calian.com\/fr\/locations\/\" \/>\n<meta property=\"og:site_name\" content=\"Calian Corporate\" \/>\n<meta property=\"article:modified_time\" content=\"2026-02-18T14:08:48+00:00\" \/>\n<meta property=\"og:image\" content=\"https:\/\/www.calian.com\/app\/uploads\/sites\/9\/2024\/02\/Calian-global-locations-1024x576.jpg\" \/>\n<meta name=\"twitter:card\" content=\"summary_large_image\" \/>\n<meta name=\"twitter:label1\" content=\"Est. reading time\" \/>\n\t<meta name=\"twitter:data1\" content=\"2 minutes\" \/>\n<script type=\"application\/ld+json\" class=\"yoast-schema-graph\">{\"@context\":\"https:\/\/schema.org\",\"@graph\":[{\"@type\":\"WebPage\",\"@id\":\"https:\/\/www.calian.com\/fr\/locations\/\",\"url\":\"https:\/\/www.calian.com\/fr\/locations\/\",\"name\":\"Emplacements - Calian Corporate\",\"isPartOf\":{\"@id\":\"https:\/\/www.calian.com\/fr\/#website\"},\"primaryImageOfPage\":{\"@id\":\"https:\/\/www.calian.com\/fr\/locations\/#primaryimage\"},\"image\":{\"@id\":\"https:\/\/www.calian.com\/fr\/locations\/#primaryimage\"},\"thumbnailUrl\":\"https:\/\/sites.calian.com\/app\/uploads\/sites\/9\/2024\/02\/Calian-global-locations-1024x576.jpg\",\"datePublished\":\"2024-02-28T01:16:03+00:00\",\"dateModified\":\"2026-02-18T14:08:48+00:00\",\"description\":\"D\u00e9couvrez la pr\u00e9sence mondiale de Calian. Avec des sites dans tout le Canada et dans le monde entier, notre r\u00e9seau \u00e9tendu vous assure que nous sommes toujours \u00e0 port\u00e9e de main.\",\"breadcrumb\":{\"@id\":\"https:\/\/www.calian.com\/fr\/locations\/#breadcrumb\"},\"inLanguage\":\"fr-FR\",\"potentialAction\":[{\"@type\":\"ReadAction\",\"target\":[\"https:\/\/www.calian.com\/fr\/locations\/\"]}]},{\"@type\":\"ImageObject\",\"inLanguage\":\"fr-FR\",\"@id\":\"https:\/\/www.calian.com\/fr\/locations\/#primaryimage\",\"url\":\"https:\/\/sites.calian.com\/app\/uploads\/sites\/9\/2024\/02\/Calian-global-locations-1024x576.jpg\",\"contentUrl\":\"https:\/\/sites.calian.com\/app\/uploads\/sites\/9\/2024\/02\/Calian-global-locations-1024x576.jpg\"},{\"@type\":\"BreadcrumbList\",\"@id\":\"https:\/\/www.calian.com\/fr\/locations\/#breadcrumb\",\"itemListElement\":[{\"@type\":\"ListItem\",\"position\":1,\"name\":\"Accueil\",\"item\":\"https:\/\/www.calian.com\/fr\/\"},{\"@type\":\"ListItem\",\"position\":2,\"name\":\"Emplacements\"}]},{\"@type\":\"WebSite\",\"@id\":\"https:\/\/www.calian.com\/fr\/#website\",\"url\":\"https:\/\/www.calian.com\/fr\/\",\"name\":\"Calian Corporate\",\"description\":\"Just another WordPress site\",\"publisher\":{\"@id\":\"https:\/\/www.calian.com\/fr\/#organization\"},\"potentialAction\":[{\"@type\":\"SearchAction\",\"target\":{\"@type\":\"EntryPoint\",\"urlTemplate\":\"https:\/\/www.calian.com\/fr\/?s={search_term_string}\"},\"query-input\":{\"@type\":\"PropertyValueSpecification\",\"valueRequired\":true,\"valueName\":\"search_term_string\"}}],\"inLanguage\":\"fr-FR\"},{\"@type\":\"Organization\",\"@id\":\"https:\/\/www.calian.com\/fr\/#organization\",\"name\":\"Calian Corporate\",\"url\":\"https:\/\/www.calian.com\/fr\/\",\"logo\":{\"@type\":\"ImageObject\",\"inLanguage\":\"fr-FR\",\"@id\":\"https:\/\/www.calian.com\/fr\/#\/schema\/logo\/image\/\",\"url\":\"https:\/\/sites.calian.com\/app\/uploads\/sites\/9\/2026\/01\/2026-Logo-Calian-FR-RGB-DIGITAL.svg\",\"contentUrl\":\"https:\/\/sites.calian.com\/app\/uploads\/sites\/9\/2026\/01\/2026-Logo-Calian-FR-RGB-DIGITAL.svg\",\"width\":977,\"height\":648,\"caption\":\"Calian Corporate\"},\"image\":{\"@id\":\"https:\/\/www.calian.com\/fr\/#\/schema\/logo\/image\/\"}}]}<\/script>\n<!-- \/ Yoast SEO plugin. -->","yoast_head_json":{"title":"Emplacements - Calian Corporate","description":"D\u00e9couvrez la pr\u00e9sence mondiale de Calian. Avec des sites dans tout le Canada et dans le monde entier, notre r\u00e9seau \u00e9tendu vous assure que nous sommes toujours \u00e0 port\u00e9e de main.","robots":{"index":"index","follow":"follow","max-snippet":"max-snippet:-1","max-image-preview":"max-image-preview:large","max-video-preview":"max-video-preview:-1"},"canonical":"https:\/\/www.calian.com\/fr\/locations\/","og_locale":"fr_FR","og_type":"article","og_title":"Emplacements - Calian Corporate","og_description":"D\u00e9couvrez la pr\u00e9sence mondiale de Calian. Avec des sites dans tout le Canada et dans le monde entier, notre r\u00e9seau \u00e9tendu vous assure que nous sommes toujours \u00e0 port\u00e9e de main.","og_url":"https:\/\/www.calian.com\/fr\/locations\/","og_site_name":"Calian Corporate","article_modified_time":"2026-02-18T14:08:48+00:00","og_image":[{"url":"https:\/\/www.calian.com\/app\/uploads\/sites\/9\/2024\/02\/Calian-global-locations-1024x576.jpg","type":"","width":"","height":""}],"twitter_card":"summary_large_image","twitter_misc":{"Est. reading time":"2 minutes"},"schema":{"@context":"https:\/\/schema.org","@graph":[{"@type":"WebPage","@id":"https:\/\/www.calian.com\/fr\/locations\/","url":"https:\/\/www.calian.com\/fr\/locations\/","name":"Emplacements - Calian Corporate","isPartOf":{"@id":"https:\/\/www.calian.com\/fr\/#website"},"primaryImageOfPage":{"@id":"https:\/\/www.calian.com\/fr\/locations\/#primaryimage"},"image":{"@id":"https:\/\/www.calian.com\/fr\/locations\/#primaryimage"},"thumbnailUrl":"https:\/\/sites.calian.com\/app\/uploads\/sites\/9\/2024\/02\/Calian-global-locations-1024x576.jpg","datePublished":"2024-02-28T01:16:03+00:00","dateModified":"2026-02-18T14:08:48+00:00","description":"D\u00e9couvrez la pr\u00e9sence mondiale de Calian. Avec des sites dans tout le Canada et dans le monde entier, notre r\u00e9seau \u00e9tendu vous assure que nous sommes toujours \u00e0 port\u00e9e de main.","breadcrumb":{"@id":"https:\/\/www.calian.com\/fr\/locations\/#breadcrumb"},"inLanguage":"fr-FR","potentialAction":[{"@type":"ReadAction","target":["https:\/\/www.calian.com\/fr\/locations\/"]}]},{"@type":"ImageObject","inLanguage":"fr-FR","@id":"https:\/\/www.calian.com\/fr\/locations\/#primaryimage","url":"https:\/\/sites.calian.com\/app\/uploads\/sites\/9\/2024\/02\/Calian-global-locations-1024x576.jpg","contentUrl":"https:\/\/sites.calian.com\/app\/uploads\/sites\/9\/2024\/02\/Calian-global-locations-1024x576.jpg"},{"@type":"BreadcrumbList","@id":"https:\/\/www.calian.com\/fr\/locations\/#breadcrumb","itemListElement":[{"@type":"ListItem","position":1,"name":"Accueil","item":"https:\/\/www.calian.com\/fr\/"},{"@type":"ListItem","position":2,"name":"Emplacements"}]},{"@type":"WebSite","@id":"https:\/\/www.calian.com\/fr\/#website","url":"https:\/\/www.calian.com\/fr\/","name":"Calian Corporate","description":"Just another WordPress site","publisher":{"@id":"https:\/\/www.calian.com\/fr\/#organization"},"potentialAction":[{"@type":"SearchAction","target":{"@type":"EntryPoint","urlTemplate":"https:\/\/www.calian.com\/fr\/?s={search_term_string}"},"query-input":{"@type":"PropertyValueSpecification","valueRequired":true,"valueName":"search_term_string"}}],"inLanguage":"fr-FR"},{"@type":"Organization","@id":"https:\/\/www.calian.com\/fr\/#organization","name":"Calian Corporate","url":"https:\/\/www.calian.com\/fr\/","logo":{"@type":"ImageObject","inLanguage":"fr-FR","@id":"https:\/\/www.calian.com\/fr\/#\/schema\/logo\/image\/","url":"https:\/\/sites.calian.com\/app\/uploads\/sites\/9\/2026\/01\/2026-Logo-Calian-FR-RGB-DIGITAL.svg","contentUrl":"https:\/\/sites.calian.com\/app\/uploads\/sites\/9\/2026\/01\/2026-Logo-Calian-FR-RGB-DIGITAL.svg","width":977,"height":648,"caption":"Calian Corporate"},"image":{"@id":"https:\/\/www.calian.com\/fr\/#\/schema\/logo\/image\/"}}]}},"_links":{"self":[{"href":"https:\/\/www.calian.com\/fr\/wp-json\/wp\/v2\/pages\/1599","targetHints":{"allow":["GET"]}}],"collection":[{"href":"https:\/\/www.calian.com\/fr\/wp-json\/wp\/v2\/pages"}],"about":[{"href":"https:\/\/www.calian.com\/fr\/wp-json\/wp\/v2\/types\/page"}],"author":[{"embeddable":true,"href":"https:\/\/www.calian.com\/fr\/wp-json\/wp\/v2\/users\/7592"}],"replies":[{"embeddable":true,"href":"https:\/\/www.calian.com\/fr\/wp-json\/wp\/v2\/comments?post=1599"}],"version-history":[{"count":40,"href":"https:\/\/www.calian.com\/fr\/wp-json\/wp\/v2\/pages\/1599\/revisions"}],"predecessor-version":[{"id":10231,"href":"https:\/\/www.calian.com\/fr\/wp-json\/wp\/v2\/pages\/1599\/revisions\/10231"}],"wp:attachment":[{"href":"https:\/\/www.calian.com\/fr\/wp-json\/wp\/v2\/media?parent=1599"}],"wp:term":[{"taxonomy":"solution","embeddable":true,"href":"https:\/\/www.calian.com\/fr\/wp-json\/wp\/v2\/solution?post=1599"},{"taxonomy":"industry","embeddable":true,"href":"https:\/\/www.calian.com\/fr\/wp-json\/wp\/v2\/industry?post=1599"},{"taxonomy":"type_classification","embeddable":true,"href":"https:\/\/www.calian.com\/fr\/wp-json\/wp\/v2\/type_classification?post=1599"}],"curies":[{"name":"wp","href":"https:\/\/api.w.org\/{rel}","templated":true}]}}