{"id":1541,"date":"2024-02-01T16:26:01","date_gmt":"2024-02-01T21:26:01","guid":{"rendered":"https:\/\/www.calian.com\/?page_id=1541"},"modified":"2026-02-23T16:57:28","modified_gmt":"2026-02-23T21:57:28","slug":"notre-equipe","status":"publish","type":"page","link":"https:\/\/www.calian.com\/fr\/notre-equipe\/","title":{"rendered":"Notre \u00e9quipe"},"content":{"rendered":"\n<div class=\"tbk-hydrate-component\" data-cid=\"5f868c23-99b6-480f-bca0-eacd0588c11d\" data-component=\"Hero\"><section class=\"calian-hero d-flex h-100 position-relative overflow-hidden nav-indent wp-block-calian-com-components-calian-hero media-position-wallpaper overlay-solid breadcrumbs-hidden\"><div class=\"container\"><div class=\"row\"><div class=\"calian-hero__content d-flex col-lg flex-column pb-3 justify-content-center h-100 text-left\"><div class=\"calian-hero__copy-wrapper\"><h1 class=\"calian-hero__heading\">Notre \u00e9quipe<\/h1><div class=\"calian-hero__text mt-2 mb-4\"><br \/><\/div><\/div><\/div><div class=\"calian-hero__media col-md w-100 h-100 media-style-wallpaper position-absolute opacity-25 top-0 start-0 p-0\"><div class=\"media-wrapper ml-auto mr-0 w-100 h-100\"><div class=\"advanced-image w-100 h-100\"><img decoding=\"async\" src=\"https:\/\/sites.calian.com\/app\/uploads\/sites\/9\/2024\/01\/Calian-Group-Ltd-1024x672.png\" alt=\"\" width=\"1024\" height=\"672\" class=\"calian-hero__image\" loading=\"lazy\" \/><\/div><\/div><\/div><\/div><\/div><div class=\"calian-hero__overlay overlay-solid position-absolute w-100 h-100 top-0 start-0 has-image\"><\/div><span><\/span><\/section><\/div>\n\n<div class=\"tbk-hydrate-component\" data-cid=\"d51ab1ad-bb55-4be3-8229-1bae8236e396\" data-component=\"CalianContainer\"><div class=\"calian-container calian-container-md wp-block-calian-com-components-calian-container\"><div>\n<div class=\"tbk-hydrate-component\" data-cid=\"2d858726-3f05-48a3-858c-324bf4adf683\" data-component=\"Spacer\"><div class=\"calian-spacer calian-spacer--medium wp-block-calian-com-components-calian-spacer\"><\/div><\/div>\n\n\n\n<h2 class=\"wp-block-heading has-text-align-center\">Nos collaborateurs font la diff\u00e9rence<\/h2>\n\n\n\n<p class=\"has-text-align-center has-medium-font-size\">Nos employ\u00e9s incarnent nos valeurs : int\u00e9grit\u00e9, travail d&#8217;\u00e9quipe, innovation, respect et engagement. Chaque membre de l&#8217;\u00e9quipe Calian travaille dur pour r\u00e9pondre aux besoins de nos clients. Notre succ\u00e8s est d\u00fb \u00e0 notre personnel talentueux et d\u00e9vou\u00e9, qui compte 6 100 personnes dans le monde entier.  <\/p>\n\n\n\n<div class=\"tbk-hydrate-component\" data-cid=\"917b8b6d-9900-4fb9-adf1-f5db9bca8a5e\" data-component=\"Spacer\"><div class=\"calian-spacer wp-block-calian-com-components-calian-spacer\"><\/div><\/div>\n<\/div><\/div><\/div>\n\n<div class=\"tbk-hydrate-component\" data-cid=\"ba693550-395e-437e-b8e5-6218514787c3\" data-component=\"Container\"><div class=\"container wp-block-tbk-components-container\" style=\"background-position:center;background-size:cover\"><div>\n<h2 class=\"wp-block-heading has-text-align-center has-large-font-size\">Notre \u00e9quipe de direction<\/h2>\n<\/div><\/div><\/div>\n\n<div class=\"tbk-hydrate-component\" data-cid=\"6233cfaf-eb0c-4f47-96a4-9d46eedbb018\" data-component=\"TeamListing\"><div><div class=\"d-flex justify-content-center p-1\"><div class=\"spinner-border text-primary \" role=\"status\" style=\"width:3rem;height:3rem\"><span class=\"visually-hidden\">Chargement&#8230;<\/span><\/div><\/div><\/div><\/div>\n\n<div class=\"tbk-hydrate-component\" data-cid=\"3e72ce7a-12d5-4d1f-82c8-7b619c08c957\" data-component=\"Spacer\"><div class=\"calian-spacer wp-block-calian-com-components-calian-spacer\"><\/div><\/div>\n\n<div class=\"tbk-hydrate-component\" data-cid=\"301e630e-2db4-4726-a2ca-530e516aaf21\" data-component=\"CTABar\"><div class=\"calian-cta-bar theme-dark wp-block-calian-com-components-calian-cta-bar\"><div class=\"calian-cta-bar__container container-fluid\"><div class=\"calian-cta-bar__vertical container-fluid position-relative\"><div class=\"row\"><div class=\"calian-cta-bar__vertical--content col-12\"><h2 class=\"calian-cta-bar__vertical--heading\">Vous \u00eates curieux de conna\u00eetre Calian?<\/h2><div class=\"calian-cta-bar__vertical--description\">Pour certains, vous connaissez d\u00e9j\u00e0 le travail que fait Calian depuis des ann\u00e9es. Pour d&#8217;autres, nous sommes peut-\u00eatre tout \u00e0 fait nouveaux. Apprenez \u00e0 nous conna\u00eetre et d\u00e9couvrir notre processus d\u2019embauche en parcourant nos postes disponibles d\u00e8s aujourd\u2019hui.<\/div><div class=\"calian-cta-bar__vertical--buttons\"><a href=\"https:\/\/careers.calian.com\/fr-ca\/careers\/\" class=\"btn btn-light\" target=\"_blank\" rel=\"noreferrer noopener\"><i class=\"icon icon-magnifying-glass\"><\/i>Rechercher des r\u00f4les<\/a><a href=\"https:\/\/careers.calian.com\/fr-ca\/faq\/\" class=\"btn btn-dark\" target=\"_blank\" rel=\"noreferrer noopener\"><i class=\"icon icon-question\"><\/i>Lire notre FAQ<\/a><\/div><\/div><\/div><\/div><\/div><\/div><\/div>\n\n<div class=\"tbk-hydrate-component\" data-cid=\"526f8a00-f849-4045-ad0d-e7bc8a16baa7\" data-component=\"Spacer\"><div class=\"calian-spacer wp-block-calian-com-components-calian-spacer\"><\/div><\/div>\n\n<div class=\"tbk-hydrate-component\" data-cid=\"9cba238b-2897-4238-87b2-454bf8fb40c8\" data-component=\"Spacer\"><div class=\"calian-spacer wp-block-calian-com-components-calian-spacer\"><\/div><\/div>\n","protected":false},"excerpt":{"rendered":"<p>Notre \u00e9quipe <br \/> Nos collaborateurs font la diff\u00e9rence <\/p>\n<p class=\"has-text-align-center has-medium-font-size\"> Nos employ\u00e9s incarnent nos valeurs : int\u00e9grit\u00e9, travail d&#8217;\u00e9quipe, innovation, respect et engagement. Chaque membre de l&#8217;\u00e9quipe Calian travaille dur pour r\u00e9pondre aux besoins de nos clients. Notre succ\u00e8s est d\u00fb \u00e0 notre personnel talentueux et d\u00e9vou\u00e9, qui compte 6 100 personnes dans le monde entier. <\/p>\n<p> Notre &hellip;<\/p>\n","protected":false},"author":1,"featured_media":0,"parent":0,"menu_order":0,"comment_status":"closed","ping_status":"closed","template":"","meta":{"_acf_changed":false,"content-type":"","footnotes":""},"solution":[],"industry":[],"type_classification":[],"class_list":["post-1541","page","type-page","status-publish","hentry"],"acf":[],"yoast_head":"<!-- This site is optimized with the Yoast SEO plugin v26.4 - https:\/\/yoast.com\/wordpress\/plugins\/seo\/ -->\n<title>Notre \u00e9quipe - Calian Corporate<\/title>\n<meta name=\"description\" content=\"Avec un groupe diversifi\u00e9 d&#039;experts d\u00e9di\u00e9s \u00e0 l&#039;innovation et \u00e0 la satisfaction des clients, notre \u00e9quipe fait avancer Calian.\" \/>\n<meta name=\"robots\" content=\"index, follow, max-snippet:-1, max-image-preview:large, max-video-preview:-1\" \/>\n<link rel=\"canonical\" href=\"https:\/\/www.calian.com\/fr\/notre-equipe\/\" \/>\n<meta property=\"og:locale\" content=\"fr_FR\" \/>\n<meta property=\"og:type\" content=\"article\" \/>\n<meta property=\"og:title\" content=\"Notre \u00e9quipe - Calian Corporate\" \/>\n<meta property=\"og:description\" content=\"Avec un groupe diversifi\u00e9 d&#039;experts d\u00e9di\u00e9s \u00e0 l&#039;innovation et \u00e0 la satisfaction des clients, notre \u00e9quipe fait avancer Calian.\" \/>\n<meta property=\"og:url\" content=\"https:\/\/www.calian.com\/fr\/notre-equipe\/\" \/>\n<meta property=\"og:site_name\" content=\"Calian Corporate\" \/>\n<meta property=\"article:modified_time\" content=\"2026-02-23T21:57:28+00:00\" \/>\n<meta property=\"og:image\" content=\"https:\/\/sites.calian.com\/app\/uploads\/sites\/9\/2024\/01\/Calian-Group-Ltd-1024x672.png\" \/>\n<meta name=\"twitter:card\" content=\"summary_large_image\" \/>\n<meta name=\"twitter:label1\" content=\"Est. reading time\" \/>\n\t<meta name=\"twitter:data1\" content=\"1 minute\" \/>\n<script type=\"application\/ld+json\" class=\"yoast-schema-graph\">{\"@context\":\"https:\/\/schema.org\",\"@graph\":[{\"@type\":\"WebPage\",\"@id\":\"https:\/\/www.calian.com\/fr\/notre-equipe\/\",\"url\":\"https:\/\/www.calian.com\/fr\/notre-equipe\/\",\"name\":\"Notre \u00e9quipe - Calian Corporate\",\"isPartOf\":{\"@id\":\"https:\/\/www.calian.com\/fr\/#website\"},\"primaryImageOfPage\":{\"@id\":\"https:\/\/www.calian.com\/fr\/notre-equipe\/#primaryimage\"},\"image\":{\"@id\":\"https:\/\/www.calian.com\/fr\/notre-equipe\/#primaryimage\"},\"thumbnailUrl\":\"https:\/\/sites.calian.com\/app\/uploads\/sites\/9\/2024\/01\/Calian-Group-Ltd-1024x672.png\",\"datePublished\":\"2024-02-01T21:26:01+00:00\",\"dateModified\":\"2026-02-23T21:57:28+00:00\",\"description\":\"Avec un groupe diversifi\u00e9 d'experts d\u00e9di\u00e9s \u00e0 l'innovation et \u00e0 la satisfaction des clients, notre \u00e9quipe fait avancer Calian.\",\"breadcrumb\":{\"@id\":\"https:\/\/www.calian.com\/fr\/notre-equipe\/#breadcrumb\"},\"inLanguage\":\"fr-FR\",\"potentialAction\":[{\"@type\":\"ReadAction\",\"target\":[\"https:\/\/www.calian.com\/fr\/notre-equipe\/\"]}]},{\"@type\":\"ImageObject\",\"inLanguage\":\"fr-FR\",\"@id\":\"https:\/\/www.calian.com\/fr\/notre-equipe\/#primaryimage\",\"url\":\"https:\/\/sites.calian.com\/app\/uploads\/sites\/9\/2024\/01\/Calian-Group-Ltd-1024x672.png\",\"contentUrl\":\"https:\/\/sites.calian.com\/app\/uploads\/sites\/9\/2024\/01\/Calian-Group-Ltd-1024x672.png\"},{\"@type\":\"BreadcrumbList\",\"@id\":\"https:\/\/www.calian.com\/fr\/notre-equipe\/#breadcrumb\",\"itemListElement\":[{\"@type\":\"ListItem\",\"position\":1,\"name\":\"Accueil\",\"item\":\"https:\/\/www.calian.com\/fr\/\"},{\"@type\":\"ListItem\",\"position\":2,\"name\":\"Notre \u00e9quipe\"}]},{\"@type\":\"WebSite\",\"@id\":\"https:\/\/www.calian.com\/fr\/#website\",\"url\":\"https:\/\/www.calian.com\/fr\/\",\"name\":\"Calian Corporate\",\"description\":\"Just another WordPress site\",\"publisher\":{\"@id\":\"https:\/\/www.calian.com\/fr\/#organization\"},\"potentialAction\":[{\"@type\":\"SearchAction\",\"target\":{\"@type\":\"EntryPoint\",\"urlTemplate\":\"https:\/\/www.calian.com\/fr\/?s={search_term_string}\"},\"query-input\":{\"@type\":\"PropertyValueSpecification\",\"valueRequired\":true,\"valueName\":\"search_term_string\"}}],\"inLanguage\":\"fr-FR\"},{\"@type\":\"Organization\",\"@id\":\"https:\/\/www.calian.com\/fr\/#organization\",\"name\":\"Calian Corporate\",\"url\":\"https:\/\/www.calian.com\/fr\/\",\"logo\":{\"@type\":\"ImageObject\",\"inLanguage\":\"fr-FR\",\"@id\":\"https:\/\/www.calian.com\/fr\/#\/schema\/logo\/image\/\",\"url\":\"https:\/\/sites.calian.com\/app\/uploads\/sites\/9\/2026\/01\/2026-Logo-Calian-FR-RGB-DIGITAL.svg\",\"contentUrl\":\"https:\/\/sites.calian.com\/app\/uploads\/sites\/9\/2026\/01\/2026-Logo-Calian-FR-RGB-DIGITAL.svg\",\"width\":977,\"height\":648,\"caption\":\"Calian Corporate\"},\"image\":{\"@id\":\"https:\/\/www.calian.com\/fr\/#\/schema\/logo\/image\/\"}}]}<\/script>\n<!-- \/ Yoast SEO plugin. -->","yoast_head_json":{"title":"Notre \u00e9quipe - Calian Corporate","description":"Avec un groupe diversifi\u00e9 d'experts d\u00e9di\u00e9s \u00e0 l'innovation et \u00e0 la satisfaction des clients, notre \u00e9quipe fait avancer Calian.","robots":{"index":"index","follow":"follow","max-snippet":"max-snippet:-1","max-image-preview":"max-image-preview:large","max-video-preview":"max-video-preview:-1"},"canonical":"https:\/\/www.calian.com\/fr\/notre-equipe\/","og_locale":"fr_FR","og_type":"article","og_title":"Notre \u00e9quipe - Calian Corporate","og_description":"Avec un groupe diversifi\u00e9 d'experts d\u00e9di\u00e9s \u00e0 l'innovation et \u00e0 la satisfaction des clients, notre \u00e9quipe fait avancer Calian.","og_url":"https:\/\/www.calian.com\/fr\/notre-equipe\/","og_site_name":"Calian Corporate","article_modified_time":"2026-02-23T21:57:28+00:00","og_image":[{"url":"https:\/\/sites.calian.com\/app\/uploads\/sites\/9\/2024\/01\/Calian-Group-Ltd-1024x672.png","type":"","width":"","height":""}],"twitter_card":"summary_large_image","twitter_misc":{"Est. reading time":"1 minute"},"schema":{"@context":"https:\/\/schema.org","@graph":[{"@type":"WebPage","@id":"https:\/\/www.calian.com\/fr\/notre-equipe\/","url":"https:\/\/www.calian.com\/fr\/notre-equipe\/","name":"Notre \u00e9quipe - Calian Corporate","isPartOf":{"@id":"https:\/\/www.calian.com\/fr\/#website"},"primaryImageOfPage":{"@id":"https:\/\/www.calian.com\/fr\/notre-equipe\/#primaryimage"},"image":{"@id":"https:\/\/www.calian.com\/fr\/notre-equipe\/#primaryimage"},"thumbnailUrl":"https:\/\/sites.calian.com\/app\/uploads\/sites\/9\/2024\/01\/Calian-Group-Ltd-1024x672.png","datePublished":"2024-02-01T21:26:01+00:00","dateModified":"2026-02-23T21:57:28+00:00","description":"Avec un groupe diversifi\u00e9 d'experts d\u00e9di\u00e9s \u00e0 l'innovation et \u00e0 la satisfaction des clients, notre \u00e9quipe fait avancer Calian.","breadcrumb":{"@id":"https:\/\/www.calian.com\/fr\/notre-equipe\/#breadcrumb"},"inLanguage":"fr-FR","potentialAction":[{"@type":"ReadAction","target":["https:\/\/www.calian.com\/fr\/notre-equipe\/"]}]},{"@type":"ImageObject","inLanguage":"fr-FR","@id":"https:\/\/www.calian.com\/fr\/notre-equipe\/#primaryimage","url":"https:\/\/sites.calian.com\/app\/uploads\/sites\/9\/2024\/01\/Calian-Group-Ltd-1024x672.png","contentUrl":"https:\/\/sites.calian.com\/app\/uploads\/sites\/9\/2024\/01\/Calian-Group-Ltd-1024x672.png"},{"@type":"BreadcrumbList","@id":"https:\/\/www.calian.com\/fr\/notre-equipe\/#breadcrumb","itemListElement":[{"@type":"ListItem","position":1,"name":"Accueil","item":"https:\/\/www.calian.com\/fr\/"},{"@type":"ListItem","position":2,"name":"Notre \u00e9quipe"}]},{"@type":"WebSite","@id":"https:\/\/www.calian.com\/fr\/#website","url":"https:\/\/www.calian.com\/fr\/","name":"Calian Corporate","description":"Just another WordPress site","publisher":{"@id":"https:\/\/www.calian.com\/fr\/#organization"},"potentialAction":[{"@type":"SearchAction","target":{"@type":"EntryPoint","urlTemplate":"https:\/\/www.calian.com\/fr\/?s={search_term_string}"},"query-input":{"@type":"PropertyValueSpecification","valueRequired":true,"valueName":"search_term_string"}}],"inLanguage":"fr-FR"},{"@type":"Organization","@id":"https:\/\/www.calian.com\/fr\/#organization","name":"Calian Corporate","url":"https:\/\/www.calian.com\/fr\/","logo":{"@type":"ImageObject","inLanguage":"fr-FR","@id":"https:\/\/www.calian.com\/fr\/#\/schema\/logo\/image\/","url":"https:\/\/sites.calian.com\/app\/uploads\/sites\/9\/2026\/01\/2026-Logo-Calian-FR-RGB-DIGITAL.svg","contentUrl":"https:\/\/sites.calian.com\/app\/uploads\/sites\/9\/2026\/01\/2026-Logo-Calian-FR-RGB-DIGITAL.svg","width":977,"height":648,"caption":"Calian Corporate"},"image":{"@id":"https:\/\/www.calian.com\/fr\/#\/schema\/logo\/image\/"}}]}},"_links":{"self":[{"href":"https:\/\/www.calian.com\/fr\/wp-json\/wp\/v2\/pages\/1541","targetHints":{"allow":["GET"]}}],"collection":[{"href":"https:\/\/www.calian.com\/fr\/wp-json\/wp\/v2\/pages"}],"about":[{"href":"https:\/\/www.calian.com\/fr\/wp-json\/wp\/v2\/types\/page"}],"author":[{"embeddable":true,"href":"https:\/\/www.calian.com\/fr\/wp-json\/wp\/v2\/users\/1"}],"replies":[{"embeddable":true,"href":"https:\/\/www.calian.com\/fr\/wp-json\/wp\/v2\/comments?post=1541"}],"version-history":[{"count":35,"href":"https:\/\/www.calian.com\/fr\/wp-json\/wp\/v2\/pages\/1541\/revisions"}],"predecessor-version":[{"id":10318,"href":"https:\/\/www.calian.com\/fr\/wp-json\/wp\/v2\/pages\/1541\/revisions\/10318"}],"wp:attachment":[{"href":"https:\/\/www.calian.com\/fr\/wp-json\/wp\/v2\/media?parent=1541"}],"wp:term":[{"taxonomy":"solution","embeddable":true,"href":"https:\/\/www.calian.com\/fr\/wp-json\/wp\/v2\/solution?post=1541"},{"taxonomy":"industry","embeddable":true,"href":"https:\/\/www.calian.com\/fr\/wp-json\/wp\/v2\/industry?post=1541"},{"taxonomy":"type_classification","embeddable":true,"href":"https:\/\/www.calian.com\/fr\/wp-json\/wp\/v2\/type_classification?post=1541"}],"curies":[{"name":"wp","href":"https:\/\/api.w.org\/{rel}","templated":true}]}}